{"id":2474,"date":"2016-07-20T20:40:06","date_gmt":"2016-07-20T18:40:06","guid":{"rendered":"http:\/\/korsarger3500.de\/?page_id=2474"},"modified":"2022-06-14T08:31:28","modified_gmt":"2022-06-14T06:31:28","slug":"korsarenpreis-goldkanal-2016","status":"publish","type":"page","link":"https:\/\/korsarger3500.de\/index.php\/korsarenpreis-goldkanal-2016\/","title":{"rendered":"Korsarenpreis Goldkanal 2016"},"content":{"rendered":"<p style=\"text-align: justify;\">Mal wieder zum Goldkanal, &#8211; das ist sch\u00f6n. Wir waren ja dieses Jahr schon mal zum Training da. Saukalt war es da. Diesmal war aber super Wetter, so dass wir Samstags gem\u00fctlich die bekannten Wege durch die Pfalz nahmen und zum Goldkanal fuhren. Es waren 19 Schiffe angemeldet und so freute ich mich viele Bekannte zu treffen. Als wir ankamen waren auch schon mehr als die H\u00e4lfte der Crews da und die Begr\u00fc\u00dfungsrunde meiner Crew wurde entsprechend lang. W\u00e4hrend ich dann aufgebaut wurde, trudelten die restlichen Schiffe ein. Ein Schiff war mir bislang noch nicht aufgefallen. Die <em>BlackBox &#8211; <\/em>ganz in wei\u00df.<a href=\"http:\/\/korsarger3500.de\/wp-content\/uploads\/2016\/07\/gk005.jpg\" rel=\"attachment wp-att-2440\" data-lbwps-width=\"4000\" data-lbwps-height=\"3000\" data-lbwps-srcsmall=\"https:\/\/korsarger3500.de\/wp-content\/uploads\/2016\/07\/gk005-300x225.jpg\"><img loading=\"lazy\" decoding=\"async\" class=\"alignright wp-image-2440 size-thumbnail\" src=\"http:\/\/korsarger3500.de\/wp-content\/uploads\/2016\/07\/gk005-150x150.jpg\" alt=\"Black Box\" width=\"150\" height=\"150\" \/><\/a>\u00a0 Nachdem die Crew sich angemeldet hatte war dann auch bald Steuermannsbesprechung. Dort wurde schon vorab ein Anlegebier ausgelobt, falls sich alle ordentlich auf den Kursen benehmen. Gegen 13:30 sind wir dann auf Wasser. Der Wind war m\u00e4\u00dfig bis unregelm\u00e4\u00dfig. Kurz nach dem Start, der nicht so toll war, entschied der Skipper, den etwas l\u00e4ngeren Weg links um die Insel herum zu nehmen. Die Schottin wollte das wohl nicht, den Sie bemerkte \u00f6fters &#8222;Die da rechts kommen viel schneller voran&#8220;. Das sorgte dann f\u00fcr eine etwas frostige Stimmung in meinem Rumpf. Gut das <em>Plan B<\/em> auch diesen Weg gew\u00e4hlt hatte, war er doch einer der Lokalmatadoren. Und wir waren links im Flautenloch nicht ganz so alleine. Irgendwann kam dann doch die leichte Brise, auf die der Skipper gebaut hatte und wir holten bis zur Luvtonne wieder das halbe Feld ein. Ein guter Spikurs und ein gelungenes Man\u00f6ver um die Leetonne und es reichte f\u00fcr Platz 8 in diesem Lauf. Der Wind wurde immer weniger und so endete der Tag mit nur einer Wettfahrt. Am Ufer angekommen warteten schon einige mit dem versprochen Anlegebier. Ich lag mit den Andern auf dem Liegeplatz und lie\u00df mir die Sonne auf das Deck scheinen. Die Crews widmeten sich weiter dem Anlegebier und nach dem Abendessen ging es dann gleich zum Cremant \u00fcber, den die <em>Plan B<\/em> Crew gestiftet hatte. Alle sa\u00dfen in gem\u00fctlicher Runde beisammen und lie\u00dfen sich von den gef\u00fchlten Millionen Stechm\u00fccken &#8222;fressen&#8220;. Zur sp\u00e4ter Stunde\u00a0 ist meine Crew dann ab zur Pension und einige andere Crews sind\u00a0 zum Anglerfest weiter getigert. Am n\u00e4chsten Morgen war anfangs noch etwas Wind und ich freute ich auf einen sch\u00f6nen Regattatag. Wir waren um 10:00 startbereit auf dem Wasser und es wurde auch gleich eine Wettfahrt angeschossen bzw. angehupt. Der\u00a0 Start w\u00e4re hervorragend geworden, hatten wir doch zusammen mit <em>blue sunshine<\/em> als Einzigste erkannt das ein Steuerbordstart die bessere Startalternative war. Das sah der Wettfahrtleiter dann auch und brach den Start ab. Beim n\u00e4chsten Start mit korrigierter Linie tummelten sich alle am Startschiff und wir waren etwas eingeklemmt. Das hei\u00dft der Start war weniger gut und wir sind mit den Letzten \u00fcber die Linie. Wir segelten uns auf der Kreuz aber gut heran und entschieden uns unter Spi auch f\u00fcr die richtige Seeseite. Dem Gerangel am Leefass konnten wir ausweichen und auch dort wieder einige Pl\u00e4tze gutmachen. Ein sechster Platz um Haaresbreite hinter <em>vajra<\/em> war der Lohn. Die Crew freute sich genau so \u00fcber diesen Platz wie die Crew von <em>Traumschiff<\/em>. Diese hatte den Lauf gewonnen. Dann hie\u00df es weiter warten auf Wind. Der <em>Minimax<\/em> Steuermann f\u00fchrte einen Windtanz auf, meine Crew trommelte auf meinem Deck den entsprechenden Rhythmus, aber es half nicht wirklich, es kam kein richtiger Wettfahrtwind mehr auf. Es wurde zwar noch ein Start gefahren aber gleich wieder abgeschossen und damit war das Harbour Race er\u00f6ffnet. Wir nutzten eine klitzekleine B\u00f6e aus und konnten dadurch das Race gewinnen. Leider gibt es daf\u00fcr keine Punkte.\u00a0 Auf dem R\u00fcckweg kam dann noch die Jury bei uns vorbei und wollte, dass die Crew mal das pumpen bei wenig Wind vorf\u00fchrt. Das haben wir dann auch artig gemacht. F\u00fcr das <strong>nicht<\/strong> W<strong>issen<\/strong> wie pumpen geht gabs dann sp\u00e4ter den Fair Play Preis, den die Crew der <em>BlackBox<\/em> gewonnen hat. Dann hie\u00df es f\u00fcr die Crew nach der Siegerehrung erst mal eine Runde schwimmen, denn es war\u00a0 sehr hei\u00df geworden. Anschlie\u00dfend war ich auch rasch zusammengepackt und alles wurde verstaut. Mit der \u00fcblichen Verabschiedungsrunde endete dieser lustige Tag am Goldkanal und wir machten uns auf die Heimreise.<\/p>\n<div id='gallery-1' class='gallery galleryid-2474 gallery-columns-4 gallery-size-thumbnail'><figure class='gallery-item'>\n\t\t\t<div class='gallery-icon landscape'>\n\t\t\t\t<a href='https:\/\/korsarger3500.de\/wp-content\/uploads\/2016\/07\/gk057.jpg'><img loading=\"lazy\" decoding=\"async\" width=\"150\" height=\"150\" src=\"https:\/\/korsarger3500.de\/wp-content\/uploads\/2016\/07\/gk057-150x150.jpg\" class=\"attachment-thumbnail size-thumbnail\" alt=\"\" \/><\/a>\n\t\t\t<\/div><\/figure><figure class='gallery-item'>\n\t\t\t<div class='gallery-icon landscape'>\n\t\t\t\t<a href='https:\/\/korsarger3500.de\/wp-content\/uploads\/2016\/07\/gk002.jpg'><img loading=\"lazy\" decoding=\"async\" width=\"150\" height=\"150\" src=\"https:\/\/korsarger3500.de\/wp-content\/uploads\/2016\/07\/gk002-150x150.jpg\" class=\"attachment-thumbnail size-thumbnail\" alt=\"\" \/><\/a>\n\t\t\t<\/div><\/figure><figure class='gallery-item'>\n\t\t\t<div class='gallery-icon landscape'>\n\t\t\t\t<a href='https:\/\/korsarger3500.de\/wp-content\/uploads\/2016\/07\/gk037.jpg'><img loading=\"lazy\" decoding=\"async\" width=\"150\" height=\"150\" src=\"https:\/\/korsarger3500.de\/wp-content\/uploads\/2016\/07\/gk037-150x150.jpg\" class=\"attachment-thumbnail size-thumbnail\" alt=\"\" \/><\/a>\n\t\t\t<\/div><\/figure><figure class='gallery-item'>\n\t\t\t<div class='gallery-icon landscape'>\n\t\t\t\t<a href='https:\/\/korsarger3500.de\/wp-content\/uploads\/2016\/07\/gk007.jpg'><img loading=\"lazy\" decoding=\"async\" width=\"150\" height=\"150\" src=\"https:\/\/korsarger3500.de\/wp-content\/uploads\/2016\/07\/gk007-150x150.jpg\" class=\"attachment-thumbnail size-thumbnail\" alt=\"\" \/><\/a>\n\t\t\t<\/div><\/figure><figure class='gallery-item'>\n\t\t\t<div class='gallery-icon landscape'>\n\t\t\t\t<a href='https:\/\/korsarger3500.de\/wp-content\/uploads\/2016\/07\/gk043.jpg'><img loading=\"lazy\" decoding=\"async\" width=\"150\" height=\"150\" src=\"https:\/\/korsarger3500.de\/wp-content\/uploads\/2016\/07\/gk043-150x150.jpg\" class=\"attachment-thumbnail size-thumbnail\" alt=\"\" \/><\/a>\n\t\t\t<\/div><\/figure><figure class='gallery-item'>\n\t\t\t<div class='gallery-icon landscape'>\n\t\t\t\t<a href='https:\/\/korsarger3500.de\/wp-content\/uploads\/2016\/07\/gk044.jpg'><img loading=\"lazy\" decoding=\"async\" width=\"150\" height=\"150\" src=\"https:\/\/korsarger3500.de\/wp-content\/uploads\/2016\/07\/gk044-150x150.jpg\" class=\"attachment-thumbnail size-thumbnail\" alt=\"\" \/><\/a>\n\t\t\t<\/div><\/figure><figure class='gallery-item'>\n\t\t\t<div class='gallery-icon landscape'>\n\t\t\t\t<a href='https:\/\/korsarger3500.de\/wp-content\/uploads\/2016\/07\/gk045.jpg'><img loading=\"lazy\" decoding=\"async\" width=\"150\" height=\"150\" src=\"https:\/\/korsarger3500.de\/wp-content\/uploads\/2016\/07\/gk045-150x150.jpg\" class=\"attachment-thumbnail size-thumbnail\" alt=\"\" \/><\/a>\n\t\t\t<\/div><\/figure><figure class='gallery-item'>\n\t\t\t<div class='gallery-icon landscape'>\n\t\t\t\t<a href='https:\/\/korsarger3500.de\/wp-content\/uploads\/2016\/07\/gk046.jpg'><img loading=\"lazy\" decoding=\"async\" width=\"150\" height=\"150\" src=\"https:\/\/korsarger3500.de\/wp-content\/uploads\/2016\/07\/gk046-150x150.jpg\" class=\"attachment-thumbnail size-thumbnail\" alt=\"\" \/><\/a>\n\t\t\t<\/div><\/figure><figure class='gallery-item'>\n\t\t\t<div class='gallery-icon landscape'>\n\t\t\t\t<a href='https:\/\/korsarger3500.de\/wp-content\/uploads\/2016\/07\/gk042.jpg'><img loading=\"lazy\" decoding=\"async\" width=\"150\" height=\"150\" src=\"https:\/\/korsarger3500.de\/wp-content\/uploads\/2016\/07\/gk042-150x150.jpg\" class=\"attachment-thumbnail size-thumbnail\" alt=\"\" \/><\/a>\n\t\t\t<\/div><\/figure><figure class='gallery-item'>\n\t\t\t<div class='gallery-icon landscape'>\n\t\t\t\t<a href='https:\/\/korsarger3500.de\/wp-content\/uploads\/2016\/07\/gk047.jpg'><img loading=\"lazy\" decoding=\"async\" width=\"150\" height=\"150\" src=\"https:\/\/korsarger3500.de\/wp-content\/uploads\/2016\/07\/gk047-150x150.jpg\" class=\"attachment-thumbnail size-thumbnail\" alt=\"\" \/><\/a>\n\t\t\t<\/div><\/figure><figure class='gallery-item'>\n\t\t\t<div class='gallery-icon landscape'>\n\t\t\t\t<a href='https:\/\/korsarger3500.de\/wp-content\/uploads\/2016\/07\/gk032.jpg'><img loading=\"lazy\" decoding=\"async\" width=\"150\" height=\"150\" src=\"https:\/\/korsarger3500.de\/wp-content\/uploads\/2016\/07\/gk032-150x150.jpg\" class=\"attachment-thumbnail size-thumbnail\" alt=\"\" \/><\/a>\n\t\t\t<\/div><\/figure><figure class='gallery-item'>\n\t\t\t<div class='gallery-icon landscape'>\n\t\t\t\t<a href='https:\/\/korsarger3500.de\/wp-content\/uploads\/2016\/07\/gk033.jpg'><img loading=\"lazy\" decoding=\"async\" width=\"150\" height=\"150\" src=\"https:\/\/korsarger3500.de\/wp-content\/uploads\/2016\/07\/gk033-150x150.jpg\" class=\"attachment-thumbnail size-thumbnail\" alt=\"\" \/><\/a>\n\t\t\t<\/div><\/figure><figure class='gallery-item'>\n\t\t\t<div class='gallery-icon landscape'>\n\t\t\t\t<a href='https:\/\/korsarger3500.de\/wp-content\/uploads\/2016\/07\/gk031.jpg'><img loading=\"lazy\" decoding=\"async\" width=\"150\" height=\"150\" src=\"https:\/\/korsarger3500.de\/wp-content\/uploads\/2016\/07\/gk031-150x150.jpg\" class=\"attachment-thumbnail size-thumbnail\" alt=\"\" \/><\/a>\n\t\t\t<\/div><\/figure><figure class='gallery-item'>\n\t\t\t<div class='gallery-icon landscape'>\n\t\t\t\t<a href='https:\/\/korsarger3500.de\/wp-content\/uploads\/2016\/07\/gk030.jpg'><img loading=\"lazy\" decoding=\"async\" width=\"150\" height=\"150\" src=\"https:\/\/korsarger3500.de\/wp-content\/uploads\/2016\/07\/gk030-150x150.jpg\" class=\"attachment-thumbnail size-thumbnail\" alt=\"\" \/><\/a>\n\t\t\t<\/div><\/figure><figure class='gallery-item'>\n\t\t\t<div class='gallery-icon landscape'>\n\t\t\t\t<a href='https:\/\/korsarger3500.de\/wp-content\/uploads\/2016\/07\/gk036.jpg'><img loading=\"lazy\" decoding=\"async\" width=\"150\" height=\"150\" src=\"https:\/\/korsarger3500.de\/wp-content\/uploads\/2016\/07\/gk036-150x150.jpg\" class=\"attachment-thumbnail size-thumbnail\" alt=\"\" \/><\/a>\n\t\t\t<\/div><\/figure><figure class='gallery-item'>\n\t\t\t<div class='gallery-icon landscape'>\n\t\t\t\t<a href='https:\/\/korsarger3500.de\/wp-content\/uploads\/2016\/07\/gk040.jpg'><img loading=\"lazy\" decoding=\"async\" width=\"150\" height=\"150\" src=\"https:\/\/korsarger3500.de\/wp-content\/uploads\/2016\/07\/gk040-150x150.jpg\" class=\"attachment-thumbnail size-thumbnail\" alt=\"\" \/><\/a>\n\t\t\t<\/div><\/figure><figure class='gallery-item'>\n\t\t\t<div class='gallery-icon landscape'>\n\t\t\t\t<a href='https:\/\/korsarger3500.de\/wp-content\/uploads\/2016\/07\/gk023.jpg'><img loading=\"lazy\" decoding=\"async\" width=\"150\" height=\"150\" src=\"https:\/\/korsarger3500.de\/wp-content\/uploads\/2016\/07\/gk023-150x150.jpg\" class=\"attachment-thumbnail size-thumbnail\" alt=\"\" \/><\/a>\n\t\t\t<\/div><\/figure><figure class='gallery-item'>\n\t\t\t<div class='gallery-icon landscape'>\n\t\t\t\t<a href='https:\/\/korsarger3500.de\/wp-content\/uploads\/2016\/07\/gk022.jpg'><img loading=\"lazy\" decoding=\"async\" width=\"150\" height=\"150\" src=\"https:\/\/korsarger3500.de\/wp-content\/uploads\/2016\/07\/gk022-150x150.jpg\" class=\"attachment-thumbnail size-thumbnail\" alt=\"\" \/><\/a>\n\t\t\t<\/div><\/figure><figure class='gallery-item'>\n\t\t\t<div class='gallery-icon landscape'>\n\t\t\t\t<a href='https:\/\/korsarger3500.de\/wp-content\/uploads\/2016\/07\/gk021.jpg'><img loading=\"lazy\" decoding=\"async\" width=\"150\" height=\"150\" src=\"https:\/\/korsarger3500.de\/wp-content\/uploads\/2016\/07\/gk021-150x150.jpg\" class=\"attachment-thumbnail size-thumbnail\" alt=\"\" \/><\/a>\n\t\t\t<\/div><\/figure><figure class='gallery-item'>\n\t\t\t<div class='gallery-icon landscape'>\n\t\t\t\t<a href='https:\/\/korsarger3500.de\/wp-content\/uploads\/2016\/07\/gk020.jpg'><img loading=\"lazy\" decoding=\"async\" width=\"150\" height=\"150\" src=\"https:\/\/korsarger3500.de\/wp-content\/uploads\/2016\/07\/gk020-150x150.jpg\" class=\"attachment-thumbnail size-thumbnail\" alt=\"\" \/><\/a>\n\t\t\t<\/div><\/figure><figure class='gallery-item'>\n\t\t\t<div class='gallery-icon landscape'>\n\t\t\t\t<a href='https:\/\/korsarger3500.de\/wp-content\/uploads\/2016\/07\/gk019.jpg'><img loading=\"lazy\" decoding=\"async\" width=\"150\" height=\"150\" src=\"https:\/\/korsarger3500.de\/wp-content\/uploads\/2016\/07\/gk019-150x150.jpg\" class=\"attachment-thumbnail size-thumbnail\" alt=\"\" \/><\/a>\n\t\t\t<\/div><\/figure><figure class='gallery-item'>\n\t\t\t<div class='gallery-icon landscape'>\n\t\t\t\t<a href='https:\/\/korsarger3500.de\/wp-content\/uploads\/2016\/07\/gk006.jpg'><img loading=\"lazy\" decoding=\"async\" width=\"150\" height=\"150\" src=\"https:\/\/korsarger3500.de\/wp-content\/uploads\/2016\/07\/gk006-150x150.jpg\" class=\"attachment-thumbnail size-thumbnail\" alt=\"\" \/><\/a>\n\t\t\t<\/div><\/figure><figure class='gallery-item'>\n\t\t\t<div class='gallery-icon landscape'>\n\t\t\t\t<a href='https:\/\/korsarger3500.de\/wp-content\/uploads\/2016\/07\/gk051.jpg'><img loading=\"lazy\" decoding=\"async\" width=\"150\" height=\"150\" src=\"https:\/\/korsarger3500.de\/wp-content\/uploads\/2016\/07\/gk051-150x150.jpg\" class=\"attachment-thumbnail size-thumbnail\" alt=\"\" \/><\/a>\n\t\t\t<\/div><\/figure><figure class='gallery-item'>\n\t\t\t<div class='gallery-icon landscape'>\n\t\t\t\t<a href='https:\/\/korsarger3500.de\/wp-content\/uploads\/2016\/07\/gk035.jpg'><img loading=\"lazy\" decoding=\"async\" width=\"150\" height=\"150\" src=\"https:\/\/korsarger3500.de\/wp-content\/uploads\/2016\/07\/gk035-150x150.jpg\" class=\"attachment-thumbnail size-thumbnail\" alt=\"\" \/><\/a>\n\t\t\t<\/div><\/figure><figure class='gallery-item'>\n\t\t\t<div class='gallery-icon landscape'>\n\t\t\t\t<a href='https:\/\/korsarger3500.de\/wp-content\/uploads\/2016\/07\/gk049.jpg'><img loading=\"lazy\" decoding=\"async\" width=\"150\" height=\"150\" src=\"https:\/\/korsarger3500.de\/wp-content\/uploads\/2016\/07\/gk049-150x150.jpg\" class=\"attachment-thumbnail size-thumbnail\" alt=\"\" \/><\/a>\n\t\t\t<\/div><\/figure><figure class='gallery-item'>\n\t\t\t<div class='gallery-icon landscape'>\n\t\t\t\t<a href='https:\/\/korsarger3500.de\/wp-content\/uploads\/2016\/07\/gk050.jpg'><img loading=\"lazy\" decoding=\"async\" width=\"150\" height=\"150\" src=\"https:\/\/korsarger3500.de\/wp-content\/uploads\/2016\/07\/gk050-150x150.jpg\" class=\"attachment-thumbnail size-thumbnail\" alt=\"\" \/><\/a>\n\t\t\t<\/div><\/figure><figure class='gallery-item'>\n\t\t\t<div class='gallery-icon landscape'>\n\t\t\t\t<a href='https:\/\/korsarger3500.de\/wp-content\/uploads\/2016\/07\/gk048.jpg'><img loading=\"lazy\" decoding=\"async\" width=\"150\" height=\"150\" src=\"https:\/\/korsarger3500.de\/wp-content\/uploads\/2016\/07\/gk048-150x150.jpg\" class=\"attachment-thumbnail size-thumbnail\" alt=\"\" \/><\/a>\n\t\t\t<\/div><\/figure><figure class='gallery-item'>\n\t\t\t<div class='gallery-icon landscape'>\n\t\t\t\t<a href='https:\/\/korsarger3500.de\/wp-content\/uploads\/2016\/07\/gk056.jpg'><img loading=\"lazy\" decoding=\"async\" width=\"150\" height=\"150\" src=\"https:\/\/korsarger3500.de\/wp-content\/uploads\/2016\/07\/gk056-150x150.jpg\" class=\"attachment-thumbnail size-thumbnail\" alt=\"\" \/><\/a>\n\t\t\t<\/div><\/figure><figure class='gallery-item'>\n\t\t\t<div class='gallery-icon landscape'>\n\t\t\t\t<a href='https:\/\/korsarger3500.de\/wp-content\/uploads\/2016\/07\/gk055.jpg'><img loading=\"lazy\" decoding=\"async\" width=\"150\" height=\"150\" src=\"https:\/\/korsarger3500.de\/wp-content\/uploads\/2016\/07\/gk055-150x150.jpg\" class=\"attachment-thumbnail size-thumbnail\" alt=\"\" \/><\/a>\n\t\t\t<\/div><\/figure><figure class='gallery-item'>\n\t\t\t<div class='gallery-icon landscape'>\n\t\t\t\t<a href='https:\/\/korsarger3500.de\/wp-content\/uploads\/2016\/07\/gk054.jpg'><img loading=\"lazy\" decoding=\"async\" width=\"150\" height=\"150\" src=\"https:\/\/korsarger3500.de\/wp-content\/uploads\/2016\/07\/gk054-150x150.jpg\" class=\"attachment-thumbnail size-thumbnail\" alt=\"\" \/><\/a>\n\t\t\t<\/div><\/figure>\n\t\t<\/div>\n\n<p style=\"text-align: justify;\">Ah so, gewonnen hat <em>3741<\/em> mit Dietmar und Peter<\/p>\n<p><a href=\"https:\/\/korsarger3500.de\/wp-content\/uploads\/2022\/06\/2ss16_Goldkanal.jpg\" data-lbwps-width=\"945\" data-lbwps-height=\"437\" data-lbwps-srcsmall=\"https:\/\/korsarger3500.de\/wp-content\/uploads\/2022\/06\/2ss16_Goldkanal-300x139.jpg\">Ergebnis<\/a><\/p>\n<p><a href=\"http:\/\/korsarger3500.de\/index.php\/achensee-oesterreich-2016\/\">Weiter<\/a>\u2026oder zur <a href=\"http:\/\/korsarger3500.de\/\">Startseite<\/a><\/p>\n","protected":false},"excerpt":{"rendered":"<p>Mal wieder zum Goldkanal, &#8211; das ist sch\u00f6n. Wir waren ja dieses Jahr schon mal zum Training da. Saukalt war es da. Diesmal war aber super Wetter, so dass wir Samstags gem\u00fctlich die bekannten Wege durch die Pfalz nahmen und zum Goldkanal fuhren. Es waren 19 Schiffe angemeldet und so freute ich mich viele Bekannte &hellip; <a href=\"https:\/\/korsarger3500.de\/index.php\/korsarenpreis-goldkanal-2016\/\" class=\"more-link\"><span class=\"screen-reader-text\">Korsarenpreis Goldkanal 2016<\/span> weiterlesen<\/a><\/p>\n","protected":false},"author":1,"featured_media":0,"parent":0,"menu_order":0,"comment_status":"closed","ping_status":"closed","template":"","meta":{"footnotes":""},"class_list":["post-2474","page","type-page","status-publish","hentry"],"_links":{"self":[{"href":"https:\/\/korsarger3500.de\/index.php\/wp-json\/wp\/v2\/pages\/2474","targetHints":{"allow":["GET"]}}],"collection":[{"href":"https:\/\/korsarger3500.de\/index.php\/wp-json\/wp\/v2\/pages"}],"about":[{"href":"https:\/\/korsarger3500.de\/index.php\/wp-json\/wp\/v2\/types\/page"}],"author":[{"embeddable":true,"href":"https:\/\/korsarger3500.de\/index.php\/wp-json\/wp\/v2\/users\/1"}],"replies":[{"embeddable":true,"href":"https:\/\/korsarger3500.de\/index.php\/wp-json\/wp\/v2\/comments?post=2474"}],"version-history":[{"count":23,"href":"https:\/\/korsarger3500.de\/index.php\/wp-json\/wp\/v2\/pages\/2474\/revisions"}],"predecessor-version":[{"id":7890,"href":"https:\/\/korsarger3500.de\/index.php\/wp-json\/wp\/v2\/pages\/2474\/revisions\/7890"}],"wp:attachment":[{"href":"https:\/\/korsarger3500.de\/index.php\/wp-json\/wp\/v2\/media?parent=2474"}],"curies":[{"name":"wp","href":"https:\/\/api.w.org\/{rel}","templated":true}]}}