{"id":239,"date":"2016-01-24T19:17:38","date_gmt":"2016-01-24T18:17:38","guid":{"rendered":"http:\/\/korsarger3500.de\/?page_id=239"},"modified":"2019-05-28T08:17:27","modified_gmt":"2019-05-28T06:17:27","slug":"das-gespann","status":"publish","type":"page","link":"https:\/\/korsarger3500.de\/index.php\/das-gespann\/","title":{"rendered":"Das Gespann"},"content":{"rendered":"<p style=\"text-align: justify;\">Als richtiges Regatta-Schiff braucht man nat\u00fcrlich auch eine Reisem\u00f6glichkeit au\u00dferhalb des Wassers. Dazu geh\u00f6rt eine Zugmaschiene und ein gem\u00fctlicher Trailer. Ein Gespann also. Bislang durfte ich immer hinter einem VW-Bus im Windschatten mitlaufen. Dahinter ziehts zwar nicht aber man sieht auch nix. Die neue Crew stellt sich da jetzt aber etwas ganz anderes vor. Die haben ein schickes kleines Cabrio und das soll zuk\u00fcnftig mein Zugpferdchen werden. Daf\u00fcr muss aber eine Kupplung an das Auto. Ob das klappt?<\/p>\n<p style=\"text-align: justify;\">Lange Recherchen und Nachfragen beim Hersteller selbst, brachten kein Ergebnis. Es fand sich aber im WWW eine Firma\u00a0 die, sich auf Anh\u00e4ngerkupplungsbau spezialisiert hat. Die machten sich schlau ob ein Anbau m\u00f6glich ist und dann wurde ein Termin zum Einbau vereinbart. Die Crew fuhr f\u00fcr 2 Tage ins tiefste Bayern zu der Firma die den Einbau dann vornahm. Es war eine Sonderanfertigung n\u00f6tig weil es f\u00fcr dieses Auto nichts von der Stange gibt. Abnehmbar sollte die Kupplung nat\u00fcrlich auch sein.\u00a0Auch die passende Eintragung vom T\u00dcV wurde vor Ort erledigt.<\/p>\n<div id='gallery-1' class='gallery galleryid-239 gallery-columns-4 gallery-size-thumbnail'><figure class='gallery-item'>\n\t\t\t<div class='gallery-icon landscape'>\n\t\t\t\t<a href='https:\/\/korsarger3500.de\/wp-content\/uploads\/2016\/01\/Gespann003.jpg'><img loading=\"lazy\" decoding=\"async\" width=\"150\" height=\"150\" src=\"https:\/\/korsarger3500.de\/wp-content\/uploads\/2016\/01\/Gespann003-150x150.jpg\" class=\"attachment-thumbnail size-thumbnail\" alt=\"Heckansicht\" \/><\/a>\n\t\t\t<\/div><\/figure><figure class='gallery-item'>\n\t\t\t<div class='gallery-icon landscape'>\n\t\t\t\t<a href='https:\/\/korsarger3500.de\/wp-content\/uploads\/2016\/01\/Gespann005.jpg'><img loading=\"lazy\" decoding=\"async\" width=\"150\" height=\"150\" src=\"https:\/\/korsarger3500.de\/wp-content\/uploads\/2016\/01\/Gespann005-150x150.jpg\" class=\"attachment-thumbnail size-thumbnail\" alt=\"MX 5 Anh\u00e4nger Kupplung\" \/><\/a>\n\t\t\t<\/div><\/figure><figure class='gallery-item'>\n\t\t\t<div class='gallery-icon landscape'>\n\t\t\t\t<a href='https:\/\/korsarger3500.de\/wp-content\/uploads\/2016\/01\/kvo2.jpg'><img loading=\"lazy\" decoding=\"async\" width=\"150\" height=\"150\" src=\"https:\/\/korsarger3500.de\/wp-content\/uploads\/2016\/01\/kvo2-150x150.jpg\" class=\"attachment-thumbnail size-thumbnail\" alt=\"Die haben es erm\u00f6glicht\" \/><\/a>\n\t\t\t<\/div><\/figure><figure class='gallery-item'>\n\t\t\t<div class='gallery-icon landscape'>\n\t\t\t\t<a href='https:\/\/korsarger3500.de\/wp-content\/uploads\/2016\/01\/Gespann008.jpg'><img loading=\"lazy\" decoding=\"async\" width=\"150\" height=\"150\" src=\"https:\/\/korsarger3500.de\/wp-content\/uploads\/2016\/01\/Gespann008-150x150.jpg\" class=\"attachment-thumbnail size-thumbnail\" alt=\"Detailansicht Kupplung\" \/><\/a>\n\t\t\t<\/div><\/figure>\n\t\t<\/div>\n\n<p style=\"text-align: justify;\">Der n\u00e4chste Schritt war dann meinen Trailer wieder stra\u00dfentauglich zu machen und wurde direkt anschlie\u00dfend\u00a0 in Angriff genommen. Ich bin ja sehr zufrieden mit meinem Trailer. Er hat nicht nur vorne und hinten jeweils ein Auflager f\u00fcr mich sondern auch noch einen Mittelsteg auf dem mein Kiel ruhen kann. So kann ich lange Zeit und gro\u00dfe Strecken mitfahren. Aber auch er ist schon \u00e4lter und es musten R\u00e4der, Bremsen und Bremsseile erneuert werden, die Achsfederung neu abgeschmiert, die Lichtanlage \u00fcberpr\u00fcft\u00a0und eine neue St\u00fctzradhalterung angeschraubt werden. Dann konnte es zur K\u00dcS gehen und dort gab&#8217;s dann auch die m\u00e4ngelfreie HU. Ein wenig Rost musste noch beseitigt werden dann war auch der Trailer fit f\u00fcr auf die Stra\u00dfe. Die neue Zulassung mit der Segelnummer im Kennzeichen war nat\u00fcrlich Pflicht.<\/p>\n<p style=\"text-align: justify;\">&#8230; und so schaut mein Gespann jetzt aus.<\/p>\n<p style=\"text-align: justify;\"><a href=\"http:\/\/korsarger3500.de\/wp-content\/uploads\/2016\/01\/Gespann_leer-e1453725364224.jpg\" data-lbwps-width=\"970\" data-lbwps-height=\"445\" data-lbwps-srcsmall=\"https:\/\/korsarger3500.de\/wp-content\/uploads\/2016\/01\/Gespann_leer-e1453725364224.jpg\"><img loading=\"lazy\" decoding=\"async\" class=\"aligncenter wp-image-287\" src=\"http:\/\/korsarger3500.de\/wp-content\/uploads\/2016\/01\/Gespann_leer-300x138.jpg\" alt=\"leeres Gespann\" width=\"298\" height=\"137\" \/><\/a><\/p>\n<p style=\"text-align: justify;\"><a href=\"http:\/\/korsarger3500.de\/wp-content\/uploads\/2016\/01\/Gespann.jpg\" data-lbwps-width=\"1158\" data-lbwps-height=\"475\" data-lbwps-srcsmall=\"https:\/\/korsarger3500.de\/wp-content\/uploads\/2016\/01\/Gespann-300x123.jpg\"><img loading=\"lazy\" decoding=\"async\" class=\"aligncenter wp-image-286 size-medium\" src=\"http:\/\/korsarger3500.de\/wp-content\/uploads\/2016\/01\/Gespann-300x123.jpg\" alt=\"Gespann\" width=\"300\" height=\"123\" srcset=\"https:\/\/korsarger3500.de\/wp-content\/uploads\/2016\/01\/Gespann-300x123.jpg 300w, https:\/\/korsarger3500.de\/wp-content\/uploads\/2016\/01\/Gespann-768x315.jpg 768w, https:\/\/korsarger3500.de\/wp-content\/uploads\/2016\/01\/Gespann-1024x420.jpg 1024w, https:\/\/korsarger3500.de\/wp-content\/uploads\/2016\/01\/Gespann.jpg 1158w\" sizes=\"auto, (max-width: 300px) 100vw, 300px\" \/><\/a><\/p>\n<p style=\"text-align: justify;\">von &#8222;Hinten&#8220; betrachtet kann man nicht wirklich von Gespann reden, denn da sieht man nur mich.<\/p>\n<p style=\"text-align: justify;\"><a href=\"https:\/\/korsarger3500.de\/wp-content\/uploads\/2016\/01\/PA230048-bearb.jpg\" data-lbwps-width=\"1024\" data-lbwps-height=\"681\" data-lbwps-srcsmall=\"https:\/\/korsarger3500.de\/wp-content\/uploads\/2016\/01\/PA230048-bearb-300x200.jpg\"><img loading=\"lazy\" decoding=\"async\" class=\"aligncenter wp-image-4238 size-medium\" src=\"https:\/\/korsarger3500.de\/wp-content\/uploads\/2016\/01\/PA230048-bearb-300x200.jpg\" alt=\"\" width=\"300\" height=\"200\" srcset=\"https:\/\/korsarger3500.de\/wp-content\/uploads\/2016\/01\/PA230048-bearb-300x200.jpg 300w, https:\/\/korsarger3500.de\/wp-content\/uploads\/2016\/01\/PA230048-bearb-768x511.jpg 768w, https:\/\/korsarger3500.de\/wp-content\/uploads\/2016\/01\/PA230048-bearb.jpg 1024w\" sizes=\"auto, (max-width: 300px) 100vw, 300px\" \/><\/a><\/p>\n<p>H\u00e4tte nicht gedacht das dass Cruisen mit den Dreien genau so viel Spa\u00df macht wie das Segeln.<\/p>\n<p style=\"text-align: justify;\"><a href=\"https:\/\/korsarger3500.de\/index.php\/pflege-und-instandhaltung\/\">Weiter<\/a> &#8230; oder zur <a href=\"http:\/\/korsarger3500.de\/\">Startseite<\/a><\/p>\n","protected":false},"excerpt":{"rendered":"<p>Als richtiges Regatta-Schiff braucht man nat\u00fcrlich auch eine Reisem\u00f6glichkeit au\u00dferhalb des Wassers. Dazu geh\u00f6rt eine Zugmaschiene und ein gem\u00fctlicher Trailer. Ein Gespann also. Bislang durfte ich immer hinter einem VW-Bus im Windschatten mitlaufen. Dahinter ziehts zwar nicht aber man sieht auch nix. Die neue Crew stellt sich da jetzt aber etwas ganz anderes vor. Die &hellip; <a href=\"https:\/\/korsarger3500.de\/index.php\/das-gespann\/\" class=\"more-link\"><span class=\"screen-reader-text\">Das Gespann<\/span> weiterlesen<\/a><\/p>\n","protected":false},"author":1,"featured_media":0,"parent":0,"menu_order":0,"comment_status":"closed","ping_status":"closed","template":"","meta":{"footnotes":""},"class_list":["post-239","page","type-page","status-publish","hentry"],"_links":{"self":[{"href":"https:\/\/korsarger3500.de\/index.php\/wp-json\/wp\/v2\/pages\/239","targetHints":{"allow":["GET"]}}],"collection":[{"href":"https:\/\/korsarger3500.de\/index.php\/wp-json\/wp\/v2\/pages"}],"about":[{"href":"https:\/\/korsarger3500.de\/index.php\/wp-json\/wp\/v2\/types\/page"}],"author":[{"embeddable":true,"href":"https:\/\/korsarger3500.de\/index.php\/wp-json\/wp\/v2\/users\/1"}],"replies":[{"embeddable":true,"href":"https:\/\/korsarger3500.de\/index.php\/wp-json\/wp\/v2\/comments?post=239"}],"version-history":[{"count":39,"href":"https:\/\/korsarger3500.de\/index.php\/wp-json\/wp\/v2\/pages\/239\/revisions"}],"predecessor-version":[{"id":6004,"href":"https:\/\/korsarger3500.de\/index.php\/wp-json\/wp\/v2\/pages\/239\/revisions\/6004"}],"wp:attachment":[{"href":"https:\/\/korsarger3500.de\/index.php\/wp-json\/wp\/v2\/media?parent=239"}],"curies":[{"name":"wp","href":"https:\/\/api.w.org\/{rel}","templated":true}]}}