{"id":2351,"date":"2016-07-04T20:04:54","date_gmt":"2016-07-04T18:04:54","guid":{"rendered":"http:\/\/korsarger3500.de\/?page_id=2351"},"modified":"2022-06-14T08:30:14","modified_gmt":"2022-06-14T06:30:14","slug":"kuhschellen-regatta-2016","status":"publish","type":"page","link":"https:\/\/korsarger3500.de\/index.php\/kuhschellen-regatta-2016\/","title":{"rendered":"Kuhschellen Regatta 2016"},"content":{"rendered":"<p style=\"text-align: justify;\">Oh je, das war mal ein langer Weg. Das hei\u00dft lang war er nicht, es hat nur lange gedauert bis wir angekommen sind. Die Autobahnen waren voller Staus und die Umgehungen, die wir gefahren sind, gingen zum Teil durch die Hinterh\u00f6fe. Egal, der Crew hat es gefallen, die sind ja gerne auf kleinen Stra\u00dfen unterwegs. Mir war es manchmal zu holperig, aber wir sind dann doch Freitagabend p\u00fcnktlich mit dem einsetzenden Regen am Gel\u00e4nde des <a href=\"http:\/\/www.scai.bayern\/\">SCAI<\/a> angekommen. <a href=\"http:\/\/korsarger3500.de\/wp-content\/uploads\/2016\/06\/Ks036.jpg\" rel=\"attachment wp-att-2380\" data-lbwps-width=\"4000\" data-lbwps-height=\"3000\" data-lbwps-srcsmall=\"https:\/\/korsarger3500.de\/wp-content\/uploads\/2016\/06\/Ks036-300x225.jpg\"><img loading=\"lazy\" decoding=\"async\" class=\"alignleft wp-image-2380 size-thumbnail\" src=\"http:\/\/korsarger3500.de\/wp-content\/uploads\/2016\/06\/Ks036-150x150.jpg\" alt=\"am Feuer\" width=\"150\" height=\"150\" \/><\/a>Wir waren nicht die Ersten und nachdem Philipp das Lagerfeuer angez\u00fcndet hatte, h\u00f6rte es auch endlich auf zu regnen. Alle waren bester Laune. Einige Jungs versuchten das \u00c4ppelwoi-Lied zu singen, waren aber nicht mehr textsicher und so mussten sie zun\u00e4chst einmal Rat bei einem bekannten hessischen Korsarsegler via Telefon einholen, was um Mitternacht<a href=\"http:\/\/korsarger3500.de\/wp-content\/uploads\/2016\/06\/Ks046.jpg\" rel=\"attachment wp-att-2386\" data-lbwps-width=\"4000\" data-lbwps-height=\"3000\" data-lbwps-srcsmall=\"https:\/\/korsarger3500.de\/wp-content\/uploads\/2016\/06\/Ks046-300x225.jpg\"><img loading=\"lazy\" decoding=\"async\" class=\"alignright wp-image-2386 size-thumbnail\" src=\"http:\/\/korsarger3500.de\/wp-content\/uploads\/2016\/06\/Ks046-150x150.jpg\" alt=\"wir suchen den Text\" width=\"150\" height=\"150\" \/><\/a> gar nicht mehr so einfach war. Alle sa\u00dfen noch lange am Feuer und ich duckte mich zusammen mit den andern Schiffen unter die B\u00e4ume. Am Samstag Morgen wurde ich dann bei strahlendem Sonnenschein aufgebaut. Ich staunte nicht schlecht \u00fcber die Lackierung von <em><span class=\"st\">Rosinante <\/span><\/em><span class=\"st\">neben mir.<\/span> <span class=\"st\">Die<\/span><span class=\"st\"> ist echt gelungen &#8211; sehr h\u00fcbsch. Sie ist ein Vollholzschiff <a href=\"http:\/\/korsarger3500.de\/wp-content\/uploads\/2016\/06\/Ks054.jpg\" rel=\"attachment wp-att-2390\" data-lbwps-width=\"4000\" data-lbwps-height=\"3000\" data-lbwps-srcsmall=\"https:\/\/korsarger3500.de\/wp-content\/uploads\/2016\/06\/Ks054-300x225.jpg\"><img loading=\"lazy\" decoding=\"async\" class=\"alignleft wp-image-2390 size-thumbnail\" src=\"http:\/\/korsarger3500.de\/wp-content\/uploads\/2016\/06\/Ks054-150x150.jpg\" alt=\"Rosinante\" width=\"150\" height=\"150\" \/><\/a>genau wie ich und wird von einer jungen Crew gesegelt die zum ersten Mal dabei ist. Es gab noch ein paar andere Schiffe, die auch neu dabei waren bzw die ich noch nie gesehen hatte. Dann hie\u00df es warten auf Wind. Die Crew und ich hatten irgendwann die Nase voll vom warten\u00a0 und wir segelten mit dem vorhandenen Null Wind auf dem See umher. Wir hatten ihn ganz f\u00fcr uns alleine &#8211; den See. <a href=\"http:\/\/korsarger3500.de\/wp-content\/uploads\/2016\/07\/auf-dem-Alpsee.jpg\" rel=\"attachment wp-att-2422\" data-lbwps-width=\"1640\" data-lbwps-height=\"813\" data-lbwps-srcsmall=\"https:\/\/korsarger3500.de\/wp-content\/uploads\/2016\/07\/auf-dem-Alpsee-300x149.jpg\"><img loading=\"lazy\" decoding=\"async\" class=\"alignright wp-image-2422 size-thumbnail\" src=\"http:\/\/korsarger3500.de\/wp-content\/uploads\/2016\/07\/auf-dem-Alpsee-150x150.jpg\" alt=\"auf dem Alpsee\" width=\"150\" height=\"150\" \/><\/a>Es sollte einige Zeit dauern bis eine leichte Brise konstant \u00fcber den See zog. Das hat der Wettfahrtleiter genutzt und gleich darauf wurde auch schon die erste Wettfahrt angeschossen. Wir starten nicht schlecht und waren sehr verwundert, dass es nach der ersten Leetonne wieder gleich ins Ziel ging. Es war Bahnverk\u00fcrzung angesagt, weil der Wind einschlief und sich drehte. Schade, wir wollten eigentlich noch ein paar Pl\u00e4tze gutmachen und weiter nach vorne segeln. Danach hie\u00df es wieder warten auf Wind. Wir hatte Gl\u00fcck, pl\u00f6tzlich zogen dunkel Wolken auf und es setzte starker Wind ein. Jetzt zeigte sich, ob der Umbau des Riggs, den der Skipper letzte Woche vorgenommen hatte, funktioniert. Die neue Genuafallverstellung und das Einstellen des Mastkontrollers funktionierte gut und so war ich mit ein paar <a href=\"http:\/\/korsarger3500.de\/wp-content\/uploads\/2016\/06\/Ks073.jpg\" rel=\"attachment wp-att-2402\" data-lbwps-width=\"4000\" data-lbwps-height=\"3000\" data-lbwps-srcsmall=\"https:\/\/korsarger3500.de\/wp-content\/uploads\/2016\/06\/Ks073-300x225.jpg\"><img loading=\"lazy\" decoding=\"async\" class=\"alignleft wp-image-2402 size-thumbnail\" src=\"http:\/\/korsarger3500.de\/wp-content\/uploads\/2016\/06\/Ks073-150x150.jpg\" alt=\"gerade druch das Ziel\" width=\"150\" height=\"150\" \/><\/a>Handgriffen von Leichtwind auf Mittelwind umgetrimmt. Das war auch gut so. Kurz nach dem Startschuss hatten wir einen 4er Wind mit ein paar noch st\u00e4rkeren B\u00f6en. Der Start war super, wir waren beim Schuss als oberstes Boot am Startschiff. Die Crew hatte einen Heidenspa\u00df. Es war das erste Mal, dass die Schottin eine komplette Kreuz im Trapez stehen konnte. Bei einer Wende ist mir oder Ihr leider die Genuaschot in der Klemme h\u00e4ngen geblieben, so dass es uns fast in der Bach geworfen h\u00e4tte, aber der Skipper konnte die Schot gerade noch l\u00f6sen. Leider hab ich bei der Aktion aber ca 50 Liter Wasser in meinen Bauch gesogen &#8211; und das so kurz vor der Luvtonne. Auf dem Spikurs war mit Lenzen nicht viel drin obwohl ich sogar stellenweise auf Vorwindkurs ins Gleiten gekommen bin. Kurz vorm Leefass rasten wir auf einem gro\u00dfen Pulk von Schiffen zu und da die sich alle um das Fass tummelten, wollte der Skipper au\u00dfen um den Pulk herum segeln. Die Idee war eigentlich nicht schlecht, aber der Wind lie\u00df so pl\u00f6tzlich wie er eben gekommen war auch wieder nach. Noch schlimmer, er fing an zu drehen. Diese Wettfahrt wurde auch verk\u00fcrzt und wir mussten gleich ins Ziel. Das war jetzt bl\u00f6d, standen wir doch im Lee von 15 Schiffen und hatten keinen gescheiten Wind mehr. So beendeten wir die Wettfahrt am Ende des Mittelfelds. Die Schiffe, die nach uns um das Fass fuhren, traf es noch schlimmer, sie brauchten 10 Minuten um die paar Meter bis zur Ziellinie zu segeln &#8211; der Wind war komplett weg.\u00a0 Die Schiffe wurden dann alle geslippt und standen zum Trocknen auf der Wiese. Die Crew legte sich und dann auch mich trocken und wir warteten wieder auf Wind. Zum Zeitvertreib hatten einige Jungs sich mit einer<a href=\"http:\/\/korsarger3500.de\/wp-content\/uploads\/2016\/06\/Ks085.jpg\" rel=\"attachment wp-att-2409\" data-lbwps-width=\"4000\" data-lbwps-height=\"3000\" data-lbwps-srcsmall=\"https:\/\/korsarger3500.de\/wp-content\/uploads\/2016\/06\/Ks085-300x225.jpg\"><img loading=\"lazy\" decoding=\"async\" class=\"alignright wp-image-2409 size-thumbnail\" src=\"http:\/\/korsarger3500.de\/wp-content\/uploads\/2016\/06\/Ks085-150x150.jpg\" alt=\"Wasserschleuder\" width=\"150\" height=\"150\" \/><\/a> Wasserschleuder bewaffnet, andere pflegten ihre Schiffe oder widmeten sich der Natur. Kurz vor der Essenszeit wurde verk\u00fcndet das an diesem Tag keine Wettfahrt mehr gesegelt w\u00fcrde und prompt antwortete der Alpsee mit Sturmb\u00f6en. Chris und Tim waren die Einzigen, die es wagten ein paar Schl\u00e4ge zu segeln, d.h. eigentlich \u00fcbten sie das Kentern und Aufstellen von <em>Bernd das Boot<\/em>. Einen Kitesurfer, der diesen Wind ebenfalls testen wollte, zerlegte es regelrecht in der Luft und auf der Wasseroberfl\u00e4che. Zwei Korsarsegler sind Ihm dann in einem Ruderboot zu Hilfe geeilt. Die Wasserwacht die zuvor noch flei\u00dfig mit einem Motorboot \u00fcber den See geheizt war hat das wohl nicht gesehen. Ich war heilfroh das Skipper seine Idee, auch noch ne Runde zu drehen, verworfen hatte. Ich bin mir nicht sicher ob mein altes Rigg das unbeschadet \u00fcberstanden h\u00e4tte. Die anderen Korsarsegler sahen das wohl auch so, &#8211; keiner ging mehr aufs Wasser. Als alle dann wieder heil an Land waren, gab es f\u00fcr die Crews was zu essen und f\u00fcr uns Schiffe ne trockene Persenning. Der Abend wurde, wie meist am Alpsee, an und um das Feuer mit Gitarrenmusik und eigenem Gesang verbracht und wenn man, wie ich weit genug weg steht, h\u00f6rt es sich auch ganz nett an. Der Sonntagmorgen weckte uns mit Sonnenschein. Leider stellte sich den ganzen Tag kein vern\u00fcnftiger <a href=\"http:\/\/korsarger3500.de\/wp-content\/uploads\/2016\/07\/Rotaugen.jpg\" rel=\"attachment wp-att-2423\" data-lbwps-width=\"1248\" data-lbwps-height=\"670\" data-lbwps-srcsmall=\"https:\/\/korsarger3500.de\/wp-content\/uploads\/2016\/07\/Rotaugen-300x161.jpg\"><img loading=\"lazy\" decoding=\"async\" class=\"alignleft wp-image-2423 size-thumbnail\" src=\"http:\/\/korsarger3500.de\/wp-content\/uploads\/2016\/07\/Rotaugen-150x150.jpg\" alt=\"Rotaugen\" width=\"150\" height=\"150\" \/><\/a>Wind ein. Der Skipper war dann mal ne Runde schnorcheln und fand auch prompt einen Schwarm Rotaugen, den er gleich mal fotografiert hat. Na und &#8211; die seh ich dauernd wenn ich im Wasser liege. Andere vertrieben sich die Zeit im dem Beobachten von Blumen.<a href=\"http:\/\/korsarger3500.de\/wp-content\/uploads\/2016\/06\/Ks080.jpg\" rel=\"attachment wp-att-2406\" data-lbwps-width=\"4000\" data-lbwps-height=\"3000\" data-lbwps-srcsmall=\"https:\/\/korsarger3500.de\/wp-content\/uploads\/2016\/06\/Ks080-300x225.jpg\"><img loading=\"lazy\" decoding=\"async\" class=\"alignright wp-image-2406 size-thumbnail\" src=\"http:\/\/korsarger3500.de\/wp-content\/uploads\/2016\/06\/Ks080-150x150.jpg\" alt=\"zeitvertreib\" width=\"150\" height=\"150\" \/><\/a> Gegen 13:00 hatte der Wettfahrtleiter ein Einsehen und\u00a0 wir Schiffe wurden abgebaut. Meine Crew lies sich sehr lange Zeit, da wir erst am Montag heim wollten. Es gibt da in Immenstadt so ein Gesch\u00e4ft, da wollte die Schottin unbedingt Montags mal hin. Aber zuerst war wieder Siegerehrung bei der, wie immer, bis zum Ohrensausen mit den Kuhschellen gebimmelt wurde. Anschlie\u00dfend haben wir den Nachmittag und auch den Abend noch am Alpsee verbracht. Ich lag gepackt auf meinem Trailer hinter der Pension. Schottin und Skipper schauten sich mit einigen Einheimischen und der Crew von <em>Waldseeflitze<\/em> im Clubhaus des SCAI ein Fu\u00dfballspiel an. Am n\u00e4chsten Tag ging es <a href=\"http:\/\/korsarger3500.de\/wp-content\/uploads\/2016\/06\/Ks029.jpg\" rel=\"attachment wp-att-2376\" data-lbwps-width=\"4000\" data-lbwps-height=\"3000\" data-lbwps-srcsmall=\"https:\/\/korsarger3500.de\/wp-content\/uploads\/2016\/06\/Ks029-300x225.jpg\"><img loading=\"lazy\" decoding=\"async\" class=\"wp-image-2376 size-thumbnail alignleft\" src=\"http:\/\/korsarger3500.de\/wp-content\/uploads\/2016\/06\/Ks029-150x150.jpg\" alt=\"Siegerehrung\" width=\"150\" height=\"150\" \/><\/a>dann um die Mittagszeit bei sch\u00f6nem Cabriowetter wieder Richtung Heimat. Da der ganze Tag zur Verf\u00fcgung stand, fuhren wir wieder \u00fcber die Landstra\u00dfe. Wir waren jetzt\u00a0 das dritte Mal am Alpsee und hatten jeweils immer nur einen Regattatag. Ich gebe aber die Hoffnung nicht auf dass wir dort auch mal an beiden Tagen segeln werden. <\/span><\/p>\n<p style=\"text-align: left;\"><span class=\"st\">Wir kommen einfach so lange wieder. <\/span><\/p>\n<p style=\"text-align: justify;\"><span class=\"st\">Hier noch ein paar Bilder.<br \/>\n<\/span><\/p>\n<div id='gallery-1' class='gallery galleryid-2351 gallery-columns-4 gallery-size-thumbnail'><figure class='gallery-item'>\n\t\t\t<div class='gallery-icon landscape'>\n\t\t\t\t<a href='https:\/\/korsarger3500.de\/wp-content\/uploads\/2016\/06\/Ks047.jpg'><img loading=\"lazy\" decoding=\"async\" width=\"150\" height=\"150\" src=\"https:\/\/korsarger3500.de\/wp-content\/uploads\/2016\/06\/Ks047-150x150.jpg\" class=\"attachment-thumbnail size-thumbnail\" alt=\"\" \/><\/a>\n\t\t\t<\/div><\/figure><figure class='gallery-item'>\n\t\t\t<div class='gallery-icon landscape'>\n\t\t\t\t<a href='https:\/\/korsarger3500.de\/wp-content\/uploads\/2016\/06\/Ks044.jpg'><img loading=\"lazy\" decoding=\"async\" width=\"150\" height=\"150\" src=\"https:\/\/korsarger3500.de\/wp-content\/uploads\/2016\/06\/Ks044-150x150.jpg\" class=\"attachment-thumbnail size-thumbnail\" alt=\"\" \/><\/a>\n\t\t\t<\/div><\/figure><figure class='gallery-item'>\n\t\t\t<div class='gallery-icon landscape'>\n\t\t\t\t<a href='https:\/\/korsarger3500.de\/wp-content\/uploads\/2016\/06\/Ks037.jpg'><img loading=\"lazy\" decoding=\"async\" width=\"150\" height=\"150\" src=\"https:\/\/korsarger3500.de\/wp-content\/uploads\/2016\/06\/Ks037-150x150.jpg\" class=\"attachment-thumbnail size-thumbnail\" alt=\"\" \/><\/a>\n\t\t\t<\/div><\/figure><figure class='gallery-item'>\n\t\t\t<div class='gallery-icon landscape'>\n\t\t\t\t<a href='https:\/\/korsarger3500.de\/wp-content\/uploads\/2016\/06\/Ks057.jpg'><img loading=\"lazy\" decoding=\"async\" width=\"150\" height=\"150\" src=\"https:\/\/korsarger3500.de\/wp-content\/uploads\/2016\/06\/Ks057-150x150.jpg\" class=\"attachment-thumbnail size-thumbnail\" alt=\"\" \/><\/a>\n\t\t\t<\/div><\/figure><figure class='gallery-item'>\n\t\t\t<div class='gallery-icon landscape'>\n\t\t\t\t<a href='https:\/\/korsarger3500.de\/wp-content\/uploads\/2016\/06\/Ks056.jpg'><img loading=\"lazy\" decoding=\"async\" width=\"150\" height=\"150\" src=\"https:\/\/korsarger3500.de\/wp-content\/uploads\/2016\/06\/Ks056-150x150.jpg\" class=\"attachment-thumbnail size-thumbnail\" alt=\"\" \/><\/a>\n\t\t\t<\/div><\/figure><figure class='gallery-item'>\n\t\t\t<div class='gallery-icon landscape'>\n\t\t\t\t<a href='https:\/\/korsarger3500.de\/wp-content\/uploads\/2016\/06\/Ks055.jpg'><img loading=\"lazy\" decoding=\"async\" width=\"150\" height=\"150\" src=\"https:\/\/korsarger3500.de\/wp-content\/uploads\/2016\/06\/Ks055-150x150.jpg\" class=\"attachment-thumbnail size-thumbnail\" alt=\"\" \/><\/a>\n\t\t\t<\/div><\/figure><figure class='gallery-item'>\n\t\t\t<div class='gallery-icon landscape'>\n\t\t\t\t<a href='https:\/\/korsarger3500.de\/wp-content\/uploads\/2016\/06\/Ks052.jpg'><img loading=\"lazy\" decoding=\"async\" width=\"150\" height=\"150\" src=\"https:\/\/korsarger3500.de\/wp-content\/uploads\/2016\/06\/Ks052-150x150.jpg\" class=\"attachment-thumbnail size-thumbnail\" alt=\"\" \/><\/a>\n\t\t\t<\/div><\/figure><figure class='gallery-item'>\n\t\t\t<div class='gallery-icon landscape'>\n\t\t\t\t<a href='https:\/\/korsarger3500.de\/wp-content\/uploads\/2016\/06\/Ks087.jpg'><img loading=\"lazy\" decoding=\"async\" width=\"150\" height=\"150\" src=\"https:\/\/korsarger3500.de\/wp-content\/uploads\/2016\/06\/Ks087-150x150.jpg\" class=\"attachment-thumbnail size-thumbnail\" alt=\"\" \/><\/a>\n\t\t\t<\/div><\/figure><figure class='gallery-item'>\n\t\t\t<div class='gallery-icon landscape'>\n\t\t\t\t<a href='https:\/\/korsarger3500.de\/wp-content\/uploads\/2016\/06\/Ks083.jpg'><img loading=\"lazy\" decoding=\"async\" width=\"150\" height=\"150\" src=\"https:\/\/korsarger3500.de\/wp-content\/uploads\/2016\/06\/Ks083-150x150.jpg\" class=\"attachment-thumbnail size-thumbnail\" alt=\"\" \/><\/a>\n\t\t\t<\/div><\/figure><figure class='gallery-item'>\n\t\t\t<div class='gallery-icon landscape'>\n\t\t\t\t<a href='https:\/\/korsarger3500.de\/wp-content\/uploads\/2016\/06\/Ks019.jpg'><img loading=\"lazy\" decoding=\"async\" width=\"150\" height=\"150\" src=\"https:\/\/korsarger3500.de\/wp-content\/uploads\/2016\/06\/Ks019-150x150.jpg\" class=\"attachment-thumbnail size-thumbnail\" alt=\"\" \/><\/a>\n\t\t\t<\/div><\/figure><figure class='gallery-item'>\n\t\t\t<div class='gallery-icon landscape'>\n\t\t\t\t<a href='https:\/\/korsarger3500.de\/wp-content\/uploads\/2016\/06\/Ks018.jpg'><img loading=\"lazy\" decoding=\"async\" width=\"150\" height=\"150\" src=\"https:\/\/korsarger3500.de\/wp-content\/uploads\/2016\/06\/Ks018-150x150.jpg\" class=\"attachment-thumbnail size-thumbnail\" alt=\"\" \/><\/a>\n\t\t\t<\/div><\/figure><figure class='gallery-item'>\n\t\t\t<div class='gallery-icon landscape'>\n\t\t\t\t<a href='https:\/\/korsarger3500.de\/wp-content\/uploads\/2016\/06\/Ks071.jpg'><img loading=\"lazy\" decoding=\"async\" width=\"150\" height=\"150\" src=\"https:\/\/korsarger3500.de\/wp-content\/uploads\/2016\/06\/Ks071-150x150.jpg\" class=\"attachment-thumbnail size-thumbnail\" alt=\"\" \/><\/a>\n\t\t\t<\/div><\/figure><figure class='gallery-item'>\n\t\t\t<div class='gallery-icon landscape'>\n\t\t\t\t<a href='https:\/\/korsarger3500.de\/wp-content\/uploads\/2016\/06\/Ks066.jpg'><img loading=\"lazy\" decoding=\"async\" width=\"150\" height=\"150\" src=\"https:\/\/korsarger3500.de\/wp-content\/uploads\/2016\/06\/Ks066-150x150.jpg\" class=\"attachment-thumbnail size-thumbnail\" alt=\"\" \/><\/a>\n\t\t\t<\/div><\/figure><figure class='gallery-item'>\n\t\t\t<div class='gallery-icon landscape'>\n\t\t\t\t<a href='https:\/\/korsarger3500.de\/wp-content\/uploads\/2016\/06\/Ks064.jpg'><img loading=\"lazy\" decoding=\"async\" width=\"150\" height=\"150\" src=\"https:\/\/korsarger3500.de\/wp-content\/uploads\/2016\/06\/Ks064-150x150.jpg\" class=\"attachment-thumbnail size-thumbnail\" alt=\"\" \/><\/a>\n\t\t\t<\/div><\/figure><figure class='gallery-item'>\n\t\t\t<div class='gallery-icon landscape'>\n\t\t\t\t<a href='https:\/\/korsarger3500.de\/wp-content\/uploads\/2016\/06\/Ks088.jpg'><img loading=\"lazy\" decoding=\"async\" width=\"150\" height=\"150\" src=\"https:\/\/korsarger3500.de\/wp-content\/uploads\/2016\/06\/Ks088-150x150.jpg\" class=\"attachment-thumbnail size-thumbnail\" alt=\"\" \/><\/a>\n\t\t\t<\/div><\/figure><figure class='gallery-item'>\n\t\t\t<div class='gallery-icon landscape'>\n\t\t\t\t<a href='https:\/\/korsarger3500.de\/wp-content\/uploads\/2016\/06\/Ks090.jpg'><img loading=\"lazy\" decoding=\"async\" width=\"150\" height=\"150\" src=\"https:\/\/korsarger3500.de\/wp-content\/uploads\/2016\/06\/Ks090-150x150.jpg\" class=\"attachment-thumbnail size-thumbnail\" alt=\"\" \/><\/a>\n\t\t\t<\/div><\/figure><figure class='gallery-item'>\n\t\t\t<div class='gallery-icon landscape'>\n\t\t\t\t<a href='https:\/\/korsarger3500.de\/wp-content\/uploads\/2016\/06\/Ks005.jpg'><img loading=\"lazy\" decoding=\"async\" width=\"150\" height=\"150\" src=\"https:\/\/korsarger3500.de\/wp-content\/uploads\/2016\/06\/Ks005-150x150.jpg\" class=\"attachment-thumbnail size-thumbnail\" alt=\"\" \/><\/a>\n\t\t\t<\/div><\/figure><figure class='gallery-item'>\n\t\t\t<div class='gallery-icon landscape'>\n\t\t\t\t<a href='https:\/\/korsarger3500.de\/wp-content\/uploads\/2016\/06\/Ks007.jpg'><img loading=\"lazy\" decoding=\"async\" width=\"150\" height=\"150\" src=\"https:\/\/korsarger3500.de\/wp-content\/uploads\/2016\/06\/Ks007-150x150.jpg\" class=\"attachment-thumbnail size-thumbnail\" alt=\"\" \/><\/a>\n\t\t\t<\/div><\/figure><figure class='gallery-item'>\n\t\t\t<div class='gallery-icon landscape'>\n\t\t\t\t<a href='https:\/\/korsarger3500.de\/wp-content\/uploads\/2016\/06\/Ks016.jpg'><img loading=\"lazy\" decoding=\"async\" width=\"150\" height=\"150\" src=\"https:\/\/korsarger3500.de\/wp-content\/uploads\/2016\/06\/Ks016-150x150.jpg\" class=\"attachment-thumbnail size-thumbnail\" alt=\"\" \/><\/a>\n\t\t\t<\/div><\/figure><figure class='gallery-item'>\n\t\t\t<div class='gallery-icon landscape'>\n\t\t\t\t<a href='https:\/\/korsarger3500.de\/wp-content\/uploads\/2016\/06\/Ks021.jpg'><img loading=\"lazy\" decoding=\"async\" width=\"150\" height=\"150\" src=\"https:\/\/korsarger3500.de\/wp-content\/uploads\/2016\/06\/Ks021-150x150.jpg\" class=\"attachment-thumbnail size-thumbnail\" alt=\"\" \/><\/a>\n\t\t\t<\/div><\/figure><figure class='gallery-item'>\n\t\t\t<div class='gallery-icon landscape'>\n\t\t\t\t<a href='https:\/\/korsarger3500.de\/wp-content\/uploads\/2016\/06\/Ks013.jpg'><img loading=\"lazy\" decoding=\"async\" width=\"150\" height=\"150\" src=\"https:\/\/korsarger3500.de\/wp-content\/uploads\/2016\/06\/Ks013-150x150.jpg\" class=\"attachment-thumbnail size-thumbnail\" alt=\"\" \/><\/a>\n\t\t\t<\/div><\/figure><figure class='gallery-item'>\n\t\t\t<div class='gallery-icon landscape'>\n\t\t\t\t<a href='https:\/\/korsarger3500.de\/wp-content\/uploads\/2016\/06\/Ks010.jpg'><img loading=\"lazy\" decoding=\"async\" width=\"150\" height=\"150\" src=\"https:\/\/korsarger3500.de\/wp-content\/uploads\/2016\/06\/Ks010-150x150.jpg\" class=\"attachment-thumbnail size-thumbnail\" alt=\"\" \/><\/a>\n\t\t\t<\/div><\/figure><figure class='gallery-item'>\n\t\t\t<div class='gallery-icon landscape'>\n\t\t\t\t<a href='https:\/\/korsarger3500.de\/wp-content\/uploads\/2016\/06\/Ks027.jpg'><img loading=\"lazy\" decoding=\"async\" width=\"150\" height=\"150\" src=\"https:\/\/korsarger3500.de\/wp-content\/uploads\/2016\/06\/Ks027-150x150.jpg\" class=\"attachment-thumbnail size-thumbnail\" alt=\"\" \/><\/a>\n\t\t\t<\/div><\/figure><figure class='gallery-item'>\n\t\t\t<div class='gallery-icon landscape'>\n\t\t\t\t<a href='https:\/\/korsarger3500.de\/wp-content\/uploads\/2016\/06\/Ks093.jpg'><img loading=\"lazy\" decoding=\"async\" width=\"150\" height=\"150\" src=\"https:\/\/korsarger3500.de\/wp-content\/uploads\/2016\/06\/Ks093-150x150.jpg\" class=\"attachment-thumbnail size-thumbnail\" alt=\"\" \/><\/a>\n\t\t\t<\/div><\/figure>\n\t\t<\/div>\n\n<p>ah-so gewonnen hat <em>GER 3806 <\/em>mit Jens und Birgit<\/p>\n<p><a href=\"https:\/\/korsarger3500.de\/wp-content\/uploads\/2022\/06\/2016_Kuhschelle.jpg\" data-lbwps-width=\"937\" data-lbwps-height=\"811\" data-lbwps-srcsmall=\"https:\/\/korsarger3500.de\/wp-content\/uploads\/2022\/06\/2016_Kuhschelle-300x260.jpg\">Ergebnis<\/a><\/p>\n<p><a href=\"https:\/\/korsarger3500.de\/index.php\/korsarenpreis-goldkanal-2016\/\">weiter<\/a> \u2026oder zur <a href=\"http:\/\/korsarger3500.de\/\">Startseite<\/a><\/p>\n<p style=\"text-align: justify;\">\n","protected":false},"excerpt":{"rendered":"<p>Oh je, das war mal ein langer Weg. Das hei\u00dft lang war er nicht, es hat nur lange gedauert bis wir angekommen sind. Die Autobahnen waren voller Staus und die Umgehungen, die wir gefahren sind, gingen zum Teil durch die Hinterh\u00f6fe. Egal, der Crew hat es gefallen, die sind ja gerne auf kleinen Stra\u00dfen unterwegs. &hellip; <a href=\"https:\/\/korsarger3500.de\/index.php\/kuhschellen-regatta-2016\/\" class=\"more-link\"><span class=\"screen-reader-text\">Kuhschellen Regatta 2016<\/span> weiterlesen<\/a><\/p>\n","protected":false},"author":1,"featured_media":0,"parent":0,"menu_order":0,"comment_status":"closed","ping_status":"closed","template":"","meta":{"footnotes":""},"class_list":["post-2351","page","type-page","status-publish","hentry"],"_links":{"self":[{"href":"https:\/\/korsarger3500.de\/index.php\/wp-json\/wp\/v2\/pages\/2351","targetHints":{"allow":["GET"]}}],"collection":[{"href":"https:\/\/korsarger3500.de\/index.php\/wp-json\/wp\/v2\/pages"}],"about":[{"href":"https:\/\/korsarger3500.de\/index.php\/wp-json\/wp\/v2\/types\/page"}],"author":[{"embeddable":true,"href":"https:\/\/korsarger3500.de\/index.php\/wp-json\/wp\/v2\/users\/1"}],"replies":[{"embeddable":true,"href":"https:\/\/korsarger3500.de\/index.php\/wp-json\/wp\/v2\/comments?post=2351"}],"version-history":[{"count":22,"href":"https:\/\/korsarger3500.de\/index.php\/wp-json\/wp\/v2\/pages\/2351\/revisions"}],"predecessor-version":[{"id":7889,"href":"https:\/\/korsarger3500.de\/index.php\/wp-json\/wp\/v2\/pages\/2351\/revisions\/7889"}],"wp:attachment":[{"href":"https:\/\/korsarger3500.de\/index.php\/wp-json\/wp\/v2\/media?parent=2351"}],"curies":[{"name":"wp","href":"https:\/\/api.w.org\/{rel}","templated":true}]}}