{"id":2292,"date":"2016-06-08T13:21:03","date_gmt":"2016-06-08T11:21:03","guid":{"rendered":"http:\/\/korsarger3500.de\/?page_id=2292"},"modified":"2016-07-04T20:07:22","modified_gmt":"2016-07-04T18:07:22","slug":"spargel-cup-graben-neudorf-2016","status":"publish","type":"page","link":"https:\/\/korsarger3500.de\/index.php\/spargel-cup-graben-neudorf-2016\/","title":{"rendered":"Spargel-Cup Graben-Neudorf 2016"},"content":{"rendered":"<p style=\"text-align: justify;\">Wieder was gelernt. Beim Spargelcup in Graben-Neudorf kann man sogar als Fr\u00fchstarter einen gro\u00dfen Bund Spargel gewinnen. Aber der Reihe nach.\u00a0 Samstag morgen, ich stehe bepackt in der Garage und warte drauf das es los geht. Es ist ein bisschen schwerer auf meinem Deck. Liegt wohl an der neuen PVC Persening. Das hei\u00dft drau\u00dfen regnet es. So war es auch. Die Fahrt nach GN ging \u00fcber die Autobahn bis Lautern weil die B10 gesperrt war. Ab Lautern konnte dann aber bei bedecktem Himmel bis nach\u00a0Graben-Neudorf gecruised werden. Wir<a href=\"http:\/\/korsarger3500.de\/wp-content\/uploads\/2016\/06\/Gn013.jpg\" rel=\"attachment wp-att-2306\" data-lbwps-width=\"4000\" data-lbwps-height=\"3000\" data-lbwps-srcsmall=\"https:\/\/korsarger3500.de\/wp-content\/uploads\/2016\/06\/Gn013-300x225.jpg\"><img loading=\"lazy\" decoding=\"async\" class=\"alignright wp-image-2306 size-thumbnail\" src=\"http:\/\/korsarger3500.de\/wp-content\/uploads\/2016\/06\/Gn013-150x150.jpg\" alt=\"Still ruht der See\" width=\"150\" height=\"150\" \/><\/a> kamen zeitig an und sahen das Dilemma sofort &#8211; der See war spiegelglatt &#8211; kein einziges Kr\u00e4uselchen war zu sehen und es fing wieder an zu regnen. Also wurde ich erst mal auf die Wiese geschoben und die Crew machte eine ausf\u00fchrliche Begr\u00fc\u00dfungsrunde. Dann kamen noch weitere Schiffe an. Zwei sogar im Huckepack. <em>Glaubuli<\/em> lag oben und darunter <em>ISNOGUD<\/em> der aber bald einen neuen<\/p>\n<div id='gallery-1' class='gallery galleryid-2292 gallery-columns-4 gallery-size-thumbnail'><figure class='gallery-item'>\n\t\t\t<div class='gallery-icon landscape'>\n\t\t\t\t<a href='https:\/\/korsarger3500.de\/wp-content\/uploads\/2016\/06\/Gn005.jpg'><img loading=\"lazy\" decoding=\"async\" width=\"150\" height=\"150\" src=\"https:\/\/korsarger3500.de\/wp-content\/uploads\/2016\/06\/Gn005-150x150.jpg\" class=\"attachment-thumbnail size-thumbnail\" alt=\"\" \/><\/a>\n\t\t\t<\/div><\/figure><figure class='gallery-item'>\n\t\t\t<div class='gallery-icon landscape'>\n\t\t\t\t<a href='https:\/\/korsarger3500.de\/wp-content\/uploads\/2016\/06\/Gn006.jpg'><img loading=\"lazy\" decoding=\"async\" width=\"150\" height=\"150\" src=\"https:\/\/korsarger3500.de\/wp-content\/uploads\/2016\/06\/Gn006-150x150.jpg\" class=\"attachment-thumbnail size-thumbnail\" alt=\"\" \/><\/a>\n\t\t\t<\/div><\/figure><figure class='gallery-item'>\n\t\t\t<div class='gallery-icon landscape'>\n\t\t\t\t<a href='https:\/\/korsarger3500.de\/wp-content\/uploads\/2016\/06\/Gn008.jpg'><img loading=\"lazy\" decoding=\"async\" width=\"150\" height=\"150\" src=\"https:\/\/korsarger3500.de\/wp-content\/uploads\/2016\/06\/Gn008-150x150.jpg\" class=\"attachment-thumbnail size-thumbnail\" alt=\"\" \/><\/a>\n\t\t\t<\/div><\/figure><figure class='gallery-item'>\n\t\t\t<div class='gallery-icon landscape'>\n\t\t\t\t<a href='https:\/\/korsarger3500.de\/wp-content\/uploads\/2016\/06\/Gn009.jpg'><img loading=\"lazy\" decoding=\"async\" width=\"150\" height=\"150\" src=\"https:\/\/korsarger3500.de\/wp-content\/uploads\/2016\/06\/Gn009-150x150.jpg\" class=\"attachment-thumbnail size-thumbnail\" alt=\"\" \/><\/a>\n\t\t\t<\/div><\/figure>\n\t\t<\/div>\n\n<p style=\"text-align: justify;\">Namen bekommt. Das Aufbauen der beiden Schiffe geht nur im Teamwork, und viele halfen mit. Ich wurde dann auch von meinem Plastik\u00fcberzug befreit und aufgebaut. Den ganzen Samstag warteten wir auf Wind. Es kam keiner und so wurde ich dann bald wieder abgedeckt. Die Crews besch\u00e4ftigten sich derweil mit verschiedenen Spielen und bereiteten schon mal das traditionelle Lagerfeuer<\/p>\n<div id='gallery-2' class='gallery galleryid-2292 gallery-columns-4 gallery-size-thumbnail'><figure class='gallery-item'>\n\t\t\t<div class='gallery-icon landscape'>\n\t\t\t\t<a href='https:\/\/korsarger3500.de\/wp-content\/uploads\/2016\/06\/Gn029.jpg'><img loading=\"lazy\" decoding=\"async\" width=\"150\" height=\"150\" src=\"https:\/\/korsarger3500.de\/wp-content\/uploads\/2016\/06\/Gn029-150x150.jpg\" class=\"attachment-thumbnail size-thumbnail\" alt=\"\" \/><\/a>\n\t\t\t<\/div><\/figure><figure class='gallery-item'>\n\t\t\t<div class='gallery-icon landscape'>\n\t\t\t\t<a href='https:\/\/korsarger3500.de\/wp-content\/uploads\/2016\/06\/Gn028.jpg'><img loading=\"lazy\" decoding=\"async\" width=\"150\" height=\"150\" src=\"https:\/\/korsarger3500.de\/wp-content\/uploads\/2016\/06\/Gn028-150x150.jpg\" class=\"attachment-thumbnail size-thumbnail\" alt=\"\" \/><\/a>\n\t\t\t<\/div><\/figure><figure class='gallery-item'>\n\t\t\t<div class='gallery-icon landscape'>\n\t\t\t\t<a href='https:\/\/korsarger3500.de\/wp-content\/uploads\/2016\/06\/Gn002.jpg'><img loading=\"lazy\" decoding=\"async\" width=\"150\" height=\"150\" src=\"https:\/\/korsarger3500.de\/wp-content\/uploads\/2016\/06\/Gn002-150x150.jpg\" class=\"attachment-thumbnail size-thumbnail\" alt=\"\" \/><\/a>\n\t\t\t<\/div><\/figure><figure class='gallery-item'>\n\t\t\t<div class='gallery-icon landscape'>\n\t\t\t\t<a href='https:\/\/korsarger3500.de\/wp-content\/uploads\/2016\/06\/Gn003.jpg'><img loading=\"lazy\" decoding=\"async\" width=\"150\" height=\"150\" src=\"https:\/\/korsarger3500.de\/wp-content\/uploads\/2016\/06\/Gn003-150x150.jpg\" class=\"attachment-thumbnail size-thumbnail\" alt=\"\" \/><\/a>\n\t\t\t<\/div><\/figure>\n\t\t<\/div>\n\n<p style=\"text-align: justify;\">vor. Zum Gl\u00fcck h\u00f6rte es auf zu regnen. Der Abend war, wie immer hier, &#8230; lang. Am n\u00e4chsten morgen war das Wetter besser aber es kam immer noch kein Wind auf. Als sich endlich ein L\u00fcftchen zeigte sind wir gleich auf den See um wenigsten ein bisschen zu segeln. Das reichte f\u00fcr ne Runde um den See. Auf einmal kamen alle Schiffe auf den See. Der Wettfahrleiter wollte es wohl wissen. Es wurde eine Wettfahrt gestartet und wir lagen nicht schlecht am Startschiff. Peng, Peng, Peng &#8230; das war es auch schon, nach 30 Sekunden wurde<a href=\"http:\/\/korsarger3500.de\/wp-content\/uploads\/2016\/06\/Gn021.jpg\" rel=\"attachment wp-att-2314\" data-lbwps-width=\"4000\" data-lbwps-height=\"3000\" data-lbwps-srcsmall=\"https:\/\/korsarger3500.de\/wp-content\/uploads\/2016\/06\/Gn021-300x225.jpg\"><img loading=\"lazy\" decoding=\"async\" class=\"alignleft wp-image-2314 size-thumbnail\" src=\"http:\/\/korsarger3500.de\/wp-content\/uploads\/2016\/06\/Gn021-150x150.jpg\" alt=\"Gn021\" width=\"150\" height=\"150\" \/><\/a> die Wettfahrt abgeschossen weil der Wind komplett einschlief. Zwei Schiffe direkt vor uns hatten einen Fehlstart gemacht.\u00a0 Es war hei\u00df und die Crew paddelte mich eine zeitlang zur\u00fcck. Dann sprang Skipper ins Wasser und ich wurden von Ihm geschoben;- Auch mal sch\u00f6n. Beim Abbauen lie\u00dfen sich alle Zeit. Jetzt ging es noch darum die begehrten Spargelk\u00f6rbe zu verteilen. Da kein Wettfahrtergebnis da war wurden diese verlost. Die Gl\u00fccksjungfrau zog dann glatt die Segelnummer eines der beiden<a href=\"http:\/\/korsarger3500.de\/wp-content\/uploads\/2016\/06\/Gn031.jpg\" rel=\"attachment wp-att-2324\" data-lbwps-width=\"4000\" data-lbwps-height=\"3000\" data-lbwps-srcsmall=\"https:\/\/korsarger3500.de\/wp-content\/uploads\/2016\/06\/Gn031-300x225.jpg\"><img loading=\"lazy\" decoding=\"async\" class=\"alignright wp-image-2324 size-thumbnail\" src=\"http:\/\/korsarger3500.de\/wp-content\/uploads\/2016\/06\/Gn031-150x150.jpg\" alt=\"Gn031\" width=\"150\" height=\"150\" \/><\/a> Fr\u00fchstarter. Nach einer allgemeinen Verabschiedung ging es dann wieder bei sch\u00f6nstem Cabriowetter heim. Da w\u00e4re mir meinen Baumwollpersenning lieber gewesen, unter dem Plastik wird es tierisch hei\u00df. Egal ob Wind oder kein Wind, bei Spargelcup gef\u00e4llt es mir immer gut. Also bis n\u00e4chstes Jahr.<\/p>\n<p style=\"text-align: justify;\">noch ein paar Bilder&#8230;<\/p>\n<div id='gallery-3' class='gallery galleryid-2292 gallery-columns-4 gallery-size-thumbnail'><figure class='gallery-item'>\n\t\t\t<div class='gallery-icon landscape'>\n\t\t\t\t<a href='https:\/\/korsarger3500.de\/wp-content\/uploads\/2016\/06\/Gn033.jpg'><img loading=\"lazy\" decoding=\"async\" width=\"150\" height=\"150\" src=\"https:\/\/korsarger3500.de\/wp-content\/uploads\/2016\/06\/Gn033-150x150.jpg\" class=\"attachment-thumbnail size-thumbnail\" alt=\"\" \/><\/a>\n\t\t\t<\/div><\/figure><figure class='gallery-item'>\n\t\t\t<div class='gallery-icon landscape'>\n\t\t\t\t<a href='https:\/\/korsarger3500.de\/wp-content\/uploads\/2016\/06\/Gn027.jpg'><img loading=\"lazy\" decoding=\"async\" width=\"150\" height=\"150\" src=\"https:\/\/korsarger3500.de\/wp-content\/uploads\/2016\/06\/Gn027-150x150.jpg\" class=\"attachment-thumbnail size-thumbnail\" alt=\"\" \/><\/a>\n\t\t\t<\/div><\/figure><figure class='gallery-item'>\n\t\t\t<div class='gallery-icon landscape'>\n\t\t\t\t<a href='https:\/\/korsarger3500.de\/wp-content\/uploads\/2016\/06\/Gn026.jpg'><img loading=\"lazy\" decoding=\"async\" width=\"150\" height=\"150\" src=\"https:\/\/korsarger3500.de\/wp-content\/uploads\/2016\/06\/Gn026-150x150.jpg\" class=\"attachment-thumbnail size-thumbnail\" alt=\"\" \/><\/a>\n\t\t\t<\/div><\/figure><figure class='gallery-item'>\n\t\t\t<div class='gallery-icon landscape'>\n\t\t\t\t<a href='https:\/\/korsarger3500.de\/wp-content\/uploads\/2016\/06\/Gn025.jpg'><img loading=\"lazy\" decoding=\"async\" width=\"150\" height=\"150\" src=\"https:\/\/korsarger3500.de\/wp-content\/uploads\/2016\/06\/Gn025-150x150.jpg\" class=\"attachment-thumbnail size-thumbnail\" alt=\"\" \/><\/a>\n\t\t\t<\/div><\/figure><figure class='gallery-item'>\n\t\t\t<div class='gallery-icon landscape'>\n\t\t\t\t<a href='https:\/\/korsarger3500.de\/wp-content\/uploads\/2016\/06\/Gn024.jpg'><img loading=\"lazy\" decoding=\"async\" width=\"150\" height=\"150\" src=\"https:\/\/korsarger3500.de\/wp-content\/uploads\/2016\/06\/Gn024-150x150.jpg\" class=\"attachment-thumbnail size-thumbnail\" alt=\"\" \/><\/a>\n\t\t\t<\/div><\/figure><figure class='gallery-item'>\n\t\t\t<div class='gallery-icon landscape'>\n\t\t\t\t<a href='https:\/\/korsarger3500.de\/wp-content\/uploads\/2016\/06\/Gn010.jpg'><img loading=\"lazy\" decoding=\"async\" width=\"150\" height=\"150\" src=\"https:\/\/korsarger3500.de\/wp-content\/uploads\/2016\/06\/Gn010-150x150.jpg\" class=\"attachment-thumbnail size-thumbnail\" alt=\"\" \/><\/a>\n\t\t\t<\/div><\/figure><figure class='gallery-item'>\n\t\t\t<div class='gallery-icon landscape'>\n\t\t\t\t<a href='https:\/\/korsarger3500.de\/wp-content\/uploads\/2016\/06\/Gn018.jpg'><img loading=\"lazy\" decoding=\"async\" width=\"150\" height=\"150\" src=\"https:\/\/korsarger3500.de\/wp-content\/uploads\/2016\/06\/Gn018-150x150.jpg\" class=\"attachment-thumbnail size-thumbnail\" alt=\"\" \/><\/a>\n\t\t\t<\/div><\/figure><figure class='gallery-item'>\n\t\t\t<div class='gallery-icon landscape'>\n\t\t\t\t<a href='https:\/\/korsarger3500.de\/wp-content\/uploads\/2016\/06\/Gn016.jpg'><img loading=\"lazy\" decoding=\"async\" width=\"150\" height=\"150\" src=\"https:\/\/korsarger3500.de\/wp-content\/uploads\/2016\/06\/Gn016-150x150.jpg\" class=\"attachment-thumbnail size-thumbnail\" alt=\"\" \/><\/a>\n\t\t\t<\/div><\/figure><figure class='gallery-item'>\n\t\t\t<div class='gallery-icon landscape'>\n\t\t\t\t<a href='https:\/\/korsarger3500.de\/wp-content\/uploads\/2016\/06\/Gn017.jpg'><img loading=\"lazy\" decoding=\"async\" width=\"150\" height=\"150\" src=\"https:\/\/korsarger3500.de\/wp-content\/uploads\/2016\/06\/Gn017-150x150.jpg\" class=\"attachment-thumbnail size-thumbnail\" alt=\"\" \/><\/a>\n\t\t\t<\/div><\/figure><figure class='gallery-item'>\n\t\t\t<div class='gallery-icon landscape'>\n\t\t\t\t<a href='https:\/\/korsarger3500.de\/wp-content\/uploads\/2016\/06\/Gn011.jpg'><img loading=\"lazy\" decoding=\"async\" width=\"150\" height=\"150\" src=\"https:\/\/korsarger3500.de\/wp-content\/uploads\/2016\/06\/Gn011-150x150.jpg\" class=\"attachment-thumbnail size-thumbnail\" alt=\"\" \/><\/a>\n\t\t\t<\/div><\/figure><figure class='gallery-item'>\n\t\t\t<div class='gallery-icon landscape'>\n\t\t\t\t<a href='https:\/\/korsarger3500.de\/wp-content\/uploads\/2016\/06\/Gn023.jpg'><img loading=\"lazy\" decoding=\"async\" width=\"150\" height=\"150\" src=\"https:\/\/korsarger3500.de\/wp-content\/uploads\/2016\/06\/Gn023-150x150.jpg\" class=\"attachment-thumbnail size-thumbnail\" alt=\"\" \/><\/a>\n\t\t\t<\/div><\/figure><figure class='gallery-item'>\n\t\t\t<div class='gallery-icon landscape'>\n\t\t\t\t<a href='https:\/\/korsarger3500.de\/wp-content\/uploads\/2016\/06\/Gn022.jpg'><img loading=\"lazy\" decoding=\"async\" width=\"150\" height=\"150\" src=\"https:\/\/korsarger3500.de\/wp-content\/uploads\/2016\/06\/Gn022-150x150.jpg\" class=\"attachment-thumbnail size-thumbnail\" alt=\"\" \/><\/a>\n\t\t\t<\/div><\/figure><figure class='gallery-item'>\n\t\t\t<div class='gallery-icon landscape'>\n\t\t\t\t<a href='https:\/\/korsarger3500.de\/wp-content\/uploads\/2016\/06\/Gn012.jpg'><img loading=\"lazy\" decoding=\"async\" width=\"150\" height=\"150\" src=\"https:\/\/korsarger3500.de\/wp-content\/uploads\/2016\/06\/Gn012-150x150.jpg\" class=\"attachment-thumbnail size-thumbnail\" alt=\"\" \/><\/a>\n\t\t\t<\/div><\/figure><figure class='gallery-item'>\n\t\t\t<div class='gallery-icon landscape'>\n\t\t\t\t<a href='https:\/\/korsarger3500.de\/wp-content\/uploads\/2016\/06\/Gn015.jpg'><img loading=\"lazy\" decoding=\"async\" width=\"150\" height=\"150\" src=\"https:\/\/korsarger3500.de\/wp-content\/uploads\/2016\/06\/Gn015-150x150.jpg\" class=\"attachment-thumbnail size-thumbnail\" alt=\"\" \/><\/a>\n\t\t\t<\/div><\/figure><figure class='gallery-item'>\n\t\t\t<div class='gallery-icon landscape'>\n\t\t\t\t<a href='https:\/\/korsarger3500.de\/wp-content\/uploads\/2016\/06\/Gn014.jpg'><img loading=\"lazy\" decoding=\"async\" width=\"150\" height=\"150\" src=\"https:\/\/korsarger3500.de\/wp-content\/uploads\/2016\/06\/Gn014-150x150.jpg\" class=\"attachment-thumbnail size-thumbnail\" alt=\"\" \/><\/a>\n\t\t\t<\/div><\/figure><figure class='gallery-item'>\n\t\t\t<div class='gallery-icon landscape'>\n\t\t\t\t<a href='https:\/\/korsarger3500.de\/wp-content\/uploads\/2016\/06\/Gn032.jpg'><img loading=\"lazy\" decoding=\"async\" width=\"150\" height=\"150\" src=\"https:\/\/korsarger3500.de\/wp-content\/uploads\/2016\/06\/Gn032-150x150.jpg\" class=\"attachment-thumbnail size-thumbnail\" alt=\"\" \/><\/a>\n\t\t\t<\/div><\/figure>\n\t\t<\/div>\n\n<p style=\"text-align: justify;\">ah- so gewonnen hat&#8230; jeder, gab es doch f\u00fcr jede Crew Spargel und Wein.<\/p>\n<p><a href=\"http:\/\/korsarger3500.de\/index.php\/kuhschellen-regatta-2016\/\">weiter <\/a>\u2026oder zur <a href=\"http:\/\/korsarger3500.de\/\">Startseite<\/a><\/p>\n","protected":false},"excerpt":{"rendered":"<p>Wieder was gelernt. Beim Spargelcup in Graben-Neudorf kann man sogar als Fr\u00fchstarter einen gro\u00dfen Bund Spargel gewinnen. Aber der Reihe nach.\u00a0 Samstag morgen, ich stehe bepackt in der Garage und warte drauf das es los geht. Es ist ein bisschen schwerer auf meinem Deck. Liegt wohl an der neuen PVC Persening. Das hei\u00dft drau\u00dfen regnet &hellip; <a href=\"https:\/\/korsarger3500.de\/index.php\/spargel-cup-graben-neudorf-2016\/\" class=\"more-link\"><span class=\"screen-reader-text\">Spargel-Cup Graben-Neudorf 2016<\/span> weiterlesen<\/a><\/p>\n","protected":false},"author":1,"featured_media":0,"parent":0,"menu_order":0,"comment_status":"closed","ping_status":"closed","template":"","meta":{"footnotes":""},"class_list":["post-2292","page","type-page","status-publish","hentry"],"_links":{"self":[{"href":"https:\/\/korsarger3500.de\/index.php\/wp-json\/wp\/v2\/pages\/2292","targetHints":{"allow":["GET"]}}],"collection":[{"href":"https:\/\/korsarger3500.de\/index.php\/wp-json\/wp\/v2\/pages"}],"about":[{"href":"https:\/\/korsarger3500.de\/index.php\/wp-json\/wp\/v2\/types\/page"}],"author":[{"embeddable":true,"href":"https:\/\/korsarger3500.de\/index.php\/wp-json\/wp\/v2\/users\/1"}],"replies":[{"embeddable":true,"href":"https:\/\/korsarger3500.de\/index.php\/wp-json\/wp\/v2\/comments?post=2292"}],"version-history":[{"count":15,"href":"https:\/\/korsarger3500.de\/index.php\/wp-json\/wp\/v2\/pages\/2292\/revisions"}],"predecessor-version":[{"id":2430,"href":"https:\/\/korsarger3500.de\/index.php\/wp-json\/wp\/v2\/pages\/2292\/revisions\/2430"}],"wp:attachment":[{"href":"https:\/\/korsarger3500.de\/index.php\/wp-json\/wp\/v2\/media?parent=2292"}],"curies":[{"name":"wp","href":"https:\/\/api.w.org\/{rel}","templated":true}]}}