{"id":1967,"date":"2016-04-10T19:45:17","date_gmt":"2016-04-10T17:45:17","guid":{"rendered":"http:\/\/korsarger3500.de\/?page_id=1967"},"modified":"2016-04-13T20:27:50","modified_gmt":"2016-04-13T18:27:50","slug":"rsc-meister-2015","status":"publish","type":"page","link":"https:\/\/korsarger3500.de\/index.php\/rsc-meister-2015\/","title":{"rendered":"RSC Meister 2015"},"content":{"rendered":"<p style=\"text-align: justify;\">Die Meisterschaft des RSC 2015 stand an. Das es mittlerweile knapp zwischen den Becker Buben und uns zugeht wei\u00df ich ja, aber dieses mal sollte es um Sekunden gehen. Der Reihe nach. Am Samstag starteten 10 Schiffe in der Ausgleicher Regatta auf den Stausee Losheim. Es waren leider nur 3 Jollen, ein 470er, ein 420er und ich, der Rest waren Dickschiffe. Auf dem Wasser waren die Dicken nat\u00fcrlich keine Konkurrenz, aber auf dem Papier. Den ersten Lauf am Samstag gewann ich mit knapp 2 Minuten Vorsprung vor dem 420er von Anika und Marten. Eine Sekunde dahinter waren Guido und Oli im 470er. Den zweiten Lauf gewann dann der 470er eine halbe Minute vor uns. Somit lagen wir am Ende des Tages auf Platz eins. Den Abend lie\u00dfen die Mannschaften dann auf der Terrasse des RSC-Clubhauses ausklingen. <a href=\"http:\/\/korsarger3500.de\/wp-content\/uploads\/2016\/04\/RSC-2015-01.jpg\" rel=\"attachment wp-att-1968\" data-lbwps-width=\"4000\" data-lbwps-height=\"3000\" data-lbwps-srcsmall=\"https:\/\/korsarger3500.de\/wp-content\/uploads\/2016\/04\/RSC-2015-01-300x225.jpg\"><img loading=\"lazy\" decoding=\"async\" class=\"alignright wp-image-1968 size-thumbnail\" src=\"http:\/\/korsarger3500.de\/wp-content\/uploads\/2016\/04\/RSC-2015-01-150x150.jpg\" alt=\"Taubenschw\u00e4nzchen beim Nektar sammeln\" width=\"150\" height=\"150\" \/><\/a> Ein Taubenschw\u00e4nzchen wurde vom Skipper beim<a href=\"http:\/\/korsarger3500.de\/wp-content\/uploads\/2016\/04\/RSC-2015-02.jpg\" rel=\"attachment wp-att-1969\" data-lbwps-width=\"4000\" data-lbwps-height=\"3000\" data-lbwps-srcsmall=\"https:\/\/korsarger3500.de\/wp-content\/uploads\/2016\/04\/RSC-2015-02-300x225.jpg\"><img loading=\"lazy\" decoding=\"async\" class=\"alignleft wp-image-1969 size-thumbnail\" src=\"http:\/\/korsarger3500.de\/wp-content\/uploads\/2016\/04\/RSC-2015-02-150x150.jpg\" alt=\"Taubenschw\u00e4nzchen beim Nektar sammeln\" width=\"150\" height=\"150\" \/><\/a> Nektar sammeln beobachtet. Der kleine Kerl man\u00f6vriert wie ein Kolibri &#8211; also besser als ich. Kein Wunder er hat ja Fl\u00fcgel und ich nur Segel. Am folgenden Tag hatte die Wettfahrleitung die geniale Idee die Ziellinie in den Vorwindkurs zu legen. Na so was, das war auch f\u00fcr mich neu. W\u00e4hrend der L\u00e4ufe lieferten lieferte ich mir mit dem 470er hei\u00dfe K\u00e4mpfe. Mal lag er vorne,\u00a0 mal ich. Die beiden Zieleinl\u00e4ufe gewann jedoch der 470er mit jeweils einer Sekunde Vorsprung. Diese beiden Sekunden kosteten uns im Gesamtergebnis den Sieg. Meine Schuld war das allerdings nicht. Das geht voll und ganz auf die Kappe vom Skipper.<\/p>\n<div id='gallery-1' class='gallery galleryid-1967 gallery-columns-4 gallery-size-thumbnail'><figure class='gallery-item'>\n\t\t\t<div class='gallery-icon landscape'>\n\t\t\t\t<a href='https:\/\/korsarger3500.de\/wp-content\/uploads\/2016\/04\/Ziel_0.jpg'><img loading=\"lazy\" decoding=\"async\" width=\"150\" height=\"150\" src=\"https:\/\/korsarger3500.de\/wp-content\/uploads\/2016\/04\/Ziel_0-150x150.jpg\" class=\"attachment-thumbnail size-thumbnail\" alt=\"\" \/><\/a>\n\t\t\t<\/div><\/figure><figure class='gallery-item'>\n\t\t\t<div class='gallery-icon landscape'>\n\t\t\t\t<a href='https:\/\/korsarger3500.de\/wp-content\/uploads\/2016\/04\/Ziel_1.jpg'><img loading=\"lazy\" decoding=\"async\" width=\"150\" height=\"150\" src=\"https:\/\/korsarger3500.de\/wp-content\/uploads\/2016\/04\/Ziel_1-150x150.jpg\" class=\"attachment-thumbnail size-thumbnail\" alt=\"\" \/><\/a>\n\t\t\t<\/div><\/figure><figure class='gallery-item'>\n\t\t\t<div class='gallery-icon landscape'>\n\t\t\t\t<a href='https:\/\/korsarger3500.de\/wp-content\/uploads\/2016\/04\/Ziel_2.jpg'><img loading=\"lazy\" decoding=\"async\" width=\"150\" height=\"150\" src=\"https:\/\/korsarger3500.de\/wp-content\/uploads\/2016\/04\/Ziel_2-150x150.jpg\" class=\"attachment-thumbnail size-thumbnail\" alt=\"\" \/><\/a>\n\t\t\t<\/div><\/figure><figure class='gallery-item'>\n\t\t\t<div class='gallery-icon landscape'>\n\t\t\t\t<a href='https:\/\/korsarger3500.de\/wp-content\/uploads\/2016\/04\/Ziel_3.jpg'><img loading=\"lazy\" decoding=\"async\" width=\"150\" height=\"150\" src=\"https:\/\/korsarger3500.de\/wp-content\/uploads\/2016\/04\/Ziel_3-150x150.jpg\" class=\"attachment-thumbnail size-thumbnail\" alt=\"\" \/><\/a>\n\t\t\t<\/div><\/figure>\n\t\t<\/div>\n\n<p style=\"text-align: justify;\">Beim ersten Zieleinlauf hat er n\u00e4mlich die Leetonne mit der Zielboje verwechselt und den Spi 25 Meter zu fr\u00fch runter gezogen. Wie soll ich bitte ohne Spi und Genua da noch den Speed halten. Der 470er kam angeflogen und hat uns dann auf der Linie kassiert und zwar um 20cm &#8211; so ein Mist !!\u00a0 \u00a0 \u00a0 \u00a0 \u00a0 \u00a0 \u00a0 Hier die Szene als Clip.<\/p>\n<div style=\"width: 660px;\" class=\"wp-video\"><video class=\"wp-video-shortcode\" id=\"video-1967-1\" width=\"660\" height=\"528\" preload=\"metadata\" controls=\"controls\"><source type=\"video\/mp4\" src=\"http:\/\/korsarger3500.de\/wp-content\/uploads\/2016\/03\/RSC_Zieleinlauf.mp4?_=1\" \/><a href=\"http:\/\/korsarger3500.de\/wp-content\/uploads\/2016\/03\/RSC_Zieleinlauf.mp4\">http:\/\/korsarger3500.de\/wp-content\/uploads\/2016\/03\/RSC_Zieleinlauf.mp4<\/a><\/video><\/div>\n<p>Beim letzten Lauf lagen wir knapp hinten und ich h\u00e4tte Ihn fast noch erwischt. Zwei oder drei Meter mehr und es h\u00e4tte gereicht. Auch hier war die letzten Sekunden entscheidend.<\/p>\n<div style=\"width: 660px;\" class=\"wp-video\"><video class=\"wp-video-shortcode\" id=\"video-1967-2\" width=\"660\" height=\"528\" preload=\"metadata\" controls=\"controls\"><source type=\"video\/mp4\" src=\"http:\/\/korsarger3500.de\/wp-content\/uploads\/2016\/04\/RSC_Zieleinlauf2.mp4?_=2\" \/><a href=\"http:\/\/korsarger3500.de\/wp-content\/uploads\/2016\/04\/RSC_Zieleinlauf2.mp4\">http:\/\/korsarger3500.de\/wp-content\/uploads\/2016\/04\/RSC_Zieleinlauf2.mp4<\/a><\/video><\/div>\n<p>Hier noch ein paar Impressionen von der Regatta.<\/p>\n<div id='gallery-2' class='gallery galleryid-1967 gallery-columns-4 gallery-size-thumbnail'><figure class='gallery-item'>\n\t\t\t<div class='gallery-icon landscape'>\n\t\t\t\t<a href='https:\/\/korsarger3500.de\/wp-content\/uploads\/2016\/04\/RSC-2015-25.jpg'><img loading=\"lazy\" decoding=\"async\" width=\"150\" height=\"150\" src=\"https:\/\/korsarger3500.de\/wp-content\/uploads\/2016\/04\/RSC-2015-25-150x150.jpg\" class=\"attachment-thumbnail size-thumbnail\" alt=\"\" \/><\/a>\n\t\t\t<\/div><\/figure><figure class='gallery-item'>\n\t\t\t<div class='gallery-icon landscape'>\n\t\t\t\t<a href='https:\/\/korsarger3500.de\/wp-content\/uploads\/2016\/04\/RSC-2015-06.jpg'><img loading=\"lazy\" decoding=\"async\" width=\"150\" height=\"150\" src=\"https:\/\/korsarger3500.de\/wp-content\/uploads\/2016\/04\/RSC-2015-06-150x150.jpg\" class=\"attachment-thumbnail size-thumbnail\" alt=\"\" \/><\/a>\n\t\t\t<\/div><\/figure><figure class='gallery-item'>\n\t\t\t<div class='gallery-icon landscape'>\n\t\t\t\t<a href='https:\/\/korsarger3500.de\/wp-content\/uploads\/2016\/04\/RSC-2015-07.jpg'><img loading=\"lazy\" decoding=\"async\" width=\"150\" height=\"150\" src=\"https:\/\/korsarger3500.de\/wp-content\/uploads\/2016\/04\/RSC-2015-07-150x150.jpg\" class=\"attachment-thumbnail size-thumbnail\" alt=\"\" \/><\/a>\n\t\t\t<\/div><\/figure><figure class='gallery-item'>\n\t\t\t<div class='gallery-icon landscape'>\n\t\t\t\t<a href='https:\/\/korsarger3500.de\/wp-content\/uploads\/2016\/04\/RSC-2015-08.jpg'><img loading=\"lazy\" decoding=\"async\" width=\"150\" height=\"150\" src=\"https:\/\/korsarger3500.de\/wp-content\/uploads\/2016\/04\/RSC-2015-08-150x150.jpg\" class=\"attachment-thumbnail size-thumbnail\" alt=\"\" \/><\/a>\n\t\t\t<\/div><\/figure><figure class='gallery-item'>\n\t\t\t<div class='gallery-icon landscape'>\n\t\t\t\t<a href='https:\/\/korsarger3500.de\/wp-content\/uploads\/2016\/04\/RSC-2015-35.jpg'><img loading=\"lazy\" decoding=\"async\" width=\"150\" height=\"150\" src=\"https:\/\/korsarger3500.de\/wp-content\/uploads\/2016\/04\/RSC-2015-35-150x150.jpg\" class=\"attachment-thumbnail size-thumbnail\" alt=\"\" \/><\/a>\n\t\t\t<\/div><\/figure><figure class='gallery-item'>\n\t\t\t<div class='gallery-icon landscape'>\n\t\t\t\t<a href='https:\/\/korsarger3500.de\/wp-content\/uploads\/2016\/04\/RSC-2015-12.jpg'><img loading=\"lazy\" decoding=\"async\" width=\"150\" height=\"150\" src=\"https:\/\/korsarger3500.de\/wp-content\/uploads\/2016\/04\/RSC-2015-12-150x150.jpg\" class=\"attachment-thumbnail size-thumbnail\" alt=\"\" \/><\/a>\n\t\t\t<\/div><\/figure><figure class='gallery-item'>\n\t\t\t<div class='gallery-icon landscape'>\n\t\t\t\t<a href='https:\/\/korsarger3500.de\/wp-content\/uploads\/2016\/04\/RSC-2015-36.jpg'><img loading=\"lazy\" decoding=\"async\" width=\"150\" height=\"150\" src=\"https:\/\/korsarger3500.de\/wp-content\/uploads\/2016\/04\/RSC-2015-36-150x150.jpg\" class=\"attachment-thumbnail size-thumbnail\" alt=\"\" \/><\/a>\n\t\t\t<\/div><\/figure><figure class='gallery-item'>\n\t\t\t<div class='gallery-icon landscape'>\n\t\t\t\t<a href='https:\/\/korsarger3500.de\/wp-content\/uploads\/2016\/04\/RSC-2015-37.jpg'><img loading=\"lazy\" decoding=\"async\" width=\"150\" height=\"150\" src=\"https:\/\/korsarger3500.de\/wp-content\/uploads\/2016\/04\/RSC-2015-37-150x150.jpg\" class=\"attachment-thumbnail size-thumbnail\" alt=\"\" \/><\/a>\n\t\t\t<\/div><\/figure><figure class='gallery-item'>\n\t\t\t<div class='gallery-icon landscape'>\n\t\t\t\t<a href='https:\/\/korsarger3500.de\/wp-content\/uploads\/2016\/04\/RSC-2015-16.jpg'><img loading=\"lazy\" decoding=\"async\" width=\"150\" height=\"150\" src=\"https:\/\/korsarger3500.de\/wp-content\/uploads\/2016\/04\/RSC-2015-16-150x150.jpg\" class=\"attachment-thumbnail size-thumbnail\" alt=\"\" \/><\/a>\n\t\t\t<\/div><\/figure><figure class='gallery-item'>\n\t\t\t<div class='gallery-icon landscape'>\n\t\t\t\t<a href='https:\/\/korsarger3500.de\/wp-content\/uploads\/2016\/04\/RSC-2015-15.jpg'><img loading=\"lazy\" decoding=\"async\" width=\"150\" height=\"150\" src=\"https:\/\/korsarger3500.de\/wp-content\/uploads\/2016\/04\/RSC-2015-15-150x150.jpg\" class=\"attachment-thumbnail size-thumbnail\" alt=\"\" \/><\/a>\n\t\t\t<\/div><\/figure><figure class='gallery-item'>\n\t\t\t<div class='gallery-icon landscape'>\n\t\t\t\t<a href='https:\/\/korsarger3500.de\/wp-content\/uploads\/2016\/04\/RSC-2015-17.jpg'><img loading=\"lazy\" decoding=\"async\" width=\"150\" height=\"150\" src=\"https:\/\/korsarger3500.de\/wp-content\/uploads\/2016\/04\/RSC-2015-17-150x150.jpg\" class=\"attachment-thumbnail size-thumbnail\" alt=\"\" \/><\/a>\n\t\t\t<\/div><\/figure><figure class='gallery-item'>\n\t\t\t<div class='gallery-icon landscape'>\n\t\t\t\t<a href='https:\/\/korsarger3500.de\/wp-content\/uploads\/2016\/04\/RSC-2015-18.jpg'><img loading=\"lazy\" decoding=\"async\" width=\"150\" height=\"150\" src=\"https:\/\/korsarger3500.de\/wp-content\/uploads\/2016\/04\/RSC-2015-18-150x150.jpg\" class=\"attachment-thumbnail size-thumbnail\" alt=\"\" \/><\/a>\n\t\t\t<\/div><\/figure><figure class='gallery-item'>\n\t\t\t<div class='gallery-icon landscape'>\n\t\t\t\t<a href='https:\/\/korsarger3500.de\/wp-content\/uploads\/2016\/04\/RSC-2015-19.jpg'><img loading=\"lazy\" decoding=\"async\" width=\"150\" height=\"150\" src=\"https:\/\/korsarger3500.de\/wp-content\/uploads\/2016\/04\/RSC-2015-19-150x150.jpg\" class=\"attachment-thumbnail size-thumbnail\" alt=\"\" \/><\/a>\n\t\t\t<\/div><\/figure><figure class='gallery-item'>\n\t\t\t<div class='gallery-icon landscape'>\n\t\t\t\t<a href='https:\/\/korsarger3500.de\/wp-content\/uploads\/2016\/04\/RSC-2015-21.jpg'><img loading=\"lazy\" decoding=\"async\" width=\"150\" height=\"150\" src=\"https:\/\/korsarger3500.de\/wp-content\/uploads\/2016\/04\/RSC-2015-21-150x150.jpg\" class=\"attachment-thumbnail size-thumbnail\" alt=\"\" \/><\/a>\n\t\t\t<\/div><\/figure><figure class='gallery-item'>\n\t\t\t<div class='gallery-icon landscape'>\n\t\t\t\t<a href='https:\/\/korsarger3500.de\/wp-content\/uploads\/2016\/04\/RSC-2015-23.jpg'><img loading=\"lazy\" decoding=\"async\" width=\"150\" height=\"150\" src=\"https:\/\/korsarger3500.de\/wp-content\/uploads\/2016\/04\/RSC-2015-23-150x150.jpg\" class=\"attachment-thumbnail size-thumbnail\" alt=\"\" \/><\/a>\n\t\t\t<\/div><\/figure><figure class='gallery-item'>\n\t\t\t<div class='gallery-icon landscape'>\n\t\t\t\t<a href='https:\/\/korsarger3500.de\/wp-content\/uploads\/2016\/04\/RSC-2015-24.jpg'><img loading=\"lazy\" decoding=\"async\" width=\"150\" height=\"150\" src=\"https:\/\/korsarger3500.de\/wp-content\/uploads\/2016\/04\/RSC-2015-24-150x150.jpg\" class=\"attachment-thumbnail size-thumbnail\" alt=\"\" \/><\/a>\n\t\t\t<\/div><\/figure><figure class='gallery-item'>\n\t\t\t<div class='gallery-icon landscape'>\n\t\t\t\t<a href='https:\/\/korsarger3500.de\/wp-content\/uploads\/2016\/04\/RSC-2015-29.jpg'><img loading=\"lazy\" decoding=\"async\" width=\"150\" height=\"150\" src=\"https:\/\/korsarger3500.de\/wp-content\/uploads\/2016\/04\/RSC-2015-29-150x150.jpg\" class=\"attachment-thumbnail size-thumbnail\" alt=\"\" \/><\/a>\n\t\t\t<\/div><\/figure><figure class='gallery-item'>\n\t\t\t<div class='gallery-icon landscape'>\n\t\t\t\t<a href='https:\/\/korsarger3500.de\/wp-content\/uploads\/2016\/04\/RSC-2015-39.jpg'><img loading=\"lazy\" decoding=\"async\" width=\"150\" height=\"150\" src=\"https:\/\/korsarger3500.de\/wp-content\/uploads\/2016\/04\/RSC-2015-39-150x150.jpg\" class=\"attachment-thumbnail size-thumbnail\" alt=\"\" \/><\/a>\n\t\t\t<\/div><\/figure><figure class='gallery-item'>\n\t\t\t<div class='gallery-icon landscape'>\n\t\t\t\t<a href='https:\/\/korsarger3500.de\/wp-content\/uploads\/2016\/04\/RSC-2015-40.jpg'><img loading=\"lazy\" decoding=\"async\" width=\"150\" height=\"150\" src=\"https:\/\/korsarger3500.de\/wp-content\/uploads\/2016\/04\/RSC-2015-40-150x150.jpg\" class=\"attachment-thumbnail size-thumbnail\" alt=\"\" \/><\/a>\n\t\t\t<\/div><\/figure><figure class='gallery-item'>\n\t\t\t<div class='gallery-icon landscape'>\n\t\t\t\t<a href='https:\/\/korsarger3500.de\/wp-content\/uploads\/2016\/04\/RSC-2015-41.jpg'><img loading=\"lazy\" decoding=\"async\" width=\"150\" height=\"150\" src=\"https:\/\/korsarger3500.de\/wp-content\/uploads\/2016\/04\/RSC-2015-41-150x150.jpg\" class=\"attachment-thumbnail size-thumbnail\" alt=\"\" \/><\/a>\n\t\t\t<\/div><\/figure>\n\t\t<\/div>\n\n<p><a href=\"http:\/\/korsarger3500.de\/index.php\/langener-waldsee-2015\/\">Weiter<\/a>&#8230;oder zur <a href=\"http:\/\/korsarger3500.de\/\">Startseite<\/a><\/p>\n","protected":false},"excerpt":{"rendered":"<p>Die Meisterschaft des RSC 2015 stand an. Das es mittlerweile knapp zwischen den Becker Buben und uns zugeht wei\u00df ich ja, aber dieses mal sollte es um Sekunden gehen. Der Reihe nach. Am Samstag starteten 10 Schiffe in der Ausgleicher Regatta auf den Stausee Losheim. Es waren leider nur 3 Jollen, ein 470er, ein 420er &hellip; <a href=\"https:\/\/korsarger3500.de\/index.php\/rsc-meister-2015\/\" class=\"more-link\"><span class=\"screen-reader-text\">RSC Meister 2015<\/span> weiterlesen<\/a><\/p>\n","protected":false},"author":1,"featured_media":0,"parent":0,"menu_order":0,"comment_status":"closed","ping_status":"closed","template":"","meta":{"footnotes":""},"class_list":["post-1967","page","type-page","status-publish","hentry"],"_links":{"self":[{"href":"https:\/\/korsarger3500.de\/index.php\/wp-json\/wp\/v2\/pages\/1967","targetHints":{"allow":["GET"]}}],"collection":[{"href":"https:\/\/korsarger3500.de\/index.php\/wp-json\/wp\/v2\/pages"}],"about":[{"href":"https:\/\/korsarger3500.de\/index.php\/wp-json\/wp\/v2\/types\/page"}],"author":[{"embeddable":true,"href":"https:\/\/korsarger3500.de\/index.php\/wp-json\/wp\/v2\/users\/1"}],"replies":[{"embeddable":true,"href":"https:\/\/korsarger3500.de\/index.php\/wp-json\/wp\/v2\/comments?post=1967"}],"version-history":[{"count":22,"href":"https:\/\/korsarger3500.de\/index.php\/wp-json\/wp\/v2\/pages\/1967\/revisions"}],"predecessor-version":[{"id":2052,"href":"https:\/\/korsarger3500.de\/index.php\/wp-json\/wp\/v2\/pages\/1967\/revisions\/2052"}],"wp:attachment":[{"href":"https:\/\/korsarger3500.de\/index.php\/wp-json\/wp\/v2\/media?parent=1967"}],"curies":[{"name":"wp","href":"https:\/\/api.w.org\/{rel}","templated":true}]}}