{"id":1798,"date":"2016-04-04T20:02:09","date_gmt":"2016-04-04T18:02:09","guid":{"rendered":"http:\/\/korsarger3500.de\/?page_id=1798"},"modified":"2022-06-14T09:17:40","modified_gmt":"2022-06-14T07:17:40","slug":"langener-waldsee-2015","status":"publish","type":"page","link":"https:\/\/korsarger3500.de\/index.php\/langener-waldsee-2015\/","title":{"rendered":"Langener Waldsee 2015"},"content":{"rendered":"<p style=\"text-align: justify;\">Nach Frankreich Cremant kaufen; Da muss ich aber sicher nicht mit, ich bleib doch lieber hier in meiner Lieblingsgarage und warte bis morgen. Dann geht\u00a0 es nach Langen zum <a href=\"http:\/\/www.dscl.de\/\">DSCL (Dreieich Segelclub Langen)<\/a>. Morgens wurden rechts und links neben meinen Schwertkasten zwei eiskalte Six-Pack Sekt, ich meine nat\u00fcrlich Cremant, gepackt. Brrr kalt. Die hat der Skipper dann aber noch gepolstert, damit ich sie nicht zum knallen bringe. So was &#8211; ich versch\u00fctte doch keinen Cremant in meinem Rumpf. Ich pass auch gut drauf auf und nasche nicht &#8211; ehrlich. Endlich ging es los und weil wir etwas knapp dran waren fuhren wir \u00fcber die Autobahn. In Langen angekommen stand der<a href=\"http:\/\/korsarger3500.de\/wp-content\/uploads\/2016\/04\/Langen2015-05.jpg\" rel=\"attachment wp-att-1802\" data-lbwps-width=\"4000\" data-lbwps-height=\"3000\" data-lbwps-srcsmall=\"https:\/\/korsarger3500.de\/wp-content\/uploads\/2016\/04\/Langen2015-05-300x225.jpg\"><img loading=\"lazy\" decoding=\"async\" class=\"alignright wp-image-1802 size-thumbnail\" src=\"http:\/\/korsarger3500.de\/wp-content\/uploads\/2016\/04\/Langen2015-05-150x150.jpg\" alt=\"Aufgebaut\" width=\"150\" height=\"150\" \/><\/a> Christian schon vor dem Tor und wies uns den Weg auf das Gel\u00e4nde. Gleich wurde die Persenning gel\u00fcftet und ich war meine heikle Fracht dann auch los. Alles war heil geblieben. Karin und Sabine hatte schon Platz im Eisschrank gemacht und die Damen verstauten das edle Ges\u00f6ff. Das Gel\u00e4nde vor der Slipbahn war sehr gro\u00df und alle hatten viel Platz zum Aufbau. Der neue steckbare Slipwagen hatte Premiere. Ruck Zuck war er zusammengesteckt und ich wurde drauf geschoben. Mast stellen, Wanten und Stag dran, Segel drauf und fertig war ich. Die Crew machte sich schnell auf den Weg zum <a href=\"http:\/\/korsarger3500.de\/wp-content\/uploads\/2016\/04\/Langen2015-12.jpg\" rel=\"attachment wp-att-1808\" data-lbwps-width=\"4000\" data-lbwps-height=\"3000\" data-lbwps-srcsmall=\"https:\/\/korsarger3500.de\/wp-content\/uploads\/2016\/04\/Langen2015-12-300x225.jpg\"><img loading=\"lazy\" decoding=\"async\" class=\"alignleft wp-image-1808 size-thumbnail\" src=\"http:\/\/korsarger3500.de\/wp-content\/uploads\/2016\/04\/Langen2015-12-150x150.jpg\" alt=\"da l\u00e4sst sichs sitzen\" width=\"150\" height=\"150\" \/><\/a>Clubheim. Die haben dort in Langen eine wundersch\u00f6ne Holzterrasse mit einem sch\u00f6nen Blick auf den See. Nachdem die Crew das Clubgel\u00e4nde inspiziert hatte war dann auch bald die Begr\u00fc\u00dfung durch Karin mit anschlie\u00dfender Steuermannsbesprechung. Irgendwann war genug geredet und es ging auf&#8217;s Wasser, schlie\u00dflich war Regatta. Wir hatten einen guten Start und erwischten auch die Winddreher richtig. Ich sah uns schon auf Platz 5 durchs Ziel fahren, dann h\u00e4tte die Crew mal einen Bericht schreiben d\u00fcrfen und nicht immer nur ich, aber wir konnten mit zwei schnellen Wenden und kurzen Schl\u00e4gen den 3660 noch \u00fcberholen. Also Platz 4 im ersten Lauf. Die Crew freute sich \u00fcber den Erfolg und segelte die Startlinie rauf und runter um die Startposition f\u00fcr den n\u00e4chsten Lauf zu ermitteln. Dabei\u00a0hatten sie dann total verpennt, dass die Wettfahrtleitung die Luvtonne verlegt hatte. Beim Start hat der Skipper auch noch ein anderes Boot behindert. Also mussten wir einen Kringel fahren und starteten als letztes Schiff. Egal, volle Kanne Richtung Luvtonne, also dahin wo sie beim ersten Lauf lag. Wir waren nicht das einzige Schiff, das diesen Weg fuhr. Pl\u00f6tzlich rief der Skipper zur Schottin &#8222;Schau mal rechts, da kommen doch welche mit Spi&#8220;. Ja richtig, wir sind voll den falschen Kurs gefahren. Also: Wende und mit Halbwind auf die\u00a0 Luvtonne gegen das entgegenkommende Feld. Super! Gl\u00fcck im Ungl\u00fcck, oder wie soll ich sagen, es waren mit uns noch zwei Andere, die sich so dumm dran gestellt hatten und ein Teil des Feldes hing vor der Tonne in einem Windloch fest. Wir kamen fast im Mittelfeld um die Tonne. Rum um die Tonne, Spi rauf, Schwert hoch und weiter gings. Auf dem Spikurs lief es gut und wir kamen wieder n\u00e4her ran. Die Leetonne kurz voraus, Spi runter, Schwert &#8230; rein, rein egal wie &#8230; aber rein muss es&#8230; Es ging nicht! Das Schwert klemmte, es wollte nicht runter. Die Schottin stellte sich sogar mit dem Fu\u00df drauf, aber es half nichts. H\u00e4tten die beiden mich mal gefragt. Es stimmte nat\u00fcrlich nix mehr, kein Kurs, keine Konzentration auf den Wind, nix. Das Schwert stand halb hoch und bewegte sich nur nach oben, nicht nach unten. Der Skipper entschied das wir das jetzt so lassen und versuchen uns mit dem &#8222;halben&#8220; Schwert ins Ziel zu retten. Das haben wir dann auch geschafft und sind doch tats\u00e4chlich noch als 17. von 24 Schiffen durchs Ziel. Nach der Zieldurchfahrt schaute Skipper mal genau. Der Schwertniederholer hatte sich in einer defekten Umlenkrolle festgefahren, d.h. die Schot klemmte zwischen Scheibe und B\u00fcgel in dem Block. Einmal mit Gewalt in die richtige Richtung gezogen und die Schot war frei und das Schwert wieder bewegbar. Zu Hause muss da aber ne neue Rolle hin. Damit war die Crew dann auch so richtig wach. Der n\u00e4chste Start klappte sehr gut und wir rundeten mit den ersten das Luvfass. Beim Spikurs blieben wir bei den vorderen Schiffen dabei und waren guter Dinge, als das Man\u00f6ver um das<a href=\"http:\/\/korsarger3500.de\/wp-content\/uploads\/2016\/04\/Langen2015-02.jpg\" rel=\"attachment wp-att-1800\" data-lbwps-width=\"4000\" data-lbwps-height=\"3000\" data-lbwps-srcsmall=\"https:\/\/korsarger3500.de\/wp-content\/uploads\/2016\/04\/Langen2015-02-300x225.jpg\"><img loading=\"lazy\" decoding=\"async\" class=\"alignright wp-image-1800 size-thumbnail\" src=\"http:\/\/korsarger3500.de\/wp-content\/uploads\/2016\/04\/Langen2015-02-150x150.jpg\" alt=\"relativ steile Slipbahn\" width=\"150\" height=\"150\" \/><\/a> Leefass problemlos klappte. Leider schlief dann der Wind ein, sodass die Wettfahrtleitung die Regatta abschie\u00dfen musste. Damit war der Regattatag gelaufen. Wir Schiffe wurden mit Hilfe der Crews den steilen Hang hinauf auf die Parkfl\u00e4che gezogen. Abgebaut und eingepackt war dann schnell. Das war scheinbar ein guter Zeitpunkt um ein Gl\u00e4schen Cremant auf der Terrasse zu kippen. Wahrscheinlich ist es nicht bei dem einen geblieben, wozu h\u00e4tte ich sonst 12 Flaschen mitschleppen sollen. Ich vermute auch, dass ich nicht das letzte Mal als Cremant-Transporter unterwegs war. Es hat aber nicht all zulange gedauert bis das Prikelwasser alle war und es nahtlos zum Freibier \u00fcber ging. Sabine und Karin hatten lecker gekocht und so sa\u00dfen die Crews noch lange im Clubhaus zusammen. Nur ab und zu schlenderte einer bei mir vorbei zu <a href=\"http:\/\/korsarger3500.de\/wp-content\/uploads\/2016\/04\/DSC_0004.jpg\" rel=\"attachment wp-att-1850\" data-lbwps-width=\"1944\" data-lbwps-height=\"2592\" data-lbwps-srcsmall=\"https:\/\/korsarger3500.de\/wp-content\/uploads\/2016\/04\/DSC_0004-225x300.jpg\"><img loading=\"lazy\" decoding=\"async\" class=\"alignleft wp-image-1850 size-thumbnail\" src=\"http:\/\/korsarger3500.de\/wp-content\/uploads\/2016\/04\/DSC_0004-150x150.jpg\" alt=\"mit Cremant\" width=\"150\" height=\"150\" \/><\/a>seinem WOMO. Der n\u00e4chste Morgen graute und &#8211; blieb grau und windfrei. Die ganze Seglermeute tummelte sich im Clubhaus und auf der Terrasse und wartete vergeblich auf den Wind. Irgend jemand muss Witze erz\u00e4hlt haben, dass Gel\u00e4chter dran bis zu uns Schiffen her\u00fcber. Bald hatte die Wettfahrtleitung ein Einsehen und beendete die Regatta. Schnell wurde ich im Nieselregen abgebaut und eingepackt. Das neue Slipwagen-System muss noch etwas ein ge\u00fcbt werden. Die Siegerehrung fand dann im Clubhaus statt und war sehr lustig. Es gab nur lachende Gesichter wurde mir berichtet. Dann wurde sich noch von allen verabschieden und f\u00fcr das n\u00e4chste Event verabredet. Oh &#8211; das ist ja erst im n\u00e4chsten Jahr &#8211; das war unsere letzte Regatta f\u00fcr diese Jahr.<\/p>\n<p style=\"text-align: justify;\">Schade &#8211; ich bin gerade so gut drauf.<\/p>\n<div id='gallery-1' class='gallery galleryid-1798 gallery-columns-4 gallery-size-thumbnail'><figure class='gallery-item'>\n\t\t\t<div class='gallery-icon landscape'>\n\t\t\t\t<a href='https:\/\/korsarger3500.de\/wp-content\/uploads\/2016\/04\/Langen2015-01.jpg'><img loading=\"lazy\" decoding=\"async\" width=\"150\" height=\"150\" src=\"https:\/\/korsarger3500.de\/wp-content\/uploads\/2016\/04\/Langen2015-01-150x150.jpg\" class=\"attachment-thumbnail size-thumbnail\" alt=\"\" \/><\/a>\n\t\t\t<\/div><\/figure><figure class='gallery-item'>\n\t\t\t<div class='gallery-icon landscape'>\n\t\t\t\t<a href='https:\/\/korsarger3500.de\/wp-content\/uploads\/2016\/04\/Langen2015-08.jpg'><img loading=\"lazy\" decoding=\"async\" width=\"150\" height=\"150\" src=\"https:\/\/korsarger3500.de\/wp-content\/uploads\/2016\/04\/Langen2015-08-150x150.jpg\" class=\"attachment-thumbnail size-thumbnail\" alt=\"\" \/><\/a>\n\t\t\t<\/div><\/figure><figure class='gallery-item'>\n\t\t\t<div class='gallery-icon landscape'>\n\t\t\t\t<a href='https:\/\/korsarger3500.de\/wp-content\/uploads\/2016\/04\/Langen2015-24.jpg'><img loading=\"lazy\" decoding=\"async\" width=\"150\" height=\"150\" src=\"https:\/\/korsarger3500.de\/wp-content\/uploads\/2016\/04\/Langen2015-24-150x150.jpg\" class=\"attachment-thumbnail size-thumbnail\" alt=\"\" \/><\/a>\n\t\t\t<\/div><\/figure><figure class='gallery-item'>\n\t\t\t<div class='gallery-icon landscape'>\n\t\t\t\t<a href='https:\/\/korsarger3500.de\/wp-content\/uploads\/2016\/04\/Langen2015-17.jpg'><img loading=\"lazy\" decoding=\"async\" width=\"150\" height=\"150\" src=\"https:\/\/korsarger3500.de\/wp-content\/uploads\/2016\/04\/Langen2015-17-150x150.jpg\" class=\"attachment-thumbnail size-thumbnail\" alt=\"\" \/><\/a>\n\t\t\t<\/div><\/figure><figure class='gallery-item'>\n\t\t\t<div class='gallery-icon landscape'>\n\t\t\t\t<a href='https:\/\/korsarger3500.de\/wp-content\/uploads\/2016\/04\/Langen2015-13.jpg'><img loading=\"lazy\" decoding=\"async\" width=\"150\" height=\"150\" src=\"https:\/\/korsarger3500.de\/wp-content\/uploads\/2016\/04\/Langen2015-13-150x150.jpg\" class=\"attachment-thumbnail size-thumbnail\" alt=\"\" \/><\/a>\n\t\t\t<\/div><\/figure><figure class='gallery-item'>\n\t\t\t<div class='gallery-icon landscape'>\n\t\t\t\t<a href='https:\/\/korsarger3500.de\/wp-content\/uploads\/2016\/04\/Langen2015-18.jpg'><img loading=\"lazy\" decoding=\"async\" width=\"150\" height=\"150\" src=\"https:\/\/korsarger3500.de\/wp-content\/uploads\/2016\/04\/Langen2015-18-150x150.jpg\" class=\"attachment-thumbnail size-thumbnail\" alt=\"\" \/><\/a>\n\t\t\t<\/div><\/figure><figure class='gallery-item'>\n\t\t\t<div class='gallery-icon landscape'>\n\t\t\t\t<a href='https:\/\/korsarger3500.de\/wp-content\/uploads\/2016\/04\/Langen2015-16.jpg'><img loading=\"lazy\" decoding=\"async\" width=\"150\" height=\"150\" src=\"https:\/\/korsarger3500.de\/wp-content\/uploads\/2016\/04\/Langen2015-16-150x150.jpg\" class=\"attachment-thumbnail size-thumbnail\" alt=\"\" \/><\/a>\n\t\t\t<\/div><\/figure><figure class='gallery-item'>\n\t\t\t<div class='gallery-icon landscape'>\n\t\t\t\t<a href='https:\/\/korsarger3500.de\/wp-content\/uploads\/2016\/04\/Langen2015-21.jpg'><img loading=\"lazy\" decoding=\"async\" width=\"150\" height=\"150\" src=\"https:\/\/korsarger3500.de\/wp-content\/uploads\/2016\/04\/Langen2015-21-150x150.jpg\" class=\"attachment-thumbnail size-thumbnail\" alt=\"\" \/><\/a>\n\t\t\t<\/div><\/figure><figure class='gallery-item'>\n\t\t\t<div class='gallery-icon landscape'>\n\t\t\t\t<a href='https:\/\/korsarger3500.de\/wp-content\/uploads\/2016\/04\/Langen2015-12.jpg'><img loading=\"lazy\" decoding=\"async\" width=\"150\" height=\"150\" src=\"https:\/\/korsarger3500.de\/wp-content\/uploads\/2016\/04\/Langen2015-12-150x150.jpg\" class=\"attachment-thumbnail size-thumbnail\" alt=\"\" \/><\/a>\n\t\t\t<\/div><\/figure><figure class='gallery-item'>\n\t\t\t<div class='gallery-icon landscape'>\n\t\t\t\t<a href='https:\/\/korsarger3500.de\/wp-content\/uploads\/2016\/04\/Langen2015-03.jpg'><img loading=\"lazy\" decoding=\"async\" width=\"150\" height=\"150\" src=\"https:\/\/korsarger3500.de\/wp-content\/uploads\/2016\/04\/Langen2015-03-150x150.jpg\" class=\"attachment-thumbnail size-thumbnail\" alt=\"\" \/><\/a>\n\t\t\t<\/div><\/figure><figure class='gallery-item'>\n\t\t\t<div class='gallery-icon landscape'>\n\t\t\t\t<a href='https:\/\/korsarger3500.de\/wp-content\/uploads\/2016\/04\/Langen2015-02.jpg'><img loading=\"lazy\" decoding=\"async\" width=\"150\" height=\"150\" src=\"https:\/\/korsarger3500.de\/wp-content\/uploads\/2016\/04\/Langen2015-02-150x150.jpg\" class=\"attachment-thumbnail size-thumbnail\" alt=\"\" \/><\/a>\n\t\t\t<\/div><\/figure><figure class='gallery-item'>\n\t\t\t<div class='gallery-icon landscape'>\n\t\t\t\t<a href='https:\/\/korsarger3500.de\/wp-content\/uploads\/2016\/04\/Langen2015-11.jpg'><img loading=\"lazy\" decoding=\"async\" width=\"150\" height=\"150\" src=\"https:\/\/korsarger3500.de\/wp-content\/uploads\/2016\/04\/Langen2015-11-150x150.jpg\" class=\"attachment-thumbnail size-thumbnail\" alt=\"\" \/><\/a>\n\t\t\t<\/div><\/figure><figure class='gallery-item'>\n\t\t\t<div class='gallery-icon landscape'>\n\t\t\t\t<a href='https:\/\/korsarger3500.de\/wp-content\/uploads\/2016\/04\/Langen2015-27.jpg'><img loading=\"lazy\" decoding=\"async\" width=\"150\" height=\"150\" src=\"https:\/\/korsarger3500.de\/wp-content\/uploads\/2016\/04\/Langen2015-27-150x150.jpg\" class=\"attachment-thumbnail size-thumbnail\" alt=\"\" \/><\/a>\n\t\t\t<\/div><\/figure><figure class='gallery-item'>\n\t\t\t<div class='gallery-icon landscape'>\n\t\t\t\t<a href='https:\/\/korsarger3500.de\/wp-content\/uploads\/2016\/04\/Langen2015-10.jpg'><img loading=\"lazy\" decoding=\"async\" width=\"150\" height=\"150\" src=\"https:\/\/korsarger3500.de\/wp-content\/uploads\/2016\/04\/Langen2015-10-150x150.jpg\" class=\"attachment-thumbnail size-thumbnail\" alt=\"\" \/><\/a>\n\t\t\t<\/div><\/figure><figure class='gallery-item'>\n\t\t\t<div class='gallery-icon landscape'>\n\t\t\t\t<a href='https:\/\/korsarger3500.de\/wp-content\/uploads\/2016\/04\/Langen2015-09.jpg'><img loading=\"lazy\" decoding=\"async\" width=\"150\" height=\"150\" src=\"https:\/\/korsarger3500.de\/wp-content\/uploads\/2016\/04\/Langen2015-09-150x150.jpg\" class=\"attachment-thumbnail size-thumbnail\" alt=\"\" \/><\/a>\n\t\t\t<\/div><\/figure><figure class='gallery-item'>\n\t\t\t<div class='gallery-icon landscape'>\n\t\t\t\t<a href='https:\/\/korsarger3500.de\/wp-content\/uploads\/2016\/04\/Langen2015-28.jpg'><img loading=\"lazy\" decoding=\"async\" width=\"150\" height=\"150\" src=\"https:\/\/korsarger3500.de\/wp-content\/uploads\/2016\/04\/Langen2015-28-150x150.jpg\" class=\"attachment-thumbnail size-thumbnail\" alt=\"\" \/><\/a>\n\t\t\t<\/div><\/figure><figure class='gallery-item'>\n\t\t\t<div class='gallery-icon landscape'>\n\t\t\t\t<a href='https:\/\/korsarger3500.de\/wp-content\/uploads\/2016\/04\/Langen2015-36.jpg'><img loading=\"lazy\" decoding=\"async\" width=\"150\" height=\"150\" src=\"https:\/\/korsarger3500.de\/wp-content\/uploads\/2016\/04\/Langen2015-36-150x150.jpg\" class=\"attachment-thumbnail size-thumbnail\" alt=\"\" \/><\/a>\n\t\t\t<\/div><\/figure><figure class='gallery-item'>\n\t\t\t<div class='gallery-icon landscape'>\n\t\t\t\t<a href='https:\/\/korsarger3500.de\/wp-content\/uploads\/2016\/04\/Langen2015-39.jpg'><img loading=\"lazy\" decoding=\"async\" width=\"150\" height=\"150\" src=\"https:\/\/korsarger3500.de\/wp-content\/uploads\/2016\/04\/Langen2015-39-150x150.jpg\" class=\"attachment-thumbnail size-thumbnail\" alt=\"\" \/><\/a>\n\t\t\t<\/div><\/figure><figure class='gallery-item'>\n\t\t\t<div class='gallery-icon landscape'>\n\t\t\t\t<a href='https:\/\/korsarger3500.de\/wp-content\/uploads\/2016\/04\/Langen2015-40.jpg'><img loading=\"lazy\" decoding=\"async\" width=\"150\" height=\"150\" src=\"https:\/\/korsarger3500.de\/wp-content\/uploads\/2016\/04\/Langen2015-40-150x150.jpg\" class=\"attachment-thumbnail size-thumbnail\" alt=\"\" \/><\/a>\n\t\t\t<\/div><\/figure><figure class='gallery-item'>\n\t\t\t<div class='gallery-icon landscape'>\n\t\t\t\t<a href='https:\/\/korsarger3500.de\/wp-content\/uploads\/2016\/04\/Langen2015-30.jpg'><img loading=\"lazy\" decoding=\"async\" width=\"150\" height=\"150\" src=\"https:\/\/korsarger3500.de\/wp-content\/uploads\/2016\/04\/Langen2015-30-150x150.jpg\" class=\"attachment-thumbnail size-thumbnail\" alt=\"\" \/><\/a>\n\t\t\t<\/div><\/figure><figure class='gallery-item'>\n\t\t\t<div class='gallery-icon landscape'>\n\t\t\t\t<a href='https:\/\/korsarger3500.de\/wp-content\/uploads\/2016\/04\/Langen2015-44.jpg'><img loading=\"lazy\" decoding=\"async\" width=\"150\" height=\"150\" src=\"https:\/\/korsarger3500.de\/wp-content\/uploads\/2016\/04\/Langen2015-44-150x150.jpg\" class=\"attachment-thumbnail size-thumbnail\" alt=\"\" \/><\/a>\n\t\t\t<\/div><\/figure><figure class='gallery-item'>\n\t\t\t<div class='gallery-icon landscape'>\n\t\t\t\t<a href='https:\/\/korsarger3500.de\/wp-content\/uploads\/2016\/04\/Langen2015-31.jpg'><img loading=\"lazy\" decoding=\"async\" width=\"150\" height=\"150\" src=\"https:\/\/korsarger3500.de\/wp-content\/uploads\/2016\/04\/Langen2015-31-150x150.jpg\" class=\"attachment-thumbnail size-thumbnail\" alt=\"\" \/><\/a>\n\t\t\t<\/div><\/figure>\n\t\t<\/div>\n\n<p>ah so gewonnen hat der 3577 mit Anne und Ina<\/p>\n<p><a href=\"https:\/\/korsarger3500.de\/wp-content\/uploads\/2022\/06\/2015_Langen.jpg\" data-lbwps-width=\"949\" data-lbwps-height=\"552\" data-lbwps-srcsmall=\"https:\/\/korsarger3500.de\/wp-content\/uploads\/2022\/06\/2015_Langen-300x174.jpg\">Ergebnis<\/a><\/p>\n<p><a href=\"http:\/\/korsarger3500.de\/index.php\/regatta-2016\/\">Weiter <\/a>&#8230;oder zur <a href=\"http:\/\/korsarger3500.de\/\">Startseite<\/a><\/p>\n","protected":false},"excerpt":{"rendered":"<p>Nach Frankreich Cremant kaufen; Da muss ich aber sicher nicht mit, ich bleib doch lieber hier in meiner Lieblingsgarage und warte bis morgen. Dann geht\u00a0 es nach Langen zum DSCL (Dreieich Segelclub Langen). Morgens wurden rechts und links neben meinen Schwertkasten zwei eiskalte Six-Pack Sekt, ich meine nat\u00fcrlich Cremant, gepackt. Brrr kalt. Die hat der &hellip; <a href=\"https:\/\/korsarger3500.de\/index.php\/langener-waldsee-2015\/\" class=\"more-link\"><span class=\"screen-reader-text\">Langener Waldsee 2015<\/span> weiterlesen<\/a><\/p>\n","protected":false},"author":1,"featured_media":0,"parent":0,"menu_order":0,"comment_status":"closed","ping_status":"closed","template":"","meta":{"footnotes":""},"class_list":["post-1798","page","type-page","status-publish","hentry"],"_links":{"self":[{"href":"https:\/\/korsarger3500.de\/index.php\/wp-json\/wp\/v2\/pages\/1798","targetHints":{"allow":["GET"]}}],"collection":[{"href":"https:\/\/korsarger3500.de\/index.php\/wp-json\/wp\/v2\/pages"}],"about":[{"href":"https:\/\/korsarger3500.de\/index.php\/wp-json\/wp\/v2\/types\/page"}],"author":[{"embeddable":true,"href":"https:\/\/korsarger3500.de\/index.php\/wp-json\/wp\/v2\/users\/1"}],"replies":[{"embeddable":true,"href":"https:\/\/korsarger3500.de\/index.php\/wp-json\/wp\/v2\/comments?post=1798"}],"version-history":[{"count":28,"href":"https:\/\/korsarger3500.de\/index.php\/wp-json\/wp\/v2\/pages\/1798\/revisions"}],"predecessor-version":[{"id":7906,"href":"https:\/\/korsarger3500.de\/index.php\/wp-json\/wp\/v2\/pages\/1798\/revisions\/7906"}],"wp:attachment":[{"href":"https:\/\/korsarger3500.de\/index.php\/wp-json\/wp\/v2\/media?parent=1798"}],"curies":[{"name":"wp","href":"https:\/\/api.w.org\/{rel}","templated":true}]}}