{"id":1794,"date":"2016-04-05T21:12:34","date_gmt":"2016-04-05T19:12:34","guid":{"rendered":"http:\/\/korsarger3500.de\/?page_id=1794"},"modified":"2022-06-14T09:16:24","modified_gmt":"2022-06-14T07:16:24","slug":"kuhschellen-regatta-2015","status":"publish","type":"page","link":"https:\/\/korsarger3500.de\/index.php\/kuhschellen-regatta-2015\/","title":{"rendered":"Kuhschellen Regatta 2015"},"content":{"rendered":"<p style=\"text-align: justify;\">H\u00e4ttet Ihr mich mal gefragt, ich h\u00e4tte euch gleich gesagt, dass das so nix wird. Man kann keine alte Schot durch eine genauso alte ersetzen und denken die h\u00e4lt besser nur weil sie ne andere Farbe hat. Aber dazu sp\u00e4ter mehr. Ende Juni sind wir wieder zur Kuhschelle zum <a href=\"http:\/\/www.scai.bayern\/\">SCAI <\/a>nach Immenstadt aufgebrochen. Freitags Mittags sind wir los und kamen sp\u00e4t Abends im Dunkeln an. Ich wurde hinter der Pension geparkt.\u00a0 Den Platz kenne ich schon, da ist&#8217;s sch\u00f6n ruhig. Am n\u00e4chsten Morgen, nachdem die Crew gefr\u00fchst\u00fcckt hatte, sind wir die paar Meter zum SCAI gefahren. Dort ist uns gleich der Christian \u00fcber der Weg gelaufen. Wir h\u00e4tten gestern Abend noch kommen sollen, es waren einige schon da und es war sehr lustig, so seine Aussage. Na ja &#8230; n\u00e4chstes Jahr. Nachdem die Crew ihre Begr\u00fc\u00dfungsrunde gedreht hatte, wurde ich aufgebaut. Das machten die beiden recht schnell weil es gerade<a href=\"http:\/\/korsarger3500.de\/wp-content\/uploads\/2016\/04\/Alpsee2015-08.jpg\" rel=\"attachment wp-att-1753\" data-lbwps-width=\"4000\" data-lbwps-height=\"3000\" data-lbwps-srcsmall=\"https:\/\/korsarger3500.de\/wp-content\/uploads\/2016\/04\/Alpsee2015-08-300x225.jpg\"><img loading=\"lazy\" decoding=\"async\" class=\"alignright wp-image-1753 size-thumbnail\" src=\"http:\/\/korsarger3500.de\/wp-content\/uploads\/2016\/04\/Alpsee2015-08-150x150.jpg\" alt=\"Begr\u00fc\u00dfung durch Uli\" width=\"150\" height=\"150\" \/><\/a> anfing zu nieseln. Dann hie\u00df es erst mal abwarten. Uli begr\u00fc\u00dfte sp\u00e4ter Alle und bald sollte es losgehen. Trotz unstetigem Wind hat uns die Wettfahrtleitung aufs Wasser geschickt, aber der Wind drehte alle paar Minuten. Manchmal kamen sich die Schiffe mit Spi entgegen gesegelt. Das ist schon komisch hier am Alpsee. Wir hatten aber alle unsern Spa\u00df und alberten auf dem Wasser rum. Ich hab mir dann aus Zeitvertreib wieder ein paar neue Schiffsnamen gemerkt. Da waren auf dem Wasser der <em>mann o mann, <\/em>die<em> es mi<\/em> <em>Tierra, <\/em>der<em> OBI-WAN, <\/em>die<em> tinta, <\/em>die<em> LA DONA<\/em> <em>IMMOBILE, <\/em>der<em> Dwarsl\u00f6per, <\/em>der<em> Strietzer <\/em>und der <em>Leo<\/em>. Die anderen hab ich schon gekannt oder sie verstecken ihre Namen. Und dann kam der Nieselregen und machte der Warterei ein Ende. Wir sind dann bald alle wieder zur\u00fcck zum Clubgel\u00e4nde <a href=\"http:\/\/korsarger3500.de\/wp-content\/uploads\/2016\/04\/Alpsee2015-41.jpg\" rel=\"attachment wp-att-1775\" data-lbwps-width=\"4000\" data-lbwps-height=\"3000\" data-lbwps-srcsmall=\"https:\/\/korsarger3500.de\/wp-content\/uploads\/2016\/04\/Alpsee2015-41-300x225.jpg\"><img loading=\"lazy\" decoding=\"async\" class=\"alignleft wp-image-1775 size-thumbnail\" src=\"http:\/\/korsarger3500.de\/wp-content\/uploads\/2016\/04\/Alpsee2015-41-150x150.jpg\" alt=\"still ruht er\" width=\"150\" height=\"150\" \/><\/a>und wir Schiffe wurden eingem\u00fcmmelt. Es ist sch\u00f6n hier am Alpsee auf der Liegewiese, steht man doch gesch\u00fctzt von hohen B\u00e4umen mit einem herrlichen Blick \u00fcber der See und auf die Berge. Die Crews versammelten sich um die opulente K\u00e4seplatte und um das Lagerfeuer. Die Handygeneration hatte scheinbar auch einige interessante Details auszutauschen. Mir ist&#8217;s recht, ich<a href=\"http:\/\/korsarger3500.de\/wp-content\/uploads\/2016\/04\/Alpsee2015-46.jpg\" rel=\"attachment wp-att-1778\" data-lbwps-width=\"4000\" data-lbwps-height=\"3000\" data-lbwps-srcsmall=\"https:\/\/korsarger3500.de\/wp-content\/uploads\/2016\/04\/Alpsee2015-46-300x225.jpg\"><img loading=\"lazy\" decoding=\"async\" class=\"alignright wp-image-1778 size-thumbnail\" src=\"http:\/\/korsarger3500.de\/wp-content\/uploads\/2016\/04\/Alpsee2015-46-150x150.jpg\" alt=\"die Handygeneration\" width=\"150\" height=\"150\" \/><\/a> liege gut, der n\u00e4chste Tag kann kommen. Kam er auch, zuerst mit nur ein bisschen Wind und sp\u00e4ter dann mit etwas mehr. Es waren 35 Schiffe am Start. Das war f\u00fcr uns das gr\u00f6\u00dfte Feld, bei dem wir bisher mitgesegelt sind. Wir waren etwas aufgeregt. Der Start zu ersten Wettfahrt war hervorragend, wir sind direkt am Startschiff mit den Ersten zusammen los. Die beiden <a href=\"http:\/\/korsarger3500.de\/wp-content\/uploads\/2016\/04\/Kuhschelle_5.jpg\" rel=\"attachment wp-att-1786\" data-lbwps-width=\"1400\" data-lbwps-height=\"933\" data-lbwps-srcsmall=\"https:\/\/korsarger3500.de\/wp-content\/uploads\/2016\/04\/Kuhschelle_5-300x200.jpg\"><img loading=\"lazy\" decoding=\"async\" class=\"wp-image-1786 size-thumbnail alignleft\" src=\"http:\/\/korsarger3500.de\/wp-content\/uploads\/2016\/04\/Kuhschelle_5-150x150.jpg\" alt=\"beim Startschu\u00df am Schiff\" width=\"150\" height=\"150\" \/><\/a>haben gut aufgepasst, dass sie diesmal auch die Ziellinie treffen und wir sind als 16. durchs Ziel. Dann kam mehr Wind auf und Skipper zog den Mastcontroller etwas dichter. Ich hab&#8217;s sofort gemerkt, die Schot hielt nicht mehr gut in der Curryklemme, aber er h\u00f6rt mir nicht immer zu. Wir sind wieder gestartet und als die ersten B\u00f6en kamen, setzte Skipper den Baumniederhoher etwas an und &#8211; Ratsch der Mastcontroler gab nach und es wurde nix mehr kontrolliert. So sind wir dann mit einem Mast wie ein Flitzebogen gesegelt. Au\u00dfer mir hat&#8217;s aber keiner gerafft. Die Beiden habe sich gewundert, warum ich nicht ins Laufen kam. Es war ein sch\u00f6ner Wind, die Schottin im Trapez und alle Segel dicht. Ich lag flach auf dem Wasser aber es ging nicht richtig voran. Der Skipper sagte zur Schottin &#8222;Haben wir etwa Kraut am Schwert &#8211; es Scheff l\u00e4uft nicht&#8220;. Nee, es war kein Kraut, es war einfach zu wenig Bauch im Gro\u00df und deshalb zu wenig Druck da. Basta! Es wurden so zwei Wettfahrten gesegelt und klar, je mehr dr\u00fcber gegr\u00fcbelt wurde warum es nicht voran ging,<a href=\"http:\/\/korsarger3500.de\/wp-content\/uploads\/2016\/04\/Kuhschelle_4.jpg\" rel=\"attachment wp-att-1785\" data-lbwps-width=\"1400\" data-lbwps-height=\"933\" data-lbwps-srcsmall=\"https:\/\/korsarger3500.de\/wp-content\/uploads\/2016\/04\/Kuhschelle_4-300x200.jpg\"><img loading=\"lazy\" decoding=\"async\" class=\"wp-image-1785 size-thumbnail alignright\" src=\"http:\/\/korsarger3500.de\/wp-content\/uploads\/2016\/04\/Kuhschelle_4-150x150.jpg\" alt=\"konzentriert\" width=\"150\" height=\"150\" \/><\/a> je schlechter sind die Beiden gesegelt. Das Resultat war ein 26. und ein 24. Platz. Zufrieden waren sie damit nicht. Das k\u00f6nnen die beiden eigentlich schon besser. Dann war der Wettfahrttag zu Ende, ich wurde abgebaut und da hats der Skipper endlich gemerkt. Die Schot des Mastcontrolers war offen. Sie war einfach durch die stumpfe Curryklemme gerutscht. Bald fand die Siegerehrung mit Tombola im Clubhaus statt. Bei der Tombola hatten wir wieder mehr Gl\u00fcck und haben nix gewonnen. Ich musste also keinen alten Schirm in meinem Bauch mit nach Hause schleppen. Dann war es Zeit zum Aufbruch. Die Fahrt nach Hause ging am Bodensee entlang, dann \u00fcber die Schwarzwaldhochtra\u00dfe und knapp an Plobsheim vorbei. Lange Zeit des Weges war das sch\u00f6nste Cabriowetter. Im Winter muss der Skipper sich was einfallen lassen &#8211; so kann das nicht mehr bleiben &#8211; es muss ein besserer <a href=\"http:\/\/korsarger3500.de\/index.php\/mastcontroller\/\">Controler <\/a>her.<\/p>\n<p style=\"text-align: justify;\">ein paar Bilder von &#8222;auf dem Wasser&#8220;<\/p>\n<div id='gallery-1' class='gallery galleryid-1794 gallery-columns-4 gallery-size-thumbnail'><figure class='gallery-item'>\n\t\t\t<div class='gallery-icon landscape'>\n\t\t\t\t<a href='https:\/\/korsarger3500.de\/wp-content\/uploads\/2016\/04\/Alpsee2015-29.jpg'><img loading=\"lazy\" decoding=\"async\" width=\"150\" height=\"150\" src=\"https:\/\/korsarger3500.de\/wp-content\/uploads\/2016\/04\/Alpsee2015-29-150x150.jpg\" class=\"attachment-thumbnail size-thumbnail\" alt=\"\" \/><\/a>\n\t\t\t<\/div><\/figure><figure class='gallery-item'>\n\t\t\t<div class='gallery-icon landscape'>\n\t\t\t\t<a href='https:\/\/korsarger3500.de\/wp-content\/uploads\/2016\/04\/Alpsee2015-22.jpg'><img loading=\"lazy\" decoding=\"async\" width=\"150\" height=\"150\" src=\"https:\/\/korsarger3500.de\/wp-content\/uploads\/2016\/04\/Alpsee2015-22-150x150.jpg\" class=\"attachment-thumbnail size-thumbnail\" alt=\"\" \/><\/a>\n\t\t\t<\/div><\/figure><figure class='gallery-item'>\n\t\t\t<div class='gallery-icon landscape'>\n\t\t\t\t<a href='https:\/\/korsarger3500.de\/wp-content\/uploads\/2016\/04\/Alpsee2015-25.jpg'><img loading=\"lazy\" decoding=\"async\" width=\"150\" height=\"150\" src=\"https:\/\/korsarger3500.de\/wp-content\/uploads\/2016\/04\/Alpsee2015-25-150x150.jpg\" class=\"attachment-thumbnail size-thumbnail\" alt=\"\" \/><\/a>\n\t\t\t<\/div><\/figure><figure class='gallery-item'>\n\t\t\t<div class='gallery-icon landscape'>\n\t\t\t\t<a href='https:\/\/korsarger3500.de\/wp-content\/uploads\/2016\/04\/Alpsee2015-24.jpg'><img loading=\"lazy\" decoding=\"async\" width=\"150\" height=\"150\" src=\"https:\/\/korsarger3500.de\/wp-content\/uploads\/2016\/04\/Alpsee2015-24-150x150.jpg\" class=\"attachment-thumbnail size-thumbnail\" alt=\"\" \/><\/a>\n\t\t\t<\/div><\/figure><figure class='gallery-item'>\n\t\t\t<div class='gallery-icon landscape'>\n\t\t\t\t<a href='https:\/\/korsarger3500.de\/wp-content\/uploads\/2016\/04\/Kuhschelle_13.jpg'><img loading=\"lazy\" decoding=\"async\" width=\"150\" height=\"150\" src=\"https:\/\/korsarger3500.de\/wp-content\/uploads\/2016\/04\/Kuhschelle_13-150x150.jpg\" class=\"attachment-thumbnail size-thumbnail\" alt=\"\" \/><\/a>\n\t\t\t<\/div><\/figure><figure class='gallery-item'>\n\t\t\t<div class='gallery-icon landscape'>\n\t\t\t\t<a href='https:\/\/korsarger3500.de\/wp-content\/uploads\/2016\/04\/Kuhschelle_5.jpg'><img loading=\"lazy\" decoding=\"async\" width=\"150\" height=\"150\" src=\"https:\/\/korsarger3500.de\/wp-content\/uploads\/2016\/04\/Kuhschelle_5-150x150.jpg\" class=\"attachment-thumbnail size-thumbnail\" alt=\"\" \/><\/a>\n\t\t\t<\/div><\/figure><figure class='gallery-item'>\n\t\t\t<div class='gallery-icon landscape'>\n\t\t\t\t<a href='https:\/\/korsarger3500.de\/wp-content\/uploads\/2016\/04\/Kuhschelle_10.jpg'><img loading=\"lazy\" decoding=\"async\" width=\"150\" height=\"150\" src=\"https:\/\/korsarger3500.de\/wp-content\/uploads\/2016\/04\/Kuhschelle_10-150x150.jpg\" class=\"attachment-thumbnail size-thumbnail\" alt=\"\" \/><\/a>\n\t\t\t<\/div><\/figure><figure class='gallery-item'>\n\t\t\t<div class='gallery-icon landscape'>\n\t\t\t\t<a href='https:\/\/korsarger3500.de\/wp-content\/uploads\/2016\/04\/Kuhschelle_8.jpg'><img loading=\"lazy\" decoding=\"async\" width=\"150\" height=\"150\" src=\"https:\/\/korsarger3500.de\/wp-content\/uploads\/2016\/04\/Kuhschelle_8-150x150.jpg\" class=\"attachment-thumbnail size-thumbnail\" alt=\"\" \/><\/a>\n\t\t\t<\/div><\/figure><figure class='gallery-item'>\n\t\t\t<div class='gallery-icon landscape'>\n\t\t\t\t<a href='https:\/\/korsarger3500.de\/wp-content\/uploads\/2016\/04\/Kuhschelle_9.jpg'><img loading=\"lazy\" decoding=\"async\" width=\"150\" height=\"150\" src=\"https:\/\/korsarger3500.de\/wp-content\/uploads\/2016\/04\/Kuhschelle_9-150x150.jpg\" class=\"attachment-thumbnail size-thumbnail\" alt=\"\" \/><\/a>\n\t\t\t<\/div><\/figure><figure class='gallery-item'>\n\t\t\t<div class='gallery-icon landscape'>\n\t\t\t\t<a href='https:\/\/korsarger3500.de\/wp-content\/uploads\/2016\/04\/Kuhschelle_7.jpg'><img loading=\"lazy\" decoding=\"async\" width=\"150\" height=\"150\" src=\"https:\/\/korsarger3500.de\/wp-content\/uploads\/2016\/04\/Kuhschelle_7-150x150.jpg\" class=\"attachment-thumbnail size-thumbnail\" alt=\"\" \/><\/a>\n\t\t\t<\/div><\/figure><figure class='gallery-item'>\n\t\t\t<div class='gallery-icon landscape'>\n\t\t\t\t<a href='https:\/\/korsarger3500.de\/wp-content\/uploads\/2016\/04\/Kuhschelle_6.jpg'><img loading=\"lazy\" decoding=\"async\" width=\"150\" height=\"150\" src=\"https:\/\/korsarger3500.de\/wp-content\/uploads\/2016\/04\/Kuhschelle_6-150x150.jpg\" class=\"attachment-thumbnail size-thumbnail\" alt=\"\" \/><\/a>\n\t\t\t<\/div><\/figure><figure class='gallery-item'>\n\t\t\t<div class='gallery-icon landscape'>\n\t\t\t\t<a href='https:\/\/korsarger3500.de\/wp-content\/uploads\/2016\/04\/Kuhschelle_4.jpg'><img loading=\"lazy\" decoding=\"async\" width=\"150\" height=\"150\" src=\"https:\/\/korsarger3500.de\/wp-content\/uploads\/2016\/04\/Kuhschelle_4-150x150.jpg\" class=\"attachment-thumbnail size-thumbnail\" alt=\"\" \/><\/a>\n\t\t\t<\/div><\/figure><figure class='gallery-item'>\n\t\t\t<div class='gallery-icon landscape'>\n\t\t\t\t<a href='https:\/\/korsarger3500.de\/wp-content\/uploads\/2016\/04\/Alpsee2015-13.jpg'><img loading=\"lazy\" decoding=\"async\" width=\"150\" height=\"150\" src=\"https:\/\/korsarger3500.de\/wp-content\/uploads\/2016\/04\/Alpsee2015-13-150x150.jpg\" class=\"attachment-thumbnail size-thumbnail\" alt=\"\" \/><\/a>\n\t\t\t<\/div><\/figure><figure class='gallery-item'>\n\t\t\t<div class='gallery-icon landscape'>\n\t\t\t\t<a href='https:\/\/korsarger3500.de\/wp-content\/uploads\/2016\/04\/Kuhschelle_3.jpg'><img loading=\"lazy\" decoding=\"async\" width=\"150\" height=\"150\" src=\"https:\/\/korsarger3500.de\/wp-content\/uploads\/2016\/04\/Kuhschelle_3-150x150.jpg\" class=\"attachment-thumbnail size-thumbnail\" alt=\"\" \/><\/a>\n\t\t\t<\/div><\/figure><figure class='gallery-item'>\n\t\t\t<div class='gallery-icon landscape'>\n\t\t\t\t<a href='https:\/\/korsarger3500.de\/wp-content\/uploads\/2016\/04\/Kuhschelle_2.jpg'><img loading=\"lazy\" decoding=\"async\" width=\"150\" height=\"150\" src=\"https:\/\/korsarger3500.de\/wp-content\/uploads\/2016\/04\/Kuhschelle_2-150x150.jpg\" class=\"attachment-thumbnail size-thumbnail\" alt=\"\" \/><\/a>\n\t\t\t<\/div><\/figure><figure class='gallery-item'>\n\t\t\t<div class='gallery-icon landscape'>\n\t\t\t\t<a href='https:\/\/korsarger3500.de\/wp-content\/uploads\/2016\/04\/Alpsee2015-33.jpg'><img loading=\"lazy\" decoding=\"async\" width=\"150\" height=\"150\" src=\"https:\/\/korsarger3500.de\/wp-content\/uploads\/2016\/04\/Alpsee2015-33-150x150.jpg\" class=\"attachment-thumbnail size-thumbnail\" alt=\"\" \/><\/a>\n\t\t\t<\/div><\/figure><figure class='gallery-item'>\n\t\t\t<div class='gallery-icon landscape'>\n\t\t\t\t<a href='https:\/\/korsarger3500.de\/wp-content\/uploads\/2016\/04\/Alpsee2015-32.jpg'><img loading=\"lazy\" decoding=\"async\" width=\"150\" height=\"150\" src=\"https:\/\/korsarger3500.de\/wp-content\/uploads\/2016\/04\/Alpsee2015-32-150x150.jpg\" class=\"attachment-thumbnail size-thumbnail\" alt=\"\" \/><\/a>\n\t\t\t<\/div><\/figure><figure class='gallery-item'>\n\t\t\t<div class='gallery-icon landscape'>\n\t\t\t\t<a href='https:\/\/korsarger3500.de\/wp-content\/uploads\/2016\/04\/Alpsee2015-19.jpg'><img loading=\"lazy\" decoding=\"async\" width=\"150\" height=\"150\" src=\"https:\/\/korsarger3500.de\/wp-content\/uploads\/2016\/04\/Alpsee2015-19-150x150.jpg\" class=\"attachment-thumbnail size-thumbnail\" alt=\"\" \/><\/a>\n\t\t\t<\/div><\/figure><figure class='gallery-item'>\n\t\t\t<div class='gallery-icon landscape'>\n\t\t\t\t<a href='https:\/\/korsarger3500.de\/wp-content\/uploads\/2016\/04\/Alpsee2015-18.jpg'><img loading=\"lazy\" decoding=\"async\" width=\"150\" height=\"150\" src=\"https:\/\/korsarger3500.de\/wp-content\/uploads\/2016\/04\/Alpsee2015-18-150x150.jpg\" class=\"attachment-thumbnail size-thumbnail\" alt=\"\" \/><\/a>\n\t\t\t<\/div><\/figure><figure class='gallery-item'>\n\t\t\t<div class='gallery-icon landscape'>\n\t\t\t\t<a href='https:\/\/korsarger3500.de\/wp-content\/uploads\/2016\/04\/Alpsee2015-16.jpg'><img loading=\"lazy\" decoding=\"async\" width=\"150\" height=\"150\" src=\"https:\/\/korsarger3500.de\/wp-content\/uploads\/2016\/04\/Alpsee2015-16-150x150.jpg\" class=\"attachment-thumbnail size-thumbnail\" alt=\"\" \/><\/a>\n\t\t\t<\/div><\/figure><figure class='gallery-item'>\n\t\t\t<div class='gallery-icon landscape'>\n\t\t\t\t<a href='https:\/\/korsarger3500.de\/wp-content\/uploads\/2016\/04\/Alpsee2015-15.jpg'><img loading=\"lazy\" decoding=\"async\" width=\"150\" height=\"150\" src=\"https:\/\/korsarger3500.de\/wp-content\/uploads\/2016\/04\/Alpsee2015-15-150x150.jpg\" class=\"attachment-thumbnail size-thumbnail\" alt=\"\" \/><\/a>\n\t\t\t<\/div><\/figure><figure class='gallery-item'>\n\t\t\t<div class='gallery-icon landscape'>\n\t\t\t\t<a href='https:\/\/korsarger3500.de\/wp-content\/uploads\/2016\/04\/Kuhschelle_1.jpg'><img loading=\"lazy\" decoding=\"async\" width=\"150\" height=\"150\" src=\"https:\/\/korsarger3500.de\/wp-content\/uploads\/2016\/04\/Kuhschelle_1-150x150.jpg\" class=\"attachment-thumbnail size-thumbnail\" alt=\"\" \/><\/a>\n\t\t\t<\/div><\/figure><figure class='gallery-item'>\n\t\t\t<div class='gallery-icon landscape'>\n\t\t\t\t<a href='https:\/\/korsarger3500.de\/wp-content\/uploads\/2016\/04\/Alpsee2015-12.jpg'><img loading=\"lazy\" decoding=\"async\" width=\"150\" height=\"150\" src=\"https:\/\/korsarger3500.de\/wp-content\/uploads\/2016\/04\/Alpsee2015-12-150x150.jpg\" class=\"attachment-thumbnail size-thumbnail\" alt=\"\" \/><\/a>\n\t\t\t<\/div><\/figure><figure class='gallery-item'>\n\t\t\t<div class='gallery-icon landscape'>\n\t\t\t\t<a href='https:\/\/korsarger3500.de\/wp-content\/uploads\/2016\/04\/Alpsee2015-11.jpg'><img loading=\"lazy\" decoding=\"async\" width=\"150\" height=\"150\" src=\"https:\/\/korsarger3500.de\/wp-content\/uploads\/2016\/04\/Alpsee2015-11-150x150.jpg\" class=\"attachment-thumbnail size-thumbnail\" alt=\"\" \/><\/a>\n\t\t\t<\/div><\/figure><figure class='gallery-item'>\n\t\t\t<div class='gallery-icon landscape'>\n\t\t\t\t<a href='https:\/\/korsarger3500.de\/wp-content\/uploads\/2016\/04\/Alpsee2015-14.jpg'><img loading=\"lazy\" decoding=\"async\" width=\"150\" height=\"150\" src=\"https:\/\/korsarger3500.de\/wp-content\/uploads\/2016\/04\/Alpsee2015-14-150x150.jpg\" class=\"attachment-thumbnail size-thumbnail\" alt=\"\" \/><\/a>\n\t\t\t<\/div><\/figure><figure class='gallery-item'>\n\t\t\t<div class='gallery-icon landscape'>\n\t\t\t\t<a href='https:\/\/korsarger3500.de\/wp-content\/uploads\/2016\/04\/Alpsee2015-30.jpg'><img loading=\"lazy\" decoding=\"async\" width=\"150\" height=\"150\" src=\"https:\/\/korsarger3500.de\/wp-content\/uploads\/2016\/04\/Alpsee2015-30-150x150.jpg\" class=\"attachment-thumbnail size-thumbnail\" alt=\"\" \/><\/a>\n\t\t\t<\/div><\/figure><figure class='gallery-item'>\n\t\t\t<div class='gallery-icon landscape'>\n\t\t\t\t<a href='https:\/\/korsarger3500.de\/wp-content\/uploads\/2016\/04\/Alpsee2015-35.jpg'><img loading=\"lazy\" decoding=\"async\" width=\"150\" height=\"150\" src=\"https:\/\/korsarger3500.de\/wp-content\/uploads\/2016\/04\/Alpsee2015-35-150x150.jpg\" class=\"attachment-thumbnail size-thumbnail\" alt=\"\" \/><\/a>\n\t\t\t<\/div><\/figure><figure class='gallery-item'>\n\t\t\t<div class='gallery-icon landscape'>\n\t\t\t\t<a href='https:\/\/korsarger3500.de\/wp-content\/uploads\/2016\/04\/Kuhschelle_14.jpg'><img loading=\"lazy\" decoding=\"async\" width=\"150\" height=\"150\" src=\"https:\/\/korsarger3500.de\/wp-content\/uploads\/2016\/04\/Kuhschelle_14-150x150.jpg\" class=\"attachment-thumbnail size-thumbnail\" alt=\"\" \/><\/a>\n\t\t\t<\/div><\/figure><figure class='gallery-item'>\n\t\t\t<div class='gallery-icon landscape'>\n\t\t\t\t<a href='https:\/\/korsarger3500.de\/wp-content\/uploads\/2016\/04\/Alpsee2015-34.jpg'><img loading=\"lazy\" decoding=\"async\" width=\"150\" height=\"150\" src=\"https:\/\/korsarger3500.de\/wp-content\/uploads\/2016\/04\/Alpsee2015-34-150x150.jpg\" class=\"attachment-thumbnail size-thumbnail\" alt=\"\" \/><\/a>\n\t\t\t<\/div><\/figure><figure class='gallery-item'>\n\t\t\t<div class='gallery-icon landscape'>\n\t\t\t\t<a href='https:\/\/korsarger3500.de\/wp-content\/uploads\/2016\/04\/Alpsee2015-28.jpg'><img loading=\"lazy\" decoding=\"async\" width=\"150\" height=\"150\" src=\"https:\/\/korsarger3500.de\/wp-content\/uploads\/2016\/04\/Alpsee2015-28-150x150.jpg\" class=\"attachment-thumbnail size-thumbnail\" alt=\"\" \/><\/a>\n\t\t\t<\/div><\/figure>\n\t\t<\/div>\n\n<p>und ein paar Bilder von &#8222;an dem Wasser&#8220;<\/p>\n<div id='gallery-2' class='gallery galleryid-1794 gallery-columns-4 gallery-size-thumbnail'><figure class='gallery-item'>\n\t\t\t<div class='gallery-icon landscape'>\n\t\t\t\t<a href='https:\/\/korsarger3500.de\/wp-content\/uploads\/2016\/04\/Alpsee2015-52.jpg'><img loading=\"lazy\" decoding=\"async\" width=\"150\" height=\"150\" src=\"https:\/\/korsarger3500.de\/wp-content\/uploads\/2016\/04\/Alpsee2015-52-150x150.jpg\" class=\"attachment-thumbnail size-thumbnail\" alt=\"\" \/><\/a>\n\t\t\t<\/div><\/figure><figure class='gallery-item'>\n\t\t\t<div class='gallery-icon landscape'>\n\t\t\t\t<a href='https:\/\/korsarger3500.de\/wp-content\/uploads\/2016\/04\/Alpsee2015-41.jpg'><img loading=\"lazy\" decoding=\"async\" width=\"150\" height=\"150\" src=\"https:\/\/korsarger3500.de\/wp-content\/uploads\/2016\/04\/Alpsee2015-41-150x150.jpg\" class=\"attachment-thumbnail size-thumbnail\" alt=\"\" \/><\/a>\n\t\t\t<\/div><\/figure><figure class='gallery-item'>\n\t\t\t<div class='gallery-icon landscape'>\n\t\t\t\t<a href='https:\/\/korsarger3500.de\/wp-content\/uploads\/2016\/04\/Alpsee2015-40.jpg'><img loading=\"lazy\" decoding=\"async\" width=\"150\" height=\"150\" src=\"https:\/\/korsarger3500.de\/wp-content\/uploads\/2016\/04\/Alpsee2015-40-150x150.jpg\" class=\"attachment-thumbnail size-thumbnail\" alt=\"\" \/><\/a>\n\t\t\t<\/div><\/figure><figure class='gallery-item'>\n\t\t\t<div class='gallery-icon landscape'>\n\t\t\t\t<a href='https:\/\/korsarger3500.de\/wp-content\/uploads\/2016\/04\/Alpsee2015-50.jpg'><img loading=\"lazy\" decoding=\"async\" width=\"150\" height=\"150\" src=\"https:\/\/korsarger3500.de\/wp-content\/uploads\/2016\/04\/Alpsee2015-50-150x150.jpg\" class=\"attachment-thumbnail size-thumbnail\" alt=\"\" \/><\/a>\n\t\t\t<\/div><\/figure><figure class='gallery-item'>\n\t\t\t<div class='gallery-icon landscape'>\n\t\t\t\t<a href='https:\/\/korsarger3500.de\/wp-content\/uploads\/2016\/04\/Alpsee2015-49.jpg'><img loading=\"lazy\" decoding=\"async\" width=\"150\" height=\"150\" src=\"https:\/\/korsarger3500.de\/wp-content\/uploads\/2016\/04\/Alpsee2015-49-150x150.jpg\" class=\"attachment-thumbnail size-thumbnail\" alt=\"\" \/><\/a>\n\t\t\t<\/div><\/figure><figure class='gallery-item'>\n\t\t\t<div class='gallery-icon landscape'>\n\t\t\t\t<a href='https:\/\/korsarger3500.de\/wp-content\/uploads\/2016\/04\/Alpsee2015-43.jpg'><img loading=\"lazy\" decoding=\"async\" width=\"150\" height=\"150\" src=\"https:\/\/korsarger3500.de\/wp-content\/uploads\/2016\/04\/Alpsee2015-43-150x150.jpg\" class=\"attachment-thumbnail size-thumbnail\" alt=\"\" \/><\/a>\n\t\t\t<\/div><\/figure><figure class='gallery-item'>\n\t\t\t<div class='gallery-icon landscape'>\n\t\t\t\t<a href='https:\/\/korsarger3500.de\/wp-content\/uploads\/2016\/04\/Alpsee2015-42.jpg'><img loading=\"lazy\" decoding=\"async\" width=\"150\" height=\"150\" src=\"https:\/\/korsarger3500.de\/wp-content\/uploads\/2016\/04\/Alpsee2015-42-150x150.jpg\" class=\"attachment-thumbnail size-thumbnail\" alt=\"\" \/><\/a>\n\t\t\t<\/div><\/figure><figure class='gallery-item'>\n\t\t\t<div class='gallery-icon landscape'>\n\t\t\t\t<a href='https:\/\/korsarger3500.de\/wp-content\/uploads\/2016\/04\/Alpsee2015-37.jpg'><img loading=\"lazy\" decoding=\"async\" width=\"150\" height=\"150\" src=\"https:\/\/korsarger3500.de\/wp-content\/uploads\/2016\/04\/Alpsee2015-37-150x150.jpg\" class=\"attachment-thumbnail size-thumbnail\" alt=\"\" \/><\/a>\n\t\t\t<\/div><\/figure><figure class='gallery-item'>\n\t\t\t<div class='gallery-icon landscape'>\n\t\t\t\t<a href='https:\/\/korsarger3500.de\/wp-content\/uploads\/2016\/04\/Alpsee2015-36.jpg'><img loading=\"lazy\" decoding=\"async\" width=\"150\" height=\"150\" src=\"https:\/\/korsarger3500.de\/wp-content\/uploads\/2016\/04\/Alpsee2015-36-150x150.jpg\" class=\"attachment-thumbnail size-thumbnail\" alt=\"\" \/><\/a>\n\t\t\t<\/div><\/figure>\n\t\t<\/div>\n\n<p>hallo ! gewonnen hat ein Schiff aus meiner Zeit. Die 3528 mit Wolfgang und Tom.<\/p>\n<p><a href=\"https:\/\/korsarger3500.de\/wp-content\/uploads\/2022\/06\/2015_Kuhschelle.jpg\" data-lbwps-width=\"934\" data-lbwps-height=\"744\" data-lbwps-srcsmall=\"https:\/\/korsarger3500.de\/wp-content\/uploads\/2022\/06\/2015_Kuhschelle-300x239.jpg\">Ergebnis<\/a><\/p>\n<p><a href=\"http:\/\/korsarger3500.de\/index.php\/rsc-meister-2015\/\">Weiter<\/a>&#8230; oder zur <a href=\"http:\/\/korsarger3500.de\/\">Startseite<\/a><\/p>\n","protected":false},"excerpt":{"rendered":"<p>H\u00e4ttet Ihr mich mal gefragt, ich h\u00e4tte euch gleich gesagt, dass das so nix wird. Man kann keine alte Schot durch eine genauso alte ersetzen und denken die h\u00e4lt besser nur weil sie ne andere Farbe hat. Aber dazu sp\u00e4ter mehr. Ende Juni sind wir wieder zur Kuhschelle zum SCAI nach Immenstadt aufgebrochen. Freitags Mittags &hellip; <a href=\"https:\/\/korsarger3500.de\/index.php\/kuhschellen-regatta-2015\/\" class=\"more-link\"><span class=\"screen-reader-text\">Kuhschellen Regatta 2015<\/span> weiterlesen<\/a><\/p>\n","protected":false},"author":1,"featured_media":0,"parent":0,"menu_order":0,"comment_status":"closed","ping_status":"closed","template":"","meta":{"footnotes":""},"class_list":["post-1794","page","type-page","status-publish","hentry"],"_links":{"self":[{"href":"https:\/\/korsarger3500.de\/index.php\/wp-json\/wp\/v2\/pages\/1794","targetHints":{"allow":["GET"]}}],"collection":[{"href":"https:\/\/korsarger3500.de\/index.php\/wp-json\/wp\/v2\/pages"}],"about":[{"href":"https:\/\/korsarger3500.de\/index.php\/wp-json\/wp\/v2\/types\/page"}],"author":[{"embeddable":true,"href":"https:\/\/korsarger3500.de\/index.php\/wp-json\/wp\/v2\/users\/1"}],"replies":[{"embeddable":true,"href":"https:\/\/korsarger3500.de\/index.php\/wp-json\/wp\/v2\/comments?post=1794"}],"version-history":[{"count":19,"href":"https:\/\/korsarger3500.de\/index.php\/wp-json\/wp\/v2\/pages\/1794\/revisions"}],"predecessor-version":[{"id":7905,"href":"https:\/\/korsarger3500.de\/index.php\/wp-json\/wp\/v2\/pages\/1794\/revisions\/7905"}],"wp:attachment":[{"href":"https:\/\/korsarger3500.de\/index.php\/wp-json\/wp\/v2\/media?parent=1794"}],"curies":[{"name":"wp","href":"https:\/\/api.w.org\/{rel}","templated":true}]}}