{"id":1722,"date":"2016-03-31T23:22:19","date_gmt":"2016-03-31T21:22:19","guid":{"rendered":"http:\/\/korsarger3500.de\/?page_id=1722"},"modified":"2022-06-14T09:15:21","modified_gmt":"2022-06-14T07:15:21","slug":"spargel-cup-graben-neudorf-2015","status":"publish","type":"page","link":"https:\/\/korsarger3500.de\/index.php\/spargel-cup-graben-neudorf-2015\/","title":{"rendered":"Spargel-Cup Graben-Neudorf 2015"},"content":{"rendered":"<p style=\"text-align: justify;\">Endlich, es ist Spargelzeit und wir starten wieder Richtung Graben-Neu zum <a href=\"http:\/\/www.scgn.de\">SCGN<\/a>. Die letzten beiden Jahre hatte ich dort immer viel Spa\u00df beim segeln und die Crew wohl auch. Das Wetter war klasse und die Fahrt dort hin sehr kurzweilig. Da\u00a0bei der Crew schon etwas Routine eingekehrt ist, war ich nach der Ankunft bald aufgebaut und stand segelfertig auf der Wiese. Die Crew verschwand im<a href=\"http:\/\/korsarger3500.de\/wp-content\/uploads\/2016\/03\/Graben-2015-32.jpg\" rel=\"attachment wp-att-1713\" data-lbwps-width=\"4000\" data-lbwps-height=\"3000\" data-lbwps-srcsmall=\"https:\/\/korsarger3500.de\/wp-content\/uploads\/2016\/03\/Graben-2015-32-300x225.jpg\"><img loading=\"lazy\" decoding=\"async\" class=\"alignleft wp-image-1713 size-thumbnail\" src=\"http:\/\/korsarger3500.de\/wp-content\/uploads\/2016\/03\/Graben-2015-32-150x150.jpg\" alt=\"Steganlage\" width=\"150\" height=\"150\" \/><\/a> Wettfahrtb\u00fcro zur Anmeldung und blieb dann auch gleich l\u00e4nger dort. Es gab bestimmt viel zu erz\u00e4hlen oder auch Kaffee und Kuchen. Es dauerte sehr lange bis sie wieder aufkreuzten. Als sie dann endlich kamen ging es auch sofort aufs Wasser und ab Richtung Startlinie. Der Start gl\u00fcckte gut und wir rundeten als zweiter hinter <em>Br\u00fcllk\u00e4fer<\/em> das Luvfass. Diesen Platz verteidigten wir auch bis zur Zielkreuz dann hat uns aber der 3785 mit Dietmar und Karin noch auf den letzten Dr\u00fccker abgefangen. Im zweiten Lauf starteten wir wieder sehr gut und heizten hinter <em>Br\u00fcllk\u00e4fer<\/em> her. Wir lie\u00dfen uns den Platz in diesem Lauf nicht abjagen und kamen als Zweiter ins Ziel. Im dritten Lauf belegten wir noch einen guten f\u00fcnften Platz, w\u00e4hrend unser sch\u00e4rfster Konkurrent auf dem Wasser, der 3785 nicht ins Ziel kam. Die beiden haben doch glatt die Runden falsch gez\u00e4hlt. Das passiert also alten Segelhasen auch noch &#8211; is ja beruhigend. Damit war der Segeltag gelaufen und wir waren alle drei happy ohne Ende. Wir lagen auf Platz 2 in einem Regattafeld von 20 Schiffen. Dann war Essenszeit, ich wurde zugedeckt und die Crews versammelten sich im und um das Clubheim. Sie sa\u00dfen<a href=\"http:\/\/korsarger3500.de\/wp-content\/uploads\/2016\/03\/Graben-2015-24.jpg\" rel=\"attachment wp-att-1708\" data-lbwps-width=\"4000\" data-lbwps-height=\"3000\" data-lbwps-srcsmall=\"https:\/\/korsarger3500.de\/wp-content\/uploads\/2016\/03\/Graben-2015-24-300x225.jpg\"><img loading=\"lazy\" decoding=\"async\" class=\"alignright wp-image-1708 size-thumbnail\" src=\"http:\/\/korsarger3500.de\/wp-content\/uploads\/2016\/03\/Graben-2015-24-150x150.jpg\" alt=\"Lagerfeuerromantik\" width=\"150\" height=\"150\" \/><\/a> bei Freibier und\u00a0 guter Stimmung bis sp\u00e4t in die Nacht am Lagerfeuer. Es wurde heftig \u00fcber die gesegelten Runden und die verpasste Zieldurchfahrt\u00a0 diskutiert. Ich wei\u00df zwar nicht, wie die Idee entstanden ist, aber die Schottinen verabredeten sich zur Regatta am Langener Waldsee; Und zwar zum Sektempfang. Ich sehe es schon kommen, ich werde wohl im Herbst als Cremant-Transporter herhalten m\u00fcssen. Macht nix, in meinem Bauch ist Platz genug.\u00a0 Am n\u00e4chsten Morgen kam das eine oder andere Crewmitglied verschlafen aus dem Zelt oder Wohnwagen gekrochen. Meine Crew traf auch bald ein und machte mich startklar. Bald darauf ging es wieder aufs Wasser. Der erste und auch letzte Lauf an diesem Tag lief nicht ganz so gut wie die Wettfahrten am Vortag. Die Crew war sicherlich zu angespannt, weil sie den guten zweiten Platz unbedingt verteidigten wollten. Es fehlte die Lockerheit, mit der die Beiden sonst immer auf mir herum turnen. Mit dem 8ten Rang in diesem Lauf waren die Crew dann auch nicht zufrieden.. Damit war die Regatta zu Ende und wir fuhren alle Richtung Steg. Alle Schiffe wurden geslippt und die meisten anschlie\u00dfend auch gleich abgebaut. Man versammelten sich zur Siegerehrung und wir waren sehr gespannt. Das <em>Br\u00fcllk\u00e4fer<\/em> gewonnen hat war schon klar, aber wer kam hinter Ihm auf den 2. und 3. Platz??;\u00a0 Gab es doch f\u00fcr diese Platzierungen immer einen extra gro\u00dfen Spargelkorb mit allerlei Leckereien. Wir staunten nicht<a href=\"http:\/\/korsarger3500.de\/wp-content\/uploads\/2016\/03\/Graben-2015-41.jpg\" rel=\"attachment wp-att-1717\" data-lbwps-width=\"4000\" data-lbwps-height=\"3000\" data-lbwps-srcsmall=\"https:\/\/korsarger3500.de\/wp-content\/uploads\/2016\/03\/Graben-2015-41-300x225.jpg\"><img loading=\"lazy\" decoding=\"async\" class=\"alignright wp-image-1717 size-thumbnail\" src=\"http:\/\/korsarger3500.de\/wp-content\/uploads\/2016\/03\/Graben-2015-41-150x150.jpg\" alt=\"Die Siegercrews\" width=\"150\" height=\"150\" \/><\/a> schlecht, als alle Segler schon geehrt waren und nur noch <em>Br\u00fcllk\u00e4fer<\/em> und wir \u00fcbrig blieben. Wir hatten doch tats\u00e4chlich noch den zweiten Platz behalten, den wir uns am Vortag ersegelt hatten.\u00a0 Die beiden einzigen saarl\u00e4ndischen Korsare an der Spitze des Feldes, obs das schon mal gab? Dann rief die sp\u00e4te Stunde zum Aufbruch und auch wir verabschiedeten uns und fuhren los. Das tolle Cabrio-Wetter setzte dem Wochenende noch eins drauf. Wir fuhren Richtung Westen der untergehenden Sonne entgegen nach Hause. Bis zum n\u00e4chsten Jahr Spargel-Cup, wir kommen gerne wieder.<\/p>\n<div id='gallery-1' class='gallery galleryid-1722 gallery-columns-4 gallery-size-thumbnail'><figure class='gallery-item'>\n\t\t\t<div class='gallery-icon landscape'>\n\t\t\t\t<a href='https:\/\/korsarger3500.de\/wp-content\/uploads\/2016\/03\/Graben-2015-34.jpg'><img loading=\"lazy\" decoding=\"async\" width=\"150\" height=\"150\" src=\"https:\/\/korsarger3500.de\/wp-content\/uploads\/2016\/03\/Graben-2015-34-150x150.jpg\" class=\"attachment-thumbnail size-thumbnail\" alt=\"\" \/><\/a>\n\t\t\t<\/div><\/figure><figure class='gallery-item'>\n\t\t\t<div class='gallery-icon landscape'>\n\t\t\t\t<a href='https:\/\/korsarger3500.de\/wp-content\/uploads\/2016\/03\/Graben-2015-32.jpg'><img loading=\"lazy\" decoding=\"async\" width=\"150\" height=\"150\" src=\"https:\/\/korsarger3500.de\/wp-content\/uploads\/2016\/03\/Graben-2015-32-150x150.jpg\" class=\"attachment-thumbnail size-thumbnail\" alt=\"\" \/><\/a>\n\t\t\t<\/div><\/figure><figure class='gallery-item'>\n\t\t\t<div class='gallery-icon landscape'>\n\t\t\t\t<a href='https:\/\/korsarger3500.de\/wp-content\/uploads\/2016\/03\/Graben-2015-03.jpg'><img loading=\"lazy\" decoding=\"async\" width=\"150\" height=\"150\" src=\"https:\/\/korsarger3500.de\/wp-content\/uploads\/2016\/03\/Graben-2015-03-150x150.jpg\" class=\"attachment-thumbnail size-thumbnail\" alt=\"\" \/><\/a>\n\t\t\t<\/div><\/figure><figure class='gallery-item'>\n\t\t\t<div class='gallery-icon landscape'>\n\t\t\t\t<a href='https:\/\/korsarger3500.de\/wp-content\/uploads\/2016\/03\/Graben-2015-31.jpg'><img loading=\"lazy\" decoding=\"async\" width=\"150\" height=\"150\" src=\"https:\/\/korsarger3500.de\/wp-content\/uploads\/2016\/03\/Graben-2015-31-150x150.jpg\" class=\"attachment-thumbnail size-thumbnail\" alt=\"\" \/><\/a>\n\t\t\t<\/div><\/figure><figure class='gallery-item'>\n\t\t\t<div class='gallery-icon landscape'>\n\t\t\t\t<a href='https:\/\/korsarger3500.de\/wp-content\/uploads\/2016\/03\/Graben-2015-27.jpg'><img loading=\"lazy\" decoding=\"async\" width=\"150\" height=\"150\" src=\"https:\/\/korsarger3500.de\/wp-content\/uploads\/2016\/03\/Graben-2015-27-150x150.jpg\" class=\"attachment-thumbnail size-thumbnail\" alt=\"\" \/><\/a>\n\t\t\t<\/div><\/figure><figure class='gallery-item'>\n\t\t\t<div class='gallery-icon landscape'>\n\t\t\t\t<a href='https:\/\/korsarger3500.de\/wp-content\/uploads\/2016\/03\/Graben-2015-29.jpg'><img loading=\"lazy\" decoding=\"async\" width=\"150\" height=\"150\" src=\"https:\/\/korsarger3500.de\/wp-content\/uploads\/2016\/03\/Graben-2015-29-150x150.jpg\" class=\"attachment-thumbnail size-thumbnail\" alt=\"\" \/><\/a>\n\t\t\t<\/div><\/figure><figure class='gallery-item'>\n\t\t\t<div class='gallery-icon landscape'>\n\t\t\t\t<a href='https:\/\/korsarger3500.de\/wp-content\/uploads\/2016\/03\/Graben-2015-38.jpg'><img loading=\"lazy\" decoding=\"async\" width=\"150\" height=\"150\" src=\"https:\/\/korsarger3500.de\/wp-content\/uploads\/2016\/03\/Graben-2015-38-150x150.jpg\" class=\"attachment-thumbnail size-thumbnail\" alt=\"\" \/><\/a>\n\t\t\t<\/div><\/figure><figure class='gallery-item'>\n\t\t\t<div class='gallery-icon landscape'>\n\t\t\t\t<a href='https:\/\/korsarger3500.de\/wp-content\/uploads\/2016\/03\/Graben-2015-26.jpg'><img loading=\"lazy\" decoding=\"async\" width=\"150\" height=\"150\" src=\"https:\/\/korsarger3500.de\/wp-content\/uploads\/2016\/03\/Graben-2015-26-150x150.jpg\" class=\"attachment-thumbnail size-thumbnail\" alt=\"\" \/><\/a>\n\t\t\t<\/div><\/figure><figure class='gallery-item'>\n\t\t\t<div class='gallery-icon landscape'>\n\t\t\t\t<a href='https:\/\/korsarger3500.de\/wp-content\/uploads\/2016\/03\/Graben-2015-02.jpg'><img loading=\"lazy\" decoding=\"async\" width=\"150\" height=\"150\" src=\"https:\/\/korsarger3500.de\/wp-content\/uploads\/2016\/03\/Graben-2015-02-150x150.jpg\" class=\"attachment-thumbnail size-thumbnail\" alt=\"\" \/><\/a>\n\t\t\t<\/div><\/figure><figure class='gallery-item'>\n\t\t\t<div class='gallery-icon landscape'>\n\t\t\t\t<a href='https:\/\/korsarger3500.de\/wp-content\/uploads\/2016\/03\/Graben-2015-20.jpg'><img loading=\"lazy\" decoding=\"async\" width=\"150\" height=\"150\" src=\"https:\/\/korsarger3500.de\/wp-content\/uploads\/2016\/03\/Graben-2015-20-150x150.jpg\" class=\"attachment-thumbnail size-thumbnail\" alt=\"\" \/><\/a>\n\t\t\t<\/div><\/figure><figure class='gallery-item'>\n\t\t\t<div class='gallery-icon landscape'>\n\t\t\t\t<a href='https:\/\/korsarger3500.de\/wp-content\/uploads\/2016\/03\/Graben-2015-09.jpg'><img loading=\"lazy\" decoding=\"async\" width=\"150\" height=\"150\" src=\"https:\/\/korsarger3500.de\/wp-content\/uploads\/2016\/03\/Graben-2015-09-150x150.jpg\" class=\"attachment-thumbnail size-thumbnail\" alt=\"\" \/><\/a>\n\t\t\t<\/div><\/figure><figure class='gallery-item'>\n\t\t\t<div class='gallery-icon landscape'>\n\t\t\t\t<a href='https:\/\/korsarger3500.de\/wp-content\/uploads\/2016\/03\/Graben-2015-04.jpg'><img loading=\"lazy\" decoding=\"async\" width=\"150\" height=\"150\" src=\"https:\/\/korsarger3500.de\/wp-content\/uploads\/2016\/03\/Graben-2015-04-150x150.jpg\" class=\"attachment-thumbnail size-thumbnail\" alt=\"\" \/><\/a>\n\t\t\t<\/div><\/figure><figure class='gallery-item'>\n\t\t\t<div class='gallery-icon landscape'>\n\t\t\t\t<a href='https:\/\/korsarger3500.de\/wp-content\/uploads\/2016\/03\/Graben-2015-08.jpg'><img loading=\"lazy\" decoding=\"async\" width=\"150\" height=\"150\" src=\"https:\/\/korsarger3500.de\/wp-content\/uploads\/2016\/03\/Graben-2015-08-150x150.jpg\" class=\"attachment-thumbnail size-thumbnail\" alt=\"\" \/><\/a>\n\t\t\t<\/div><\/figure><figure class='gallery-item'>\n\t\t\t<div class='gallery-icon landscape'>\n\t\t\t\t<a href='https:\/\/korsarger3500.de\/wp-content\/uploads\/2016\/03\/Graben-2015-07.jpg'><img loading=\"lazy\" decoding=\"async\" width=\"150\" height=\"150\" src=\"https:\/\/korsarger3500.de\/wp-content\/uploads\/2016\/03\/Graben-2015-07-150x150.jpg\" class=\"attachment-thumbnail size-thumbnail\" alt=\"\" \/><\/a>\n\t\t\t<\/div><\/figure><figure class='gallery-item'>\n\t\t\t<div class='gallery-icon landscape'>\n\t\t\t\t<a href='https:\/\/korsarger3500.de\/wp-content\/uploads\/2016\/03\/Graben-2015-06.jpg'><img loading=\"lazy\" decoding=\"async\" width=\"150\" height=\"150\" src=\"https:\/\/korsarger3500.de\/wp-content\/uploads\/2016\/03\/Graben-2015-06-150x150.jpg\" class=\"attachment-thumbnail size-thumbnail\" alt=\"\" \/><\/a>\n\t\t\t<\/div><\/figure><figure class='gallery-item'>\n\t\t\t<div class='gallery-icon landscape'>\n\t\t\t\t<a href='https:\/\/korsarger3500.de\/wp-content\/uploads\/2016\/03\/Graben-2015-11.jpg'><img loading=\"lazy\" decoding=\"async\" width=\"150\" height=\"150\" src=\"https:\/\/korsarger3500.de\/wp-content\/uploads\/2016\/03\/Graben-2015-11-150x150.jpg\" class=\"attachment-thumbnail size-thumbnail\" alt=\"\" \/><\/a>\n\t\t\t<\/div><\/figure><figure class='gallery-item'>\n\t\t\t<div class='gallery-icon landscape'>\n\t\t\t\t<a href='https:\/\/korsarger3500.de\/wp-content\/uploads\/2016\/03\/Graben-2015-05.jpg'><img loading=\"lazy\" decoding=\"async\" width=\"150\" height=\"150\" src=\"https:\/\/korsarger3500.de\/wp-content\/uploads\/2016\/03\/Graben-2015-05-150x150.jpg\" class=\"attachment-thumbnail size-thumbnail\" alt=\"\" \/><\/a>\n\t\t\t<\/div><\/figure><figure class='gallery-item'>\n\t\t\t<div class='gallery-icon landscape'>\n\t\t\t\t<a href='https:\/\/korsarger3500.de\/wp-content\/uploads\/2016\/03\/Graben-2015-13.jpg'><img loading=\"lazy\" decoding=\"async\" width=\"150\" height=\"150\" src=\"https:\/\/korsarger3500.de\/wp-content\/uploads\/2016\/03\/Graben-2015-13-150x150.jpg\" class=\"attachment-thumbnail size-thumbnail\" alt=\"\" \/><\/a>\n\t\t\t<\/div><\/figure><figure class='gallery-item'>\n\t\t\t<div class='gallery-icon landscape'>\n\t\t\t\t<a href='https:\/\/korsarger3500.de\/wp-content\/uploads\/2016\/03\/Graben-2015-19.jpg'><img loading=\"lazy\" decoding=\"async\" width=\"150\" height=\"150\" src=\"https:\/\/korsarger3500.de\/wp-content\/uploads\/2016\/03\/Graben-2015-19-150x150.jpg\" class=\"attachment-thumbnail size-thumbnail\" alt=\"\" \/><\/a>\n\t\t\t<\/div><\/figure><figure class='gallery-item'>\n\t\t\t<div class='gallery-icon landscape'>\n\t\t\t\t<a href='https:\/\/korsarger3500.de\/wp-content\/uploads\/2016\/03\/Graben-2015-43.jpg'><img loading=\"lazy\" decoding=\"async\" width=\"150\" height=\"150\" src=\"https:\/\/korsarger3500.de\/wp-content\/uploads\/2016\/03\/Graben-2015-43-150x150.jpg\" class=\"attachment-thumbnail size-thumbnail\" alt=\"\" \/><\/a>\n\t\t\t<\/div><\/figure><figure class='gallery-item'>\n\t\t\t<div class='gallery-icon landscape'>\n\t\t\t\t<a href='https:\/\/korsarger3500.de\/wp-content\/uploads\/2016\/03\/Graben-2015-15.jpg'><img loading=\"lazy\" decoding=\"async\" width=\"150\" height=\"150\" src=\"https:\/\/korsarger3500.de\/wp-content\/uploads\/2016\/03\/Graben-2015-15-150x150.jpg\" class=\"attachment-thumbnail size-thumbnail\" alt=\"\" \/><\/a>\n\t\t\t<\/div><\/figure><figure class='gallery-item'>\n\t\t\t<div class='gallery-icon landscape'>\n\t\t\t\t<a href='https:\/\/korsarger3500.de\/wp-content\/uploads\/2016\/03\/Graben-2015-14.jpg'><img loading=\"lazy\" decoding=\"async\" width=\"150\" height=\"150\" src=\"https:\/\/korsarger3500.de\/wp-content\/uploads\/2016\/03\/Graben-2015-14-150x150.jpg\" class=\"attachment-thumbnail size-thumbnail\" alt=\"\" \/><\/a>\n\t\t\t<\/div><\/figure><figure class='gallery-item'>\n\t\t\t<div class='gallery-icon landscape'>\n\t\t\t\t<a href='https:\/\/korsarger3500.de\/wp-content\/uploads\/2016\/03\/Graben-2015-44.jpg'><img loading=\"lazy\" decoding=\"async\" width=\"150\" height=\"150\" src=\"https:\/\/korsarger3500.de\/wp-content\/uploads\/2016\/03\/Graben-2015-44-150x150.jpg\" class=\"attachment-thumbnail size-thumbnail\" alt=\"\" \/><\/a>\n\t\t\t<\/div><\/figure><figure class='gallery-item'>\n\t\t\t<div class='gallery-icon landscape'>\n\t\t\t\t<a href='https:\/\/korsarger3500.de\/wp-content\/uploads\/2016\/03\/Graben-2015-45.jpg'><img loading=\"lazy\" decoding=\"async\" width=\"150\" height=\"150\" src=\"https:\/\/korsarger3500.de\/wp-content\/uploads\/2016\/03\/Graben-2015-45-150x150.jpg\" class=\"attachment-thumbnail size-thumbnail\" alt=\"\" \/><\/a>\n\t\t\t<\/div><\/figure><figure class='gallery-item'>\n\t\t\t<div class='gallery-icon landscape'>\n\t\t\t\t<a href='https:\/\/korsarger3500.de\/wp-content\/uploads\/2016\/03\/Graben-2015-36.jpg'><img loading=\"lazy\" decoding=\"async\" width=\"150\" height=\"150\" src=\"https:\/\/korsarger3500.de\/wp-content\/uploads\/2016\/03\/Graben-2015-36-150x150.jpg\" class=\"attachment-thumbnail size-thumbnail\" alt=\"\" \/><\/a>\n\t\t\t<\/div><\/figure>\n\t\t<\/div>\n\n<p><a href=\"https:\/\/korsarger3500.de\/wp-content\/uploads\/2022\/06\/2015_GrabenNeudorf.jpg\" data-lbwps-width=\"949\" data-lbwps-height=\"455\" data-lbwps-srcsmall=\"https:\/\/korsarger3500.de\/wp-content\/uploads\/2022\/06\/2015_GrabenNeudorf-300x144.jpg\">Ergebnis<\/a><\/p>\n<p><a href=\"http:\/\/korsarger3500.de\/index.php\/kuhschellen-regatta-2015\/\">weiter<\/a>&#8230; oder zur <a href=\"http:\/\/korsarger3500.de\/\">Startseite<\/a><\/p>\n","protected":false},"excerpt":{"rendered":"<p>Endlich, es ist Spargelzeit und wir starten wieder Richtung Graben-Neu zum SCGN. Die letzten beiden Jahre hatte ich dort immer viel Spa\u00df beim segeln und die Crew wohl auch. Das Wetter war klasse und die Fahrt dort hin sehr kurzweilig. Da\u00a0bei der Crew schon etwas Routine eingekehrt ist, war ich nach der Ankunft bald aufgebaut &hellip; <a href=\"https:\/\/korsarger3500.de\/index.php\/spargel-cup-graben-neudorf-2015\/\" class=\"more-link\"><span class=\"screen-reader-text\">Spargel-Cup Graben-Neudorf 2015<\/span> weiterlesen<\/a><\/p>\n","protected":false},"author":1,"featured_media":0,"parent":0,"menu_order":0,"comment_status":"closed","ping_status":"closed","template":"","meta":{"footnotes":""},"class_list":["post-1722","page","type-page","status-publish","hentry"],"_links":{"self":[{"href":"https:\/\/korsarger3500.de\/index.php\/wp-json\/wp\/v2\/pages\/1722","targetHints":{"allow":["GET"]}}],"collection":[{"href":"https:\/\/korsarger3500.de\/index.php\/wp-json\/wp\/v2\/pages"}],"about":[{"href":"https:\/\/korsarger3500.de\/index.php\/wp-json\/wp\/v2\/types\/page"}],"author":[{"embeddable":true,"href":"https:\/\/korsarger3500.de\/index.php\/wp-json\/wp\/v2\/users\/1"}],"replies":[{"embeddable":true,"href":"https:\/\/korsarger3500.de\/index.php\/wp-json\/wp\/v2\/comments?post=1722"}],"version-history":[{"count":21,"href":"https:\/\/korsarger3500.de\/index.php\/wp-json\/wp\/v2\/pages\/1722\/revisions"}],"predecessor-version":[{"id":7904,"href":"https:\/\/korsarger3500.de\/index.php\/wp-json\/wp\/v2\/pages\/1722\/revisions\/7904"}],"wp:attachment":[{"href":"https:\/\/korsarger3500.de\/index.php\/wp-json\/wp\/v2\/media?parent=1722"}],"curies":[{"name":"wp","href":"https:\/\/api.w.org\/{rel}","templated":true}]}}