{"id":1671,"date":"2016-03-31T23:21:46","date_gmt":"2016-03-31T21:21:46","guid":{"rendered":"http:\/\/korsarger3500.de\/?page_id=1671"},"modified":"2022-06-14T09:08:07","modified_gmt":"2022-06-14T07:08:07","slug":"korsarenschwert-liblar-2015","status":"publish","type":"page","link":"https:\/\/korsarger3500.de\/index.php\/korsarenschwert-liblar-2015\/","title":{"rendered":"Korsarenschwert Liblar 2015"},"content":{"rendered":"<p style=\"text-align: justify;\">Zum zweiten Mal sind wir nun nach Liblar zum Korsarenschwert ged\u00fcst. Das Wetter war kalt und trocken und die paar Kilometer waren schnell gefahren. Wir waren zeitig am See und fanden f\u00fcr mich einen sch\u00f6nen Platz am Wasser. Irgendwie ging der Aufbau trotz der Winterpause z\u00fcgig voran und ich <a href=\"http:\/\/korsarger3500.de\/wp-content\/uploads\/2016\/03\/Liblar-2015-05.jpg\" rel=\"attachment wp-att-1677\" data-lbwps-width=\"4000\" data-lbwps-height=\"3000\" data-lbwps-srcsmall=\"https:\/\/korsarger3500.de\/wp-content\/uploads\/2016\/03\/Liblar-2015-05-300x225.jpg\"><img loading=\"lazy\" decoding=\"async\" class=\"alignleft wp-image-1677 size-thumbnail\" src=\"http:\/\/korsarger3500.de\/wp-content\/uploads\/2016\/03\/Liblar-2015-05-150x150.jpg\" alt=\"Liegeplatz Liblar 2015\" width=\"150\" height=\"150\" \/><\/a>stand bald fertig zwischen den anderen Schiffen. Nach der Steuermannsbesprechung auf der Terrasse des <a href=\"http:\/\/www.segelclubville.de\/\">Segel-Club Ville<\/a>\u00a0 ging es dann auch schon aufs Wasser zum ersten Start. Wir segelten f\u00fcrs erste Mal im Jahr sehr gut im vorderen Mittelfeld. Am Abend fand das traditionelle Kicker-Turnier statt. Wie die Crew sich dort geschlagen hat wei\u00df\u00a0 ich nicht zu berichten. Der n\u00e4chste Tag lockte mit noch sch\u00f6nerem Wetter und es konnten weitere Wettfahrten gesegelt werden. Wir lagen immer gut im Mittelfeld und waren am Ende mit einem vierten Platz von zehn gestarteten Schiffen sehr zufrieden. Nach dem Abbau und der Siegerehrung ginge es wieder Richtung Heimat. Das sch\u00f6ne Fr\u00fchlingswetter lud die Crew zum offenfahren durch die Eifel ein. Bis n\u00e4chstes Jahr du See in Liblar.<\/p>\n<div id='gallery-1' class='gallery galleryid-1671 gallery-columns-4 gallery-size-thumbnail'><figure class='gallery-item'>\n\t\t\t<div class='gallery-icon landscape'>\n\t\t\t\t<a href='https:\/\/korsarger3500.de\/wp-content\/uploads\/2016\/03\/Liblar-2015-01.jpg'><img loading=\"lazy\" decoding=\"async\" width=\"150\" height=\"150\" src=\"https:\/\/korsarger3500.de\/wp-content\/uploads\/2016\/03\/Liblar-2015-01-150x150.jpg\" class=\"attachment-thumbnail size-thumbnail\" alt=\"\" \/><\/a>\n\t\t\t<\/div><\/figure><figure class='gallery-item'>\n\t\t\t<div class='gallery-icon landscape'>\n\t\t\t\t<a href='https:\/\/korsarger3500.de\/wp-content\/uploads\/2016\/03\/Liblar-2015-03.jpg'><img loading=\"lazy\" decoding=\"async\" width=\"150\" height=\"150\" src=\"https:\/\/korsarger3500.de\/wp-content\/uploads\/2016\/03\/Liblar-2015-03-150x150.jpg\" class=\"attachment-thumbnail size-thumbnail\" alt=\"\" \/><\/a>\n\t\t\t<\/div><\/figure><figure class='gallery-item'>\n\t\t\t<div class='gallery-icon landscape'>\n\t\t\t\t<a href='https:\/\/korsarger3500.de\/wp-content\/uploads\/2016\/03\/Liblar-2015-05.jpg'><img loading=\"lazy\" decoding=\"async\" width=\"150\" height=\"150\" src=\"https:\/\/korsarger3500.de\/wp-content\/uploads\/2016\/03\/Liblar-2015-05-150x150.jpg\" class=\"attachment-thumbnail size-thumbnail\" alt=\"\" \/><\/a>\n\t\t\t<\/div><\/figure><figure class='gallery-item'>\n\t\t\t<div class='gallery-icon landscape'>\n\t\t\t\t<a href='https:\/\/korsarger3500.de\/wp-content\/uploads\/2016\/03\/Liblar-2015-06.jpg'><img loading=\"lazy\" decoding=\"async\" width=\"150\" height=\"150\" src=\"https:\/\/korsarger3500.de\/wp-content\/uploads\/2016\/03\/Liblar-2015-06-150x150.jpg\" class=\"attachment-thumbnail size-thumbnail\" alt=\"\" \/><\/a>\n\t\t\t<\/div><\/figure><figure class='gallery-item'>\n\t\t\t<div class='gallery-icon landscape'>\n\t\t\t\t<a href='https:\/\/korsarger3500.de\/wp-content\/uploads\/2016\/03\/Liblar-2015-08.jpg'><img loading=\"lazy\" decoding=\"async\" width=\"150\" height=\"150\" src=\"https:\/\/korsarger3500.de\/wp-content\/uploads\/2016\/03\/Liblar-2015-08-150x150.jpg\" class=\"attachment-thumbnail size-thumbnail\" alt=\"\" \/><\/a>\n\t\t\t<\/div><\/figure><figure class='gallery-item'>\n\t\t\t<div class='gallery-icon landscape'>\n\t\t\t\t<a href='https:\/\/korsarger3500.de\/wp-content\/uploads\/2016\/03\/Liblar-2015-10.jpg'><img loading=\"lazy\" decoding=\"async\" width=\"150\" height=\"150\" src=\"https:\/\/korsarger3500.de\/wp-content\/uploads\/2016\/03\/Liblar-2015-10-150x150.jpg\" class=\"attachment-thumbnail size-thumbnail\" alt=\"\" \/><\/a>\n\t\t\t<\/div><\/figure><figure class='gallery-item'>\n\t\t\t<div class='gallery-icon landscape'>\n\t\t\t\t<a href='https:\/\/korsarger3500.de\/wp-content\/uploads\/2016\/03\/Liblar-2015-14.jpg'><img loading=\"lazy\" decoding=\"async\" width=\"150\" height=\"150\" src=\"https:\/\/korsarger3500.de\/wp-content\/uploads\/2016\/03\/Liblar-2015-14-150x150.jpg\" class=\"attachment-thumbnail size-thumbnail\" alt=\"\" \/><\/a>\n\t\t\t<\/div><\/figure><figure class='gallery-item'>\n\t\t\t<div class='gallery-icon landscape'>\n\t\t\t\t<a href='https:\/\/korsarger3500.de\/wp-content\/uploads\/2016\/03\/Liblar-2015-15.jpg'><img loading=\"lazy\" decoding=\"async\" width=\"150\" height=\"150\" src=\"https:\/\/korsarger3500.de\/wp-content\/uploads\/2016\/03\/Liblar-2015-15-150x150.jpg\" class=\"attachment-thumbnail size-thumbnail\" alt=\"\" \/><\/a>\n\t\t\t<\/div><\/figure>\n\t\t<\/div>\n\n<p>ah- so gewonnen hat der 3766 mit Ralf und Silke an Bord<\/p>\n<p><a href=\"https:\/\/korsarger3500.de\/wp-content\/uploads\/2022\/06\/2015_Liblar.jpg\" data-lbwps-width=\"947\" data-lbwps-height=\"245\" data-lbwps-srcsmall=\"https:\/\/korsarger3500.de\/wp-content\/uploads\/2022\/06\/2015_Liblar-300x78.jpg\">Ergebnis<\/a><\/p>\n<p><a href=\"http:\/\/korsarger3500.de\/index.php\/fruehjahrstreff-inheiden-2015\/\">weiter &#8230;<\/a>oder zur <a href=\"http:\/\/korsarger3500.de\/\">Startseite<\/a><\/p>\n","protected":false},"excerpt":{"rendered":"<p>Zum zweiten Mal sind wir nun nach Liblar zum Korsarenschwert ged\u00fcst. Das Wetter war kalt und trocken und die paar Kilometer waren schnell gefahren. Wir waren zeitig am See und fanden f\u00fcr mich einen sch\u00f6nen Platz am Wasser. Irgendwie ging der Aufbau trotz der Winterpause z\u00fcgig voran und ich stand bald fertig zwischen den anderen &hellip; <a href=\"https:\/\/korsarger3500.de\/index.php\/korsarenschwert-liblar-2015\/\" class=\"more-link\"><span class=\"screen-reader-text\">Korsarenschwert Liblar 2015<\/span> weiterlesen<\/a><\/p>\n","protected":false},"author":1,"featured_media":0,"parent":0,"menu_order":0,"comment_status":"closed","ping_status":"closed","template":"","meta":{"footnotes":""},"class_list":["post-1671","page","type-page","status-publish","hentry"],"_links":{"self":[{"href":"https:\/\/korsarger3500.de\/index.php\/wp-json\/wp\/v2\/pages\/1671","targetHints":{"allow":["GET"]}}],"collection":[{"href":"https:\/\/korsarger3500.de\/index.php\/wp-json\/wp\/v2\/pages"}],"about":[{"href":"https:\/\/korsarger3500.de\/index.php\/wp-json\/wp\/v2\/types\/page"}],"author":[{"embeddable":true,"href":"https:\/\/korsarger3500.de\/index.php\/wp-json\/wp\/v2\/users\/1"}],"replies":[{"embeddable":true,"href":"https:\/\/korsarger3500.de\/index.php\/wp-json\/wp\/v2\/comments?post=1671"}],"version-history":[{"count":15,"href":"https:\/\/korsarger3500.de\/index.php\/wp-json\/wp\/v2\/pages\/1671\/revisions"}],"predecessor-version":[{"id":7902,"href":"https:\/\/korsarger3500.de\/index.php\/wp-json\/wp\/v2\/pages\/1671\/revisions\/7902"}],"wp:attachment":[{"href":"https:\/\/korsarger3500.de\/index.php\/wp-json\/wp\/v2\/media?parent=1671"}],"curies":[{"name":"wp","href":"https:\/\/api.w.org\/{rel}","templated":true}]}}