{"id":1565,"date":"2016-03-28T08:27:46","date_gmt":"2016-03-28T06:27:46","guid":{"rendered":"http:\/\/korsarger3500.de\/?page_id=1565"},"modified":"2017-10-10T10:07:46","modified_gmt":"2017-10-10T08:07:46","slug":"regatta-2016","status":"publish","type":"page","link":"https:\/\/korsarger3500.de\/index.php\/regatta-2016\/","title":{"rendered":"Regatta 2016"},"content":{"rendered":"<p style=\"text-align: justify;\"><a href=\"https:\/\/korsarger3500.de\/wp-content\/uploads\/2016\/03\/KT_01.jpg\" rel=\"attachment wp-att-1567\" data-lbwps-width=\"4000\" data-lbwps-height=\"3000\" data-lbwps-srcsmall=\"https:\/\/korsarger3500.de\/wp-content\/uploads\/2016\/03\/KT_01-300x225.jpg\"><img loading=\"lazy\" decoding=\"async\" class=\"alignleft wp-image-1567 size-thumbnail\" src=\"https:\/\/korsarger3500.de\/wp-content\/uploads\/2016\/03\/KT_01-150x150.jpg\" alt=\"Ansegeln 2016\" width=\"150\" height=\"150\" \/><\/a>Das Regattajahr 2016 begann f\u00fcr mich am Ostersamstag bei sch\u00f6nstem Sonnenschein und leichtem Wind. Genau das Richtige, um wach zu werden und mit der Crew zusammen alle \u00c4nderungen die Skipper\u00a0\u00fcber Winter\u00a0gebastelt hat \u00a0auszuprobieren. Wir hatten unsern See f\u00fcr uns alleine, &#8211; psssst &#8211; die andern schlafen noch&#8230;<\/p>\n<p style=\"text-align: justify;\">Silbernes <a href=\"https:\/\/korsarger3500.de\/index.php\/korsarenschwert-liblar-2016\/\">Korsarenschwert <\/a>Liblar 2016<\/p>\n<p style=\"text-align: justify;\"><a href=\"https:\/\/korsarger3500.de\/index.php\/korsarenschwert-liblar-2016\/\" rel=\"attachment wp-att-1866\"><img loading=\"lazy\" decoding=\"async\" class=\"alignnone size-medium wp-image-1866\" src=\"https:\/\/korsarger3500.de\/wp-content\/uploads\/2016\/04\/Liblar-02-300x225.jpg\" alt=\"on the road\" width=\"300\" height=\"225\" srcset=\"https:\/\/korsarger3500.de\/wp-content\/uploads\/2016\/04\/Liblar-02-300x225.jpg 300w, https:\/\/korsarger3500.de\/wp-content\/uploads\/2016\/04\/Liblar-02-768x576.jpg 768w, https:\/\/korsarger3500.de\/wp-content\/uploads\/2016\/04\/Liblar-02-1024x768.jpg 1024w\" sizes=\"auto, (max-width: 300px) 100vw, 300px\" \/><\/a><\/p>\n<p style=\"text-align: justify;\"><a href=\"https:\/\/korsarger3500.de\/index.php\/training-am-goldkanal-2016\/\">Training <\/a>am Goldkanal beim RCR<\/p>\n<p style=\"text-align: justify;\"><a href=\"https:\/\/korsarger3500.de\/index.php\/training-am-goldkanal-2016\/\" rel=\"attachment wp-att-2064\"><img loading=\"lazy\" decoding=\"async\" class=\"alignnone size-medium wp-image-2064\" src=\"https:\/\/korsarger3500.de\/wp-content\/uploads\/2016\/04\/RCRTsa-2016-00-300x275.jpg\" alt=\"Chris\" width=\"300\" height=\"275\" srcset=\"https:\/\/korsarger3500.de\/wp-content\/uploads\/2016\/04\/RCRTsa-2016-00-300x275.jpg 300w, https:\/\/korsarger3500.de\/wp-content\/uploads\/2016\/04\/RCRTsa-2016-00.jpg 551w\" sizes=\"auto, (max-width: 300px) 100vw, 300px\" \/><\/a><\/p>\n<p style=\"text-align: left;\"><a href=\"https:\/\/korsarger3500.de\/index.php\/idm-am-ammersee\/\">IDM 2016 am Ammerse<\/a><\/p>\n<p style=\"text-align: left;\"><a href=\"https:\/\/korsarger3500.de\/index.php\/idm-am-ammersee\/\" rel=\"attachment wp-att-2156\"><img loading=\"lazy\" decoding=\"async\" class=\"alignnone size-medium wp-image-2156\" src=\"https:\/\/korsarger3500.de\/wp-content\/uploads\/2016\/05\/Halle-300x225.jpg\" alt=\"IDM\" width=\"300\" height=\"225\" srcset=\"https:\/\/korsarger3500.de\/wp-content\/uploads\/2016\/05\/Halle-300x225.jpg 300w, https:\/\/korsarger3500.de\/wp-content\/uploads\/2016\/05\/Halle-768x576.jpg 768w, https:\/\/korsarger3500.de\/wp-content\/uploads\/2016\/05\/Halle-1024x768.jpg 1024w\" sizes=\"auto, (max-width: 300px) 100vw, 300px\" \/><\/a><\/p>\n<p style=\"text-align: left;\"><a href=\"https:\/\/korsarger3500.de\/index.php\/spargel-cup-graben-neudorf-2016\/\">Spargel-Cup Graben-Neudorf<\/a><\/p>\n<p style=\"text-align: left;\"><a href=\"https:\/\/korsarger3500.de\/index.php\/spargel-cup-graben-neudorf-2016\/\" rel=\"attachment wp-att-2313\"><img loading=\"lazy\" decoding=\"async\" class=\"alignnone wp-image-2313 size-medium\" src=\"https:\/\/korsarger3500.de\/wp-content\/uploads\/2016\/06\/Gn020-300x225.jpg\" alt=\"Gn020\" width=\"300\" height=\"225\" srcset=\"https:\/\/korsarger3500.de\/wp-content\/uploads\/2016\/06\/Gn020-300x225.jpg 300w, https:\/\/korsarger3500.de\/wp-content\/uploads\/2016\/06\/Gn020-768x576.jpg 768w, https:\/\/korsarger3500.de\/wp-content\/uploads\/2016\/06\/Gn020-1024x768.jpg 1024w\" sizes=\"auto, (max-width: 300px) 100vw, 300px\" \/><\/a><\/p>\n<p style=\"text-align: left;\"><a href=\"https:\/\/korsarger3500.de\/index.php\/kuhschellen-regatta-2016\/\">Kuhschelle Immenstadt Alpsee<\/a><\/p>\n<p style=\"text-align: left;\"><a href=\"https:\/\/korsarger3500.de\/index.php\/kuhschellen-regatta-2016\/\" rel=\"attachment wp-att-2349\"><img loading=\"lazy\" decoding=\"async\" class=\"alignnone wp-image-2349 size-medium\" src=\"https:\/\/korsarger3500.de\/wp-content\/uploads\/2016\/03\/IMG_0202-300x225.jpg\" alt=\"IMG_0202\" width=\"300\" height=\"225\" srcset=\"https:\/\/korsarger3500.de\/wp-content\/uploads\/2016\/03\/IMG_0202-300x225.jpg 300w, https:\/\/korsarger3500.de\/wp-content\/uploads\/2016\/03\/IMG_0202-768x576.jpg 768w, https:\/\/korsarger3500.de\/wp-content\/uploads\/2016\/03\/IMG_0202-1024x768.jpg 1024w\" sizes=\"auto, (max-width: 300px) 100vw, 300px\" \/><\/a><\/p>\n<p style=\"text-align: left;\"><a href=\"https:\/\/korsarger3500.de\/index.php\/korsarenpreis-goldkanal-2016\/\">Korsarenpreis Goldkanal<\/a><\/p>\n<p style=\"text-align: left;\"><a href=\"https:\/\/korsarger3500.de\/index.php\/korsarenpreis-goldkanal-2016\/\" rel=\"attachment wp-att-2438\"><img loading=\"lazy\" decoding=\"async\" class=\"alignnone size-medium wp-image-2438\" src=\"https:\/\/korsarger3500.de\/wp-content\/uploads\/2016\/07\/gk001-300x225.jpg\" alt=\"Korsar\" width=\"300\" height=\"225\" srcset=\"https:\/\/korsarger3500.de\/wp-content\/uploads\/2016\/07\/gk001-300x225.jpg 300w, https:\/\/korsarger3500.de\/wp-content\/uploads\/2016\/07\/gk001-768x576.jpg 768w, https:\/\/korsarger3500.de\/wp-content\/uploads\/2016\/07\/gk001-1024x768.jpg 1024w\" sizes=\"auto, (max-width: 300px) 100vw, 300px\" \/><\/a><\/p>\n<p style=\"text-align: left;\"><a href=\"https:\/\/korsarger3500.de\/index.php\/achensee-oesterreich-2016\/\">SP Korsar Achensee \u00d6sterreich<\/a><\/p>\n<p style=\"text-align: left;\"><a href=\"https:\/\/korsarger3500.de\/index.php\/achensee-oesterreich-2016\/\" rel=\"attachment wp-att-2575\"><img loading=\"lazy\" decoding=\"async\" class=\"alignnone size-medium wp-image-2575\" src=\"https:\/\/korsarger3500.de\/wp-content\/uploads\/2016\/08\/AS051-300x225.jpg\" alt=\"Mein Liegeplatz\" width=\"300\" height=\"225\" srcset=\"https:\/\/korsarger3500.de\/wp-content\/uploads\/2016\/08\/AS051-300x225.jpg 300w, https:\/\/korsarger3500.de\/wp-content\/uploads\/2016\/08\/AS051-768x576.jpg 768w, https:\/\/korsarger3500.de\/wp-content\/uploads\/2016\/08\/AS051-1024x768.jpg 1024w\" sizes=\"auto, (max-width: 300px) 100vw, 300px\" \/><\/a><\/p>\n<p style=\"text-align: left;\"><a href=\"https:\/\/korsarger3500.de\/index.php\/auerhahn-regatta-schluchsee-2016\/\">Auerhahn Regatta Schluchsee<\/a><\/p>\n<p style=\"text-align: left;\"><a href=\"https:\/\/korsarger3500.de\/index.php\/auerhahn-regatta-schluchsee-2016\/\" rel=\"attachment wp-att-2851\"><img loading=\"lazy\" decoding=\"async\" class=\"alignnone size-medium wp-image-2851\" src=\"https:\/\/korsarger3500.de\/wp-content\/uploads\/2016\/09\/ms_010-300x225.jpg\" alt=\"unser Fehlstart\" width=\"300\" height=\"225\" srcset=\"https:\/\/korsarger3500.de\/wp-content\/uploads\/2016\/09\/ms_010-300x225.jpg 300w, https:\/\/korsarger3500.de\/wp-content\/uploads\/2016\/09\/ms_010-768x576.jpg 768w, https:\/\/korsarger3500.de\/wp-content\/uploads\/2016\/09\/ms_010-1024x768.jpg 1024w\" sizes=\"auto, (max-width: 300px) 100vw, 300px\" \/><\/a><\/p>\n<p style=\"text-align: left;\"><a href=\"https:\/\/korsarger3500.de\/index.php\/langener-waldsee-2016\/\">Langener Waldsee<\/a><\/p>\n<p style=\"text-align: left;\"><a href=\"https:\/\/korsarger3500.de\/index.php\/langener-waldsee-2016\/\" rel=\"attachment wp-att-2942\"><img loading=\"lazy\" decoding=\"async\" class=\"alignnone wp-image-2942 size-medium\" src=\"https:\/\/korsarger3500.de\/wp-content\/uploads\/2016\/10\/LG_284-300x225.jpg\" alt=\"Schaumkronen unterm Rumpf\" width=\"300\" height=\"225\" srcset=\"https:\/\/korsarger3500.de\/wp-content\/uploads\/2016\/10\/LG_284-300x225.jpg 300w, https:\/\/korsarger3500.de\/wp-content\/uploads\/2016\/10\/LG_284-768x576.jpg 768w, https:\/\/korsarger3500.de\/wp-content\/uploads\/2016\/10\/LG_284-1024x768.jpg 1024w\" sizes=\"auto, (max-width: 300px) 100vw, 300px\" \/><\/a><\/p>\n<p style=\"text-align: left;\"><span class=\"_5v1l\"><a href=\"https:\/\/korsarger3500.de\/index.php\/korsaren-premiere-am-lippesee\/\">Korsaren Premiere am Lippesee<\/a><br \/>\n<\/span><\/p>\n<p style=\"text-align: left;\"><a href=\"https:\/\/korsarger3500.de\/index.php\/korsaren-premiere-am-lippesee\/\" rel=\"attachment wp-att-3052\"><img loading=\"lazy\" decoding=\"async\" class=\"alignnone wp-image-3052 size-medium\" src=\"https:\/\/korsarger3500.de\/wp-content\/uploads\/2016\/10\/Ziel-300x196.jpg\" alt=\"Ziel\" width=\"300\" height=\"196\" srcset=\"https:\/\/korsarger3500.de\/wp-content\/uploads\/2016\/10\/Ziel-300x196.jpg 300w, https:\/\/korsarger3500.de\/wp-content\/uploads\/2016\/10\/Ziel-768x503.jpg 768w, https:\/\/korsarger3500.de\/wp-content\/uploads\/2016\/10\/Ziel.jpg 929w\" sizes=\"auto, (max-width: 300px) 100vw, 300px\" \/><\/a><\/p>\n<p style=\"text-align: justify;\">So, das Regattajahr 2016 ist zu Ende. Aber von wegen Winterschlaf oder Ruhe. Angesagt sind: Persening impr\u00e4gnieren, Spigalgen anbringen, Spitrompete spachteln, Vorstag neu befestigen, Mastcontroler versetzen, Trimmarkierungen f\u00fcr Wantenspannung anbringen, Macken am Rumpf ausbessern, Macken im Deck ausbessern, Mittelschott\u00f6ffnung bauen, Schwert \u00fcberarbeiten, Ruder \u00fcberarbeiten, Slippwagenr\u00e4der neu befestigen, Lichtleiste Trailer mit LED Lampen ausstatten und h\u00f6her bauen, Trailer zur HU bringen und noch einen neuen B\u00fcgel fertigen.<\/p>\n<p style=\"text-align: justify;\">Ah &#8211; ja vielleicht f\u00e4llt Skipper ja auch noch was ein &#8230;<\/p>\n<p><a href=\"https:\/\/korsarger3500.de\/index.php\/regatta-2017\/\">Weiter\u2026<\/a> oder zur <a href=\"https:\/\/korsarger3500.de\/\">Startseite<\/a><\/p>\n","protected":false},"excerpt":{"rendered":"<p>Das Regattajahr 2016 begann f\u00fcr mich am Ostersamstag bei sch\u00f6nstem Sonnenschein und leichtem Wind. Genau das Richtige, um wach zu werden und mit der Crew zusammen alle \u00c4nderungen die Skipper\u00a0\u00fcber Winter\u00a0gebastelt hat \u00a0auszuprobieren. Wir hatten unsern See f\u00fcr uns alleine, &#8211; psssst &#8211; die andern schlafen noch&#8230; Silbernes Korsarenschwert Liblar 2016 Training am Goldkanal beim &hellip; <a href=\"https:\/\/korsarger3500.de\/index.php\/regatta-2016\/\" class=\"more-link\"><span class=\"screen-reader-text\">Regatta 2016<\/span> weiterlesen<\/a><\/p>\n","protected":false},"author":1,"featured_media":0,"parent":0,"menu_order":0,"comment_status":"closed","ping_status":"closed","template":"","meta":{"footnotes":""},"class_list":["post-1565","page","type-page","status-publish","hentry"],"_links":{"self":[{"href":"https:\/\/korsarger3500.de\/index.php\/wp-json\/wp\/v2\/pages\/1565","targetHints":{"allow":["GET"]}}],"collection":[{"href":"https:\/\/korsarger3500.de\/index.php\/wp-json\/wp\/v2\/pages"}],"about":[{"href":"https:\/\/korsarger3500.de\/index.php\/wp-json\/wp\/v2\/types\/page"}],"author":[{"embeddable":true,"href":"https:\/\/korsarger3500.de\/index.php\/wp-json\/wp\/v2\/users\/1"}],"replies":[{"embeddable":true,"href":"https:\/\/korsarger3500.de\/index.php\/wp-json\/wp\/v2\/comments?post=1565"}],"version-history":[{"count":59,"href":"https:\/\/korsarger3500.de\/index.php\/wp-json\/wp\/v2\/pages\/1565\/revisions"}],"predecessor-version":[{"id":4609,"href":"https:\/\/korsarger3500.de\/index.php\/wp-json\/wp\/v2\/pages\/1565\/revisions\/4609"}],"wp:attachment":[{"href":"https:\/\/korsarger3500.de\/index.php\/wp-json\/wp\/v2\/media?parent=1565"}],"curies":[{"name":"wp","href":"https:\/\/api.w.org\/{rel}","templated":true}]}}