{"id":1431,"date":"2016-03-24T17:45:18","date_gmt":"2016-03-24T16:45:18","guid":{"rendered":"http:\/\/korsarger3500.de\/?page_id=1431"},"modified":"2022-06-14T09:35:00","modified_gmt":"2022-06-14T07:35:00","slug":"kuhschellen-regatta-2014","status":"publish","type":"page","link":"https:\/\/korsarger3500.de\/index.php\/kuhschellen-regatta-2014\/","title":{"rendered":"Kuhschellen Regatta 2014"},"content":{"rendered":"<p style=\"text-align: justify;\">Was haben violette Blumen mit segeln zu tun oder bekommen die Regattaschiffe dort Blumen an die Wanten gebunden? Wisst Ihr denn nicht das Kuhschellen violette Bl\u00fcmchen sind?? Hier sind aber die Dinger gemeint, die die K\u00fche in den Alpen am Hals h\u00e4ngen haben. Also Kuhglocken, die hei\u00dfen hier nur Schellen. Soll ich so ein Teil etwa mitschleppen und w\u00e4hrend der Regatta damit bimmeln? Wird da etwa immer im Nebel gesegelt? Stimmt alles nicht, hat man mir erkl\u00e4rt, die Kuhschellen gibt es f\u00fcr die Crews am Ende der Regatta bei der Siegerehrung und je besser die Platzierung, um so gr\u00f6\u00dfer die Kuhschelle. Das hat eine uralte <a href=\"http:\/\/korsarger3500.de\/wp-content\/uploads\/2016\/03\/ks14_04.jpg\" rel=\"attachment wp-att-1416\" data-lbwps-width=\"4000\" data-lbwps-height=\"3000\" data-lbwps-srcsmall=\"https:\/\/korsarger3500.de\/wp-content\/uploads\/2016\/03\/ks14_04-300x225.jpg\"><img loading=\"lazy\" decoding=\"async\" class=\"alignleft wp-image-1416 size-thumbnail\" src=\"http:\/\/korsarger3500.de\/wp-content\/uploads\/2016\/03\/ks14_04-150x150.jpg\" alt=\"Der gro\u00dfe Alpsee\" width=\"150\" height=\"150\" \/><\/a>Tradition hier am Alpsee. Womit auch raus ist wo es hingeht, ins Alpenvorland. Das ist mal ne lange Strecke, 450 km. Ich wurde also zeitig bepackt und reisefertig verladen und dann ging es Freitags los. Es war sch\u00f6nes Cabriowetter und wir d\u00fcsten die Landstra\u00dfe runter Richtung Stra\u00dfburg um dann den Schwarzwald zu erklimmen. Weiter ging&#8217;s am Bodensee vorbei bis an den Alpsee. Dort kamen wir zu\u00a0 sp\u00e4ter Stunde an. Die Crew quartierte sich in einer Pension ein und ich stand gesch\u00fctzt im Hinterhof. Am n\u00e4chsten Morgen sind wir dann nur ein paar hundert Meter zum <span class=\"text\"> <a href=\"http:\/\/www.scai.bayern\/\">Segelclub Alpsee-Immenstadt<\/a> (<\/span>SCAI)\u00a0 an den gro\u00dfen Alpsee gefahren. Hier ist es sch\u00f6n. Es gibt eine gro\u00dfe Wiese mit jeder Menge Jollen, ein Platz f\u00fcr die<a href=\"http:\/\/korsarger3500.de\/wp-content\/uploads\/2016\/03\/ks14_08.jpg\" rel=\"attachment wp-att-1420\" data-lbwps-width=\"4000\" data-lbwps-height=\"3000\" data-lbwps-srcsmall=\"https:\/\/korsarger3500.de\/wp-content\/uploads\/2016\/03\/ks14_08-300x225.jpg\"><img loading=\"lazy\" decoding=\"async\" class=\"alignright wp-image-1420 size-thumbnail\" src=\"http:\/\/korsarger3500.de\/wp-content\/uploads\/2016\/03\/ks14_08-150x150.jpg\" alt=\"WOMO Stellplatz\" width=\"150\" height=\"150\" \/><\/a> WOMOs und ein nettes Clubhaus. Und das alles in den Bergen, ok am Rand der Berge. Auch Samstags war strahlender Sonnenschein als ich aufgebaut wurde. Bald kam auch Peter vorbei und schaute sich an, wie die neue Segel zu mir passten. Peter segelt schon lange Korsare, arbeitet bei der Firma Fritz und kennt sich deshalb sehr gut mit den Segeln aus. Der Tag war aber jetzt schon f\u00fcr mich gelaufen &#8211; sch\u00f6nstes Wetter aber kein Wind. Die Crew schaute sich die ganze Anlage in Ruhe an. Einige Segler waren tats\u00e4chlich im See baden und auch der Skipper war im klaren Alpsee ne Runde schnorcheln. Einen kleinen Hecht und ein paar Barsche hat er gesehen. Abends <a href=\"http:\/\/korsarger3500.de\/wp-content\/uploads\/2016\/03\/ks14_24.jpg\" rel=\"attachment wp-att-1430\" data-lbwps-width=\"4000\" data-lbwps-height=\"3000\" data-lbwps-srcsmall=\"https:\/\/korsarger3500.de\/wp-content\/uploads\/2016\/03\/ks14_24-300x225.jpg\"><img loading=\"lazy\" decoding=\"async\" class=\"alignleft wp-image-1430 size-thumbnail\" src=\"http:\/\/korsarger3500.de\/wp-content\/uploads\/2016\/03\/ks14_24-150x150.jpg\" alt=\"K\u00e4sebuffet\" width=\"150\" height=\"150\" \/><\/a>nach dem Essen gabs noch eine gro\u00dfe Platte mit Allg\u00e4uer K\u00e4sespezialit\u00e4ten. Danach trafen sich fast alle Segler an der Feuerstelle beim Lagerfeuer. Dort sa\u00df die Crew auch noch bis sp\u00e4t in die Nacht.\u00a0 Am n\u00e4chsten Tag war Wind, daf\u00fcr aber das Wetter lange nicht mehr so sch\u00f6n. Die Crew packte sich warm ein und es ging auf auf den See zur ersten Wettfahrt. Der See ist riesig, zumindestens im Vergleich zu dem was die Crew bisher so kennt. Irgend wo da unten ist das Startschiff hingefahren, also mit dem Feld in diese Richtung segeln. An er Startlinie angekommen fing es an zu sch\u00fctten, aber so richtig wie aus Eimern. Egal; es ist ja Wassersport, sagt die<a href=\"http:\/\/korsarger3500.de\/wp-content\/uploads\/2016\/03\/KS14_4.jpg\" rel=\"attachment wp-att-1417\" data-lbwps-width=\"1188\" data-lbwps-height=\"790\" data-lbwps-srcsmall=\"https:\/\/korsarger3500.de\/wp-content\/uploads\/2016\/03\/KS14_4-300x199.jpg\"><img loading=\"lazy\" decoding=\"async\" class=\"alignright wp-image-1417 size-thumbnail\" src=\"http:\/\/korsarger3500.de\/wp-content\/uploads\/2016\/03\/KS14_4-150x150.jpg\" alt=\"Nach dem Start\" width=\"150\" height=\"150\" \/><\/a> Schottin dann immer. Hautsache die Laune bei den beiden ist gut, aber ich hatte den Bauch schon so voll mit Wasser, dass die Schottin lenzen musste. Wir starteten dann ganz passabel und segelten Richtung Luvtonne. Sehen konnten wir die nicht, so weit war die weg, oder es lag am starken Regen. Nach zwei Runden rundeten wir die Leetonne im hinteren Mittelfeld und segelten wieder eine Kreuz Richtung Luvfass. Auf einmal rief uns Christian von SCI zu. &#8222;Ihr m\u00fcsst doch noch durch Ziel, Ihr seit grad dran vorbei gesegelt.&#8220; Der Skipper und die Schottin waren ganz verdutzt, die 3 Runden waren doch noch gar nicht gesegelt. Was war geschehen? Die Wettfahrtleitung hatte die Bahn verk\u00fcrzt und dass hat die Crew nicht mitbekommen, weil sie im Eifer so auf die Luftonne fixiert war. Also schnell ne Halse und mit raumen Kurs Richtung Leefass auf die Ziellinie zu. Einen Aufschie\u00dfer um die Linienboje und wir sind als Allerletzter durchs Ziel. Und ich dachte sofort &#8222;Wie war das &#8211; <em>Nix kaputt machen und nicht Letzter werden<\/em>&#8222;. <a href=\"http:\/\/korsarger3500.de\/wp-content\/uploads\/2016\/03\/KS14_1.jpg\" rel=\"attachment wp-att-1412\" data-lbwps-width=\"1194\" data-lbwps-height=\"772\" data-lbwps-srcsmall=\"https:\/\/korsarger3500.de\/wp-content\/uploads\/2016\/03\/KS14_1-300x194.jpg\"><img loading=\"lazy\" decoding=\"async\" class=\"alignleft wp-image-1412 size-thumbnail\" src=\"http:\/\/korsarger3500.de\/wp-content\/uploads\/2016\/03\/KS14_1-150x150.jpg\" alt=\"unter Spinnacker\" width=\"150\" height=\"150\" \/><\/a>Zum heulen und sich \u00e4rgern war aber keine Zeit denn es sollte gleich mit dem n\u00e4chsten Lauf weitergehen. Die Crew hatte eindeutig gepennt und nicht genau auf das Wettkampfschiff und auf die anderen Schiffe geachtet. Das sollte nicht mehr passieren, man ist ja lernf\u00e4hig. Bei den n\u00e4chsten beiden L\u00e4ufen waren die beiden voll konzentriert, obwohl es immer noch wie aus Eimern schiffte. Zwischendurch musste die Schottin\u00a0 immer mal wieder von Hand gelenzen. Da haben die Plastikschiffe mit Doppelboden einen Vorteil, weil dort das Wasser von alleine rausl\u00e4uft. Wir k\u00e4mpften mit dem Wetter und den andern Schiffe und belegten den 16. Platz.\u00a0 Im letzten Lauf\u00a0 ging&#8217;s noch mal besser und wir steigerten uns bis auf den 13. Platz. Das Gel\u00e4chter und Gefrozele von einigen anderen Crews, wegen der verpassten Zieldurchfahrt, war uns dann am Ufer und bei der Siegerehrung sicher. Kuhglocken bekamen wir trotzdem. Jede Crew bekommt die dort und das ist sch\u00f6n so &#8211; und was f\u00fcr Riesenteile die ersten drei Pl\u00e4tze bekommen! Wenn wir so eineSchelle mal bekommen w\u00fcrden, m\u00fcsste ich in meinem Bauch extra Platz machen, denn in den Kofferraum vom Cabrio passen die im Leben nicht. Bis dahin m\u00fcssen wir aber noch viel \u00fcben. Der Regen nahm so langsam ein wenig ab und ich fragte mich schon wo die beiden bleiben, denn normalerweise werd ich schon vor der Siegerehrung abgebaut. Jetzt ist das schon ne Weile her und ich steh immer noch aufgeriggt zwischen den anderen, schon reisefertigen Schiffen. Endlich kamen die beiden. Die Segel wurden so verpackt, dass sie noch trocknen konnten und auch die andern nassen Klamotten wurden in meinem Bauch verteilt. Dann bekam ich meine Zeltpersenning \u00fcber, das hei\u00dft wir bleiben noch? Ja schon &#8211; aber nur ich &#8211; die Crew macht sich auf zum <a href=\"http:\/\/korsarger3500.de\/index.php\/zum-gardasee-und-wieder-zurueck\/\">Gardasee <\/a>!!! Ohne mich!!! Okay, dann mach ich es mir\u00a0 hier beim <a href=\"http:\/\/www.scai.bayern\/\">SCAI <\/a>so lange gem\u00fctlich zwischen Korsaren und FDs und warte bis sie wiederkommen. Nach dem turbulenten Wochenende ist das auch nicht schlecht.<\/p>\n<div id='gallery-1' class='gallery galleryid-1431 gallery-columns-4 gallery-size-thumbnail'><figure class='gallery-item'>\n\t\t\t<div class='gallery-icon landscape'>\n\t\t\t\t<a href='https:\/\/korsarger3500.de\/wp-content\/uploads\/2016\/03\/ks14_10.jpg'><img loading=\"lazy\" decoding=\"async\" width=\"150\" height=\"150\" src=\"https:\/\/korsarger3500.de\/wp-content\/uploads\/2016\/03\/ks14_10-150x150.jpg\" class=\"attachment-thumbnail size-thumbnail\" alt=\"\" \/><\/a>\n\t\t\t<\/div><\/figure><figure class='gallery-item'>\n\t\t\t<div class='gallery-icon landscape'>\n\t\t\t\t<a href='https:\/\/korsarger3500.de\/wp-content\/uploads\/2016\/03\/ks14_20.jpg'><img loading=\"lazy\" decoding=\"async\" width=\"150\" height=\"150\" src=\"https:\/\/korsarger3500.de\/wp-content\/uploads\/2016\/03\/ks14_20-150x150.jpg\" class=\"attachment-thumbnail size-thumbnail\" alt=\"\" \/><\/a>\n\t\t\t<\/div><\/figure><figure class='gallery-item'>\n\t\t\t<div class='gallery-icon landscape'>\n\t\t\t\t<a href='https:\/\/korsarger3500.de\/wp-content\/uploads\/2016\/03\/ks14_14.jpg'><img loading=\"lazy\" decoding=\"async\" width=\"150\" height=\"150\" src=\"https:\/\/korsarger3500.de\/wp-content\/uploads\/2016\/03\/ks14_14-150x150.jpg\" class=\"attachment-thumbnail size-thumbnail\" alt=\"\" \/><\/a>\n\t\t\t<\/div><\/figure><figure class='gallery-item'>\n\t\t\t<div class='gallery-icon landscape'>\n\t\t\t\t<a href='https:\/\/korsarger3500.de\/wp-content\/uploads\/2016\/03\/ks14_22.jpg'><img loading=\"lazy\" decoding=\"async\" width=\"150\" height=\"150\" src=\"https:\/\/korsarger3500.de\/wp-content\/uploads\/2016\/03\/ks14_22-150x150.jpg\" class=\"attachment-thumbnail size-thumbnail\" alt=\"\" \/><\/a>\n\t\t\t<\/div><\/figure><figure class='gallery-item'>\n\t\t\t<div class='gallery-icon landscape'>\n\t\t\t\t<a href='https:\/\/korsarger3500.de\/wp-content\/uploads\/2016\/03\/ks14_19.jpg'><img loading=\"lazy\" decoding=\"async\" width=\"150\" height=\"150\" src=\"https:\/\/korsarger3500.de\/wp-content\/uploads\/2016\/03\/ks14_19-150x150.jpg\" class=\"attachment-thumbnail size-thumbnail\" alt=\"\" \/><\/a>\n\t\t\t<\/div><\/figure><figure class='gallery-item'>\n\t\t\t<div class='gallery-icon landscape'>\n\t\t\t\t<a href='https:\/\/korsarger3500.de\/wp-content\/uploads\/2016\/03\/ks14_21.jpg'><img loading=\"lazy\" decoding=\"async\" width=\"150\" height=\"150\" src=\"https:\/\/korsarger3500.de\/wp-content\/uploads\/2016\/03\/ks14_21-150x150.jpg\" class=\"attachment-thumbnail size-thumbnail\" alt=\"\" \/><\/a>\n\t\t\t<\/div><\/figure><figure class='gallery-item'>\n\t\t\t<div class='gallery-icon landscape'>\n\t\t\t\t<a href='https:\/\/korsarger3500.de\/wp-content\/uploads\/2016\/03\/ks14_03.jpg'><img loading=\"lazy\" decoding=\"async\" width=\"150\" height=\"150\" src=\"https:\/\/korsarger3500.de\/wp-content\/uploads\/2016\/03\/ks14_03-150x150.jpg\" class=\"attachment-thumbnail size-thumbnail\" alt=\"\" \/><\/a>\n\t\t\t<\/div><\/figure><figure class='gallery-item'>\n\t\t\t<div class='gallery-icon landscape'>\n\t\t\t\t<a href='https:\/\/korsarger3500.de\/wp-content\/uploads\/2016\/03\/ks14_18.jpg'><img loading=\"lazy\" decoding=\"async\" width=\"150\" height=\"150\" src=\"https:\/\/korsarger3500.de\/wp-content\/uploads\/2016\/03\/ks14_18-150x150.jpg\" class=\"attachment-thumbnail size-thumbnail\" alt=\"\" \/><\/a>\n\t\t\t<\/div><\/figure><figure class='gallery-item'>\n\t\t\t<div class='gallery-icon landscape'>\n\t\t\t\t<a href='https:\/\/korsarger3500.de\/wp-content\/uploads\/2016\/03\/ks14_07.jpg'><img loading=\"lazy\" decoding=\"async\" width=\"150\" height=\"150\" src=\"https:\/\/korsarger3500.de\/wp-content\/uploads\/2016\/03\/ks14_07-150x150.jpg\" class=\"attachment-thumbnail size-thumbnail\" alt=\"\" \/><\/a>\n\t\t\t<\/div><\/figure><figure class='gallery-item'>\n\t\t\t<div class='gallery-icon landscape'>\n\t\t\t\t<a href='https:\/\/korsarger3500.de\/wp-content\/uploads\/2016\/03\/ks14_15.jpg'><img loading=\"lazy\" decoding=\"async\" width=\"150\" height=\"150\" src=\"https:\/\/korsarger3500.de\/wp-content\/uploads\/2016\/03\/ks14_15-150x150.jpg\" class=\"attachment-thumbnail size-thumbnail\" alt=\"\" \/><\/a>\n\t\t\t<\/div><\/figure><figure class='gallery-item'>\n\t\t\t<div class='gallery-icon landscape'>\n\t\t\t\t<a href='https:\/\/korsarger3500.de\/wp-content\/uploads\/2016\/03\/ks14_06.jpg'><img loading=\"lazy\" decoding=\"async\" width=\"150\" height=\"150\" src=\"https:\/\/korsarger3500.de\/wp-content\/uploads\/2016\/03\/ks14_06-150x150.jpg\" class=\"attachment-thumbnail size-thumbnail\" alt=\"\" \/><\/a>\n\t\t\t<\/div><\/figure><figure class='gallery-item'>\n\t\t\t<div class='gallery-icon landscape'>\n\t\t\t\t<a href='https:\/\/korsarger3500.de\/wp-content\/uploads\/2016\/03\/KS14_4.jpg'><img loading=\"lazy\" decoding=\"async\" width=\"150\" height=\"150\" src=\"https:\/\/korsarger3500.de\/wp-content\/uploads\/2016\/03\/KS14_4-150x150.jpg\" class=\"attachment-thumbnail size-thumbnail\" alt=\"\" \/><\/a>\n\t\t\t<\/div><\/figure><figure class='gallery-item'>\n\t\t\t<div class='gallery-icon landscape'>\n\t\t\t\t<a href='https:\/\/korsarger3500.de\/wp-content\/uploads\/2016\/03\/KS14_3.jpg'><img loading=\"lazy\" decoding=\"async\" width=\"150\" height=\"150\" src=\"https:\/\/korsarger3500.de\/wp-content\/uploads\/2016\/03\/KS14_3-150x150.jpg\" class=\"attachment-thumbnail size-thumbnail\" alt=\"\" \/><\/a>\n\t\t\t<\/div><\/figure><figure class='gallery-item'>\n\t\t\t<div class='gallery-icon landscape'>\n\t\t\t\t<a href='https:\/\/korsarger3500.de\/wp-content\/uploads\/2016\/03\/KS14_2.jpg'><img loading=\"lazy\" decoding=\"async\" width=\"150\" height=\"150\" src=\"https:\/\/korsarger3500.de\/wp-content\/uploads\/2016\/03\/KS14_2-150x150.jpg\" class=\"attachment-thumbnail size-thumbnail\" alt=\"\" \/><\/a>\n\t\t\t<\/div><\/figure><figure class='gallery-item'>\n\t\t\t<div class='gallery-icon landscape'>\n\t\t\t\t<a href='https:\/\/korsarger3500.de\/wp-content\/uploads\/2016\/03\/ks14_01.jpg'><img loading=\"lazy\" decoding=\"async\" width=\"150\" height=\"150\" src=\"https:\/\/korsarger3500.de\/wp-content\/uploads\/2016\/03\/ks14_01-150x150.jpg\" class=\"attachment-thumbnail size-thumbnail\" alt=\"\" \/><\/a>\n\t\t\t<\/div><\/figure>\n\t\t<\/div>\n\n<p>Ah-so gewonnen hat der 3806 mit Birgit und Jens<\/p>\n<p><a class=\"ng-binding\" href=\"https:\/\/korsarger3500.de\/wp-content\/uploads\/2022\/06\/2014_Kuhschelle.jpg\" data-lbwps-width=\"942\" data-lbwps-height=\"517\" data-lbwps-srcsmall=\"https:\/\/korsarger3500.de\/wp-content\/uploads\/2022\/06\/2014_Kuhschelle-300x165.jpg\">Ergebnis<\/a><\/p>\n<p><a href=\"http:\/\/korsarger3500.de\/index.php\/korsarenpreis-goldkanal\/\">weiter &#8230;<\/a>oder zur <a href=\"http:\/\/korsarger3500.de\/\">Startseite<\/a><\/p>\n","protected":false},"excerpt":{"rendered":"<p>Was haben violette Blumen mit segeln zu tun oder bekommen die Regattaschiffe dort Blumen an die Wanten gebunden? Wisst Ihr denn nicht das Kuhschellen violette Bl\u00fcmchen sind?? Hier sind aber die Dinger gemeint, die die K\u00fche in den Alpen am Hals h\u00e4ngen haben. Also Kuhglocken, die hei\u00dfen hier nur Schellen. Soll ich so ein Teil &hellip; <a href=\"https:\/\/korsarger3500.de\/index.php\/kuhschellen-regatta-2014\/\" class=\"more-link\"><span class=\"screen-reader-text\">Kuhschellen Regatta 2014<\/span> weiterlesen<\/a><\/p>\n","protected":false},"author":1,"featured_media":0,"parent":0,"menu_order":0,"comment_status":"closed","ping_status":"closed","template":"","meta":{"footnotes":""},"class_list":["post-1431","page","type-page","status-publish","hentry"],"_links":{"self":[{"href":"https:\/\/korsarger3500.de\/index.php\/wp-json\/wp\/v2\/pages\/1431","targetHints":{"allow":["GET"]}}],"collection":[{"href":"https:\/\/korsarger3500.de\/index.php\/wp-json\/wp\/v2\/pages"}],"about":[{"href":"https:\/\/korsarger3500.de\/index.php\/wp-json\/wp\/v2\/types\/page"}],"author":[{"embeddable":true,"href":"https:\/\/korsarger3500.de\/index.php\/wp-json\/wp\/v2\/users\/1"}],"replies":[{"embeddable":true,"href":"https:\/\/korsarger3500.de\/index.php\/wp-json\/wp\/v2\/comments?post=1431"}],"version-history":[{"count":23,"href":"https:\/\/korsarger3500.de\/index.php\/wp-json\/wp\/v2\/pages\/1431\/revisions"}],"predecessor-version":[{"id":7920,"href":"https:\/\/korsarger3500.de\/index.php\/wp-json\/wp\/v2\/pages\/1431\/revisions\/7920"}],"wp:attachment":[{"href":"https:\/\/korsarger3500.de\/index.php\/wp-json\/wp\/v2\/media?parent=1431"}],"curies":[{"name":"wp","href":"https:\/\/api.w.org\/{rel}","templated":true}]}}