{"id":140,"date":"2016-01-21T15:02:02","date_gmt":"2016-01-21T14:02:02","guid":{"rendered":"http:\/\/korsarger3500.de\/?page_id=140"},"modified":"2026-01-16T12:55:59","modified_gmt":"2026-01-16T11:55:59","slug":"neues-zu-hause","status":"publish","type":"page","link":"https:\/\/korsarger3500.de\/index.php\/neues-zu-hause\/","title":{"rendered":"Mein neues zu Hause"},"content":{"rendered":"<p style=\"text-align: justify;\">Mein erstes Abenteuer\u00a0 nach 10 Jahren, die Fahrt hinter einem alten klapperigen Pickup, endete im\u00a0 Nordsaarland. Hier wird mein neues zu Hause sein. Sch\u00f6n solls da sein und einen See mit anderen Jollen gibt&#8217;s da angeblich auch. Ich bin gespannt.<\/p>\n<p style=\"text-align: justify;\"><a href=\"http:\/\/korsarger3500.de\/wp-content\/uploads\/2016\/01\/Ankunft.jpg\" data-lbwps-width=\"755\" data-lbwps-height=\"485\" data-lbwps-srcsmall=\"https:\/\/korsarger3500.de\/wp-content\/uploads\/2016\/01\/Ankunft-300x193.jpg\"><img loading=\"lazy\" decoding=\"async\" class=\"aligncenter wp-image-68 size-medium\" src=\"https:\/\/korsarger3500.de\/wp-content\/uploads\/2016\/01\/Ankunft-300x193.jpg\" alt=\"zu Hause\" width=\"300\" height=\"193\" srcset=\"https:\/\/korsarger3500.de\/wp-content\/uploads\/2016\/01\/Ankunft-300x193.jpg 300w, https:\/\/korsarger3500.de\/wp-content\/uploads\/2016\/01\/Ankunft.jpg 755w\" sizes=\"auto, (max-width: 300px) 100vw, 300px\" \/><\/a><\/p>\n<p style=\"text-align: justify;\">Kaum angekommen wurde zun\u00e4chst ein erstes Bild von mir gemacht, dann wurde ich sofort ausgepackt und genau in Augenschein genommen. Endlich das erste Tageslicht seit vielen vielen Jahren.<\/p>\n<p style=\"text-align: justify;\">Zeit zum wach werden.<\/p>\n<p style=\"text-align: justify;\"><a href=\"http:\/\/korsarger3500.de\/wp-content\/uploads\/2016\/01\/Das-erste-Tageslicht.jpg\" data-lbwps-width=\"683\" data-lbwps-height=\"591\" data-lbwps-srcsmall=\"https:\/\/korsarger3500.de\/wp-content\/uploads\/2016\/01\/Das-erste-Tageslicht-300x260.jpg\"><img loading=\"lazy\" decoding=\"async\" class=\"aligncenter wp-image-69 size-medium\" src=\"https:\/\/korsarger3500.de\/wp-content\/uploads\/2016\/01\/Das-erste-Tageslicht-300x260.jpg\" alt=\"ein erstes Kennenlernen\" width=\"300\" height=\"260\" srcset=\"https:\/\/korsarger3500.de\/wp-content\/uploads\/2016\/01\/Das-erste-Tageslicht-300x260.jpg 300w, https:\/\/korsarger3500.de\/wp-content\/uploads\/2016\/01\/Das-erste-Tageslicht.jpg 683w\" sizes=\"auto, (max-width: 300px) 100vw, 300px\" \/><\/a><\/p>\n<p style=\"text-align: justify;\">In meinem Bauch liegt noch jede Menge Segelzeug. Ein Satz VM Sails, ein Satz Elvstr\u00f8m Sails, drei Spinnacker, ne Tau- und Krusch-Kiste. Alte Trockenanz\u00fcge f\u00fcr die Crew sind auch noch da, die m\u00fcssen aber schnell entsorgt werden. Was mich aber schon seit Jahren juckt ist die halb volle Schachtel Zigaretten (<b>Gauloises ohne Filter<\/b>) die unter Segeltuch versteckt ist. Ob der 5 D-Mark Schein, der daneben liegt, heute noch zu gebrauchen ist wei\u00df ich auch nicht.<\/p>\n<p style=\"text-align: justify;\"><a href=\"http:\/\/korsarger3500.de\/wp-content\/uploads\/2016\/01\/hab-den-Bauch-voll.jpg\" data-lbwps-width=\"756\" data-lbwps-height=\"619\" data-lbwps-srcsmall=\"https:\/\/korsarger3500.de\/wp-content\/uploads\/2016\/01\/hab-den-Bauch-voll-300x246.jpg\"><img loading=\"lazy\" decoding=\"async\" class=\"aligncenter wp-image-70 size-medium\" src=\"https:\/\/korsarger3500.de\/wp-content\/uploads\/2016\/01\/hab-den-Bauch-voll-300x246.jpg\" alt=\"hab den Bauch voll Krusch\" width=\"300\" height=\"246\" srcset=\"https:\/\/korsarger3500.de\/wp-content\/uploads\/2016\/01\/hab-den-Bauch-voll-300x246.jpg 300w, https:\/\/korsarger3500.de\/wp-content\/uploads\/2016\/01\/hab-den-Bauch-voll.jpg 756w\" sizes=\"auto, (max-width: 300px) 100vw, 300px\" \/><\/a><\/p>\n<p style=\"text-align: justify;\">Die lange Zeit, in der ich eingepackt war, hat einige Geruchsspuren hinterlassen. Der Spi in meiner\u00a0Trompete m\u00fcffelt schon sehr. \u00a0Ich sehe aber, dass Hochdruckreiniger und Shampoo schon bereit stehen. Einige Zeit sp\u00e4ter, frisch geduscht und in der Sonne trocknend, sieht die Welt schon wieder anders aus. Jetzt m\u00fcssen Mast und Segel drauf &#8211; dann kann ich auch zeigen wie sch\u00f6n ich bin.<\/p>\n<p style=\"text-align: justify;\"><a href=\"http:\/\/korsarger3500.de\/wp-content\/uploads\/2016\/01\/wieder-sauber.jpg\" data-lbwps-width=\"1163\" data-lbwps-height=\"573\" data-lbwps-srcsmall=\"https:\/\/korsarger3500.de\/wp-content\/uploads\/2016\/01\/wieder-sauber-300x148.jpg\"><img loading=\"lazy\" decoding=\"async\" class=\"aligncenter wp-image-72 size-full\" src=\"https:\/\/korsarger3500.de\/wp-content\/uploads\/2016\/01\/wieder-sauber.jpg\" alt=\"leer und frisch geduscht\" width=\"1163\" height=\"573\" srcset=\"https:\/\/korsarger3500.de\/wp-content\/uploads\/2016\/01\/wieder-sauber.jpg 1163w, https:\/\/korsarger3500.de\/wp-content\/uploads\/2016\/01\/wieder-sauber-300x148.jpg 300w, https:\/\/korsarger3500.de\/wp-content\/uploads\/2016\/01\/wieder-sauber-768x378.jpg 768w, https:\/\/korsarger3500.de\/wp-content\/uploads\/2016\/01\/wieder-sauber-1024x505.jpg 1024w\" sizes=\"auto, (max-width: 1163px) 100vw, 1163px\" \/><\/a><\/p>\n<p style=\"text-align: justify;\">Nachdem alles stehende und laufende Gut gepr\u00fcft wurde und alle Rollen und Schienen mit Silikon &#8222;abgeschmiert&#8220; wurden bin ich nun segelfertig. Fehlt blo\u00df noch das Wasser und ne Crew.<\/p>\n<p style=\"text-align: justify;\"><a href=\"http:\/\/korsarger3500.de\/wp-content\/uploads\/2016\/01\/mit-Segeln.jpg\" data-lbwps-width=\"978\" data-lbwps-height=\"581\" data-lbwps-srcsmall=\"https:\/\/korsarger3500.de\/wp-content\/uploads\/2016\/01\/mit-Segeln-300x178.jpg\"><img loading=\"lazy\" decoding=\"async\" class=\"aligncenter wp-image-73 size-full\" src=\"https:\/\/korsarger3500.de\/wp-content\/uploads\/2016\/01\/mit-Segeln.jpg\" alt=\"mit Segeln\" width=\"978\" height=\"581\" srcset=\"https:\/\/korsarger3500.de\/wp-content\/uploads\/2016\/01\/mit-Segeln.jpg 978w, https:\/\/korsarger3500.de\/wp-content\/uploads\/2016\/01\/mit-Segeln-300x178.jpg 300w, https:\/\/korsarger3500.de\/wp-content\/uploads\/2016\/01\/mit-Segeln-768x456.jpg 768w\" sizes=\"auto, (max-width: 978px) 100vw, 978px\" \/><\/a><\/p>\n<p style=\"text-align: justify;\">Zum ersten Kennenlernen kam mein alter Eigner vorbei um der neuen Crew ein paar Aufbautipps zu geben und um meine Besonderheiten zu zeigen. Dann ging es endlich wieder aufs Wasser. Es war zwar nur ne leichte Brise, die an diesem Tage wehte, aber das reichte f\u00fcr die ersten Ann\u00e4herungen. S\u00e4mtliche Ein-und Verstellm\u00f6glichkeiten funktionieren noch, einige sind etwas &#8222;eingerostet&#8220; aber die &#8222;Neuen&#8220; haben versprochen es zu richten.<\/p>\n<p style=\"text-align: justify;\"><a href=\"http:\/\/korsarger3500.de\/wp-content\/uploads\/2016\/01\/Am-See.jpg\" data-lbwps-width=\"833\" data-lbwps-height=\"583\" data-lbwps-srcsmall=\"https:\/\/korsarger3500.de\/wp-content\/uploads\/2016\/01\/Am-See-300x210.jpg\"><img loading=\"lazy\" decoding=\"async\" class=\"aligncenter wp-image-75 size-full\" src=\"https:\/\/korsarger3500.de\/wp-content\/uploads\/2016\/01\/Am-See.jpg\" alt=\"ein letztes mal der alte Eigner \" width=\"833\" height=\"583\" srcset=\"https:\/\/korsarger3500.de\/wp-content\/uploads\/2016\/01\/Am-See.jpg 833w, https:\/\/korsarger3500.de\/wp-content\/uploads\/2016\/01\/Am-See-300x210.jpg 300w, https:\/\/korsarger3500.de\/wp-content\/uploads\/2016\/01\/Am-See-768x538.jpg 768w\" sizes=\"auto, (max-width: 833px) 100vw, 833px\" \/><\/a><\/p>\n<p style=\"text-align: justify;\">Nach einigen Schl\u00e4gen mit und ohne Spi waren alle Fragen gekl\u00e4rt und ich bekam meinen neuen Sommerliegeplatz. Mit Blick aufs Wasser und inmitten anderen Schiffe.<\/p>\n<div id='gallery-1' class='gallery galleryid-140 gallery-columns-3 gallery-size-thumbnail'><figure class='gallery-item'>\n\t\t\t<div class='gallery-icon landscape'>\n\t\t\t\t<a href='https:\/\/korsarger3500.de\/wp-content\/uploads\/2016\/01\/Liegeplatz_1.jpg'><img loading=\"lazy\" decoding=\"async\" width=\"150\" height=\"150\" src=\"https:\/\/korsarger3500.de\/wp-content\/uploads\/2016\/01\/Liegeplatz_1-150x150.jpg\" class=\"attachment-thumbnail size-thumbnail\" alt=\"Liegeplatz in Abendstimmung\" \/><\/a>\n\t\t\t<\/div><\/figure><figure class='gallery-item'>\n\t\t\t<div class='gallery-icon landscape'>\n\t\t\t\t<a href='https:\/\/korsarger3500.de\/wp-content\/uploads\/2016\/01\/SeeImWinter.jpg'><img loading=\"lazy\" decoding=\"async\" width=\"150\" height=\"150\" src=\"https:\/\/korsarger3500.de\/wp-content\/uploads\/2016\/01\/SeeImWinter-150x150.jpg\" class=\"attachment-thumbnail size-thumbnail\" alt=\"Der See im Winter\" \/><\/a>\n\t\t\t<\/div><\/figure><figure class='gallery-item'>\n\t\t\t<div class='gallery-icon landscape'>\n\t\t\t\t<a href='https:\/\/korsarger3500.de\/wp-content\/uploads\/2016\/01\/Eisfl\u00e4che1.jpg'><img loading=\"lazy\" decoding=\"async\" width=\"150\" height=\"150\" src=\"https:\/\/korsarger3500.de\/wp-content\/uploads\/2016\/01\/Eisfl\u00e4che1-150x150.jpg\" class=\"attachment-thumbnail size-thumbnail\" alt=\"Eis auf dem See\" \/><\/a>\n\t\t\t<\/div><\/figure><figure class='gallery-item'>\n\t\t\t<div class='gallery-icon landscape'>\n\t\t\t\t<a href='https:\/\/korsarger3500.de\/wp-content\/uploads\/2017\/08\/See_02.jpg'><img loading=\"lazy\" decoding=\"async\" width=\"150\" height=\"150\" src=\"https:\/\/korsarger3500.de\/wp-content\/uploads\/2017\/08\/See_02-150x150.jpg\" class=\"attachment-thumbnail size-thumbnail\" alt=\"Lichtspiel\" \/><\/a>\n\t\t\t<\/div><\/figure><figure class='gallery-item'>\n\t\t\t<div class='gallery-icon landscape'>\n\t\t\t\t<a href='https:\/\/korsarger3500.de\/wp-content\/uploads\/2017\/08\/See_01.jpg'><img loading=\"lazy\" decoding=\"async\" width=\"150\" height=\"150\" src=\"https:\/\/korsarger3500.de\/wp-content\/uploads\/2017\/08\/See_01-150x150.jpg\" class=\"attachment-thumbnail size-thumbnail\" alt=\"Sunset\" \/><\/a>\n\t\t\t<\/div><\/figure>\n\t\t<\/div>\n\n<p style=\"text-align: justify;\">Herrlich, ich darf hier bleiben.<\/p>\n<p style=\"text-align: justify;\"><a href=\"http:\/\/korsarger3500.de\/wp-content\/uploads\/2016\/02\/Wind-am-See.jpg\" rel=\"attachment wp-att-390\" data-lbwps-width=\"1632\" data-lbwps-height=\"918\" data-lbwps-srcsmall=\"https:\/\/korsarger3500.de\/wp-content\/uploads\/2016\/02\/Wind-am-See-300x169.jpg\"><img loading=\"lazy\" decoding=\"async\" class=\"aligncenter wp-image-390 size-full\" src=\"https:\/\/korsarger3500.de\/wp-content\/uploads\/2016\/02\/Wind-am-See.jpg\" alt=\"Westwind am See\" width=\"1632\" height=\"918\" srcset=\"https:\/\/korsarger3500.de\/wp-content\/uploads\/2016\/02\/Wind-am-See.jpg 1632w, https:\/\/korsarger3500.de\/wp-content\/uploads\/2016\/02\/Wind-am-See-300x169.jpg 300w, https:\/\/korsarger3500.de\/wp-content\/uploads\/2016\/02\/Wind-am-See-768x432.jpg 768w, https:\/\/korsarger3500.de\/wp-content\/uploads\/2016\/02\/Wind-am-See-1024x576.jpg 1024w\" sizes=\"auto, (max-width: 1632px) 100vw, 1632px\" \/><\/a>Und Wind gibt&#8217;s da auch.<\/p>\n<p style=\"text-align: justify;\">Der ortsans\u00e4ssige Segelverein ist der Ruder und Segelclub Losheim am See. Zu dem geh\u00f6re ich jetzt auch. Da gibt es einige andere Jollen, Dickschiffe, viele nette Crews und eine aktive Jugendabteilung. Das Motto des Vereins k\u00f6nnte glatt aus meinen Spanten stammen, es lautet<a href=\"http:\/\/www.rsc-losheim.de\" rel=\"attachment wp-att-714\"><img loading=\"lazy\" decoding=\"async\" class=\"aligncenter wp-image-714 size-thumbnail\" src=\"http:\/\/korsarger3500.de\/wp-content\/uploads\/2016\/01\/RSC_Logo-150x150.png\" alt=\"RSC_Logo\" width=\"150\" height=\"150\" srcset=\"https:\/\/korsarger3500.de\/wp-content\/uploads\/2016\/01\/RSC_Logo-150x150.png 150w, https:\/\/korsarger3500.de\/wp-content\/uploads\/2016\/01\/RSC_Logo.png 268w\" sizes=\"auto, (max-width: 150px) 100vw, 150px\" \/><\/a><\/p>\n<p style=\"text-align: center;\"><em><strong>&#8222;segeln ist leidenschaft&#8220;<\/strong><\/em>.<\/p>\n<p style=\"text-align: justify;\">Die neue Crew\u00a0scheint wasserbegeistert zu sein. Bin sehr gespannt was die Zukunft mit den Beiden bringt.<\/p>\n<div id='gallery-2' class='gallery galleryid-140 gallery-columns-3 gallery-size-thumbnail'><figure class='gallery-item'>\n\t\t\t<div class='gallery-icon landscape'>\n\t\t\t\t<a href='https:\/\/korsarger3500.de\/wp-content\/uploads\/2016\/01\/Capdac1.jpg'><img loading=\"lazy\" decoding=\"async\" width=\"150\" height=\"150\" src=\"https:\/\/korsarger3500.de\/wp-content\/uploads\/2016\/01\/Capdac1-150x150.jpg\" class=\"attachment-thumbnail size-thumbnail\" alt=\"Skipper\" \/><\/a>\n\t\t\t<\/div><\/figure><figure class='gallery-item'>\n\t\t\t<div class='gallery-icon landscape'>\n\t\t\t\t<a href='https:\/\/korsarger3500.de\/wp-content\/uploads\/2016\/01\/Capdac2.jpg'><img loading=\"lazy\" decoding=\"async\" width=\"150\" height=\"150\" src=\"https:\/\/korsarger3500.de\/wp-content\/uploads\/2016\/01\/Capdac2-150x150.jpg\" class=\"attachment-thumbnail size-thumbnail\" alt=\"Schotte = Schottin\" \/><\/a>\n\t\t\t<\/div><\/figure><figure class='gallery-item'>\n\t\t\t<div class='gallery-icon landscape'>\n\t\t\t\t<a href='https:\/\/korsarger3500.de\/wp-content\/uploads\/2016\/01\/wir2uw-1.jpg'><img loading=\"lazy\" decoding=\"async\" width=\"150\" height=\"150\" src=\"https:\/\/korsarger3500.de\/wp-content\/uploads\/2016\/01\/wir2uw-1-150x150.jpg\" class=\"attachment-thumbnail size-thumbnail\" alt=\"Schotte &amp; Skipper\" \/><\/a>\n\t\t\t<\/div><\/figure>\n\t\t<\/div>\n\n<p style=\"text-align: justify;\">Ihre Namen kenne ich nicht, ich nenn sie erst mal &#8230;<\/p>\n<p style=\"text-align: center;\"><em><strong>&#8222;Schotte&#8220;<\/strong><\/em>\u00a0<em><strong>&amp;<\/strong><\/em> <strong><em>&#8222;Skipper&#8220;<\/em><\/strong><\/p>\n<p style=\"text-align: left;\"><a href=\"https:\/\/korsarger3500.de\/index.php\/das-gespann\/\">Das Gespann&#8230;<\/a> oder zur <a href=\"http:\/\/korsarger3500.de\/\">Startseite<\/a><\/p>\n","protected":false},"excerpt":{"rendered":"<p>Mein erstes Abenteuer\u00a0 nach 10 Jahren, die Fahrt hinter einem alten klapperigen Pickup, endete im\u00a0 Nordsaarland. Hier wird mein neues zu Hause sein. Sch\u00f6n solls da sein und einen See mit anderen Jollen gibt&#8217;s da angeblich auch. Ich bin gespannt. Kaum angekommen wurde zun\u00e4chst ein erstes Bild von mir gemacht, dann wurde ich sofort ausgepackt &hellip; <a href=\"https:\/\/korsarger3500.de\/index.php\/neues-zu-hause\/\" class=\"more-link\"><span class=\"screen-reader-text\">Mein neues zu Hause<\/span> weiterlesen<\/a><\/p>\n","protected":false},"author":1,"featured_media":0,"parent":0,"menu_order":0,"comment_status":"closed","ping_status":"closed","template":"","meta":{"footnotes":""},"class_list":["post-140","page","type-page","status-publish","hentry"],"_links":{"self":[{"href":"https:\/\/korsarger3500.de\/index.php\/wp-json\/wp\/v2\/pages\/140","targetHints":{"allow":["GET"]}}],"collection":[{"href":"https:\/\/korsarger3500.de\/index.php\/wp-json\/wp\/v2\/pages"}],"about":[{"href":"https:\/\/korsarger3500.de\/index.php\/wp-json\/wp\/v2\/types\/page"}],"author":[{"embeddable":true,"href":"https:\/\/korsarger3500.de\/index.php\/wp-json\/wp\/v2\/users\/1"}],"replies":[{"embeddable":true,"href":"https:\/\/korsarger3500.de\/index.php\/wp-json\/wp\/v2\/comments?post=140"}],"version-history":[{"count":78,"href":"https:\/\/korsarger3500.de\/index.php\/wp-json\/wp\/v2\/pages\/140\/revisions"}],"predecessor-version":[{"id":9895,"href":"https:\/\/korsarger3500.de\/index.php\/wp-json\/wp\/v2\/pages\/140\/revisions\/9895"}],"wp:attachment":[{"href":"https:\/\/korsarger3500.de\/index.php\/wp-json\/wp\/v2\/media?parent=140"}],"curies":[{"name":"wp","href":"https:\/\/api.w.org\/{rel}","templated":true}]}}