{"id":1392,"date":"2016-03-24T14:37:14","date_gmt":"2016-03-24T13:37:14","guid":{"rendered":"http:\/\/korsarger3500.de\/?page_id=1392"},"modified":"2022-06-14T09:34:08","modified_gmt":"2022-06-14T07:34:08","slug":"coupe-des-vosges-2014-plobsheim","status":"publish","type":"page","link":"https:\/\/korsarger3500.de\/index.php\/coupe-des-vosges-2014-plobsheim\/","title":{"rendered":"Coupe des Vosges 2014 (Plobsheim)"},"content":{"rendered":"<p style=\"text-align: justify;\">Zum Vogesencup nach Plobsheim sollte es gehen. Plobsheim liegt bei Stra\u00dfburg in Frankreich. Von uns sind es 200 km bis dort hin und die Crew kennt die Landstra\u00dfen durch Frankreich bis nach Offenburg im Schlaf. Da die Autobahnen in Frankreich aber h\u00f6here Geschwindigkeiten f\u00fcr Gespanne zulassen, konnte es der Skipper nicht lassen und musste ein St\u00fcck \u00fcber die Autobahn heizen. Das war dann <a href=\"http:\/\/korsarger3500.de\/wp-content\/uploads\/2016\/03\/plh2014_04.jpg\" rel=\"attachment wp-att-1374\" data-lbwps-width=\"2560\" data-lbwps-height=\"1920\" data-lbwps-srcsmall=\"https:\/\/korsarger3500.de\/wp-content\/uploads\/2016\/03\/plh2014_04-300x225.jpg\"><img loading=\"lazy\" decoding=\"async\" class=\"alignleft wp-image-1374 size-thumbnail\" src=\"http:\/\/korsarger3500.de\/wp-content\/uploads\/2016\/03\/plh2014_04-150x150.jpg\" alt=\"viel Platz in Plobsheim\" width=\"150\" height=\"150\" \/><\/a>f\u00fcr mich auch ganz sch\u00f6n aufregend hinter der kleinen flachen Kiste. Auf dem Weg \u00fcber die Autobahn wurde ich \u00fcbrigens mehrfach fotografiert. Nicht von der Polizei, aber unter anderem von Bus eines luxemburgischen Radsportteams. Denen hat mein Gespann so gut gefallen, dass sie mich extra \u00fcberholen lie\u00dfen um mich zu fotografieren. Als wir in Plobsheim ankamen, war die Freude bei den anderen gro\u00df, waren wir doch das zehnte Schiff das eintraf und damit wurde die Regatta zu einer Ranglistenregatta. Ich war ein wenig verwundert, wird die Regatta doch von einem franz\u00f6sischen Club ausgerichtet, obwohl es keine franz\u00f6sischen Teilnehmer gibt. Das ist wohl die franz\u00f6sische Gastfreundschaft. Das Gel\u00e4nde am See ist riesig, es gibt jede Menge Platz um sich breit zu machen. Der See selber ist 10 km lang und 2 km breit, also <a href=\"http:\/\/korsarger3500.de\/wp-content\/uploads\/2016\/03\/plh2014_06.jpg\" rel=\"attachment wp-att-1375\" data-lbwps-width=\"2560\" data-lbwps-height=\"1920\" data-lbwps-srcsmall=\"https:\/\/korsarger3500.de\/wp-content\/uploads\/2016\/03\/plh2014_06-300x225.jpg\"><img loading=\"lazy\" decoding=\"async\" class=\"alignright wp-image-1375 size-thumbnail\" src=\"http:\/\/korsarger3500.de\/wp-content\/uploads\/2016\/03\/plh2014_06-150x150.jpg\" alt=\"Blick auf den See\" width=\"150\" height=\"150\" \/><\/a>f\u00fcr uns wie geschaffen zum segeln. Er ist aber nur 1-3 Meter tief und da wird das Wasser schnell kuschelig warm im Fr\u00fchling und die Algen wachsen ohne Ende. Das sollten wir noch merken. Wir suchten uns ein schattiges Pl\u00e4tzchen unter einem Baum, packten aus und machten uns segelfertig. Leider lie\u00df der Wind auf sich warten. Die Crews sa\u00dfen im Baumschatten und kl\u00f6nten. Ich erholte mich vom Autobahnstress. Dann ging es doch noch auf die <a href=\"http:\/\/korsarger3500.de\/wp-content\/uploads\/2016\/03\/plh2014_07.jpg\" rel=\"attachment wp-att-1376\" data-lbwps-width=\"2560\" data-lbwps-height=\"1920\" data-lbwps-srcsmall=\"https:\/\/korsarger3500.de\/wp-content\/uploads\/2016\/03\/plh2014_07-300x225.jpg\"><img loading=\"lazy\" decoding=\"async\" class=\"alignleft wp-image-1376 size-thumbnail\" src=\"http:\/\/korsarger3500.de\/wp-content\/uploads\/2016\/03\/plh2014_07-150x150.jpg\" alt=\"kl\u00f6nen und d\u00f6sen\" width=\"150\" height=\"150\" \/><\/a>Bahn, bei ganz leichtem Wind. Das Wasser war erstaunlich klar und ich sah auch sofort die ersten Algen die sich an meinem Schwert und Ruder fest krallen wollten. W\u00e4hrend der Wettfahrt passte Skipper zwar immer auf das wir nicht in ein Algenfeld hineinfuhren, aber irgendwann passierte es dann doch. Wir standen im Algenfeld; ja echt wir standen; Es waren so dichte Algenb\u00fcschel um mein Schwert und Ruderblatt das nix mehr ging. Der Skipper baute kurz das Ruderblatt ab und und die Schottin hob das Schwert an. So konnte ich schr\u00e4g \u00fcber das Feld ins freie Wasser treiben. Dort gings dann wieder weiter. Anschlie\u00dfen versuchten wir eine andere Taktik. Immer wenn ein Algenfeld zu sehen war, auf das wir zusteuerten,\u00a0 legte ich mich ganz weit auf die Seite, so dass Schwert und Ruder nicht mehr so tief im Wasser standen. Dabei musste mir die Schottin kr\u00e4ftig helfen, denn alleine ging das nicht bei dem wenigen Wind. Wie die anderen Schiffe das gemeistert haben muss ich noch erfragen, Ihnen ging es schlie\u00dflich genauso. So sind wir dann zwei Wettfahrten gesegelt. Als ich aus dem Wasser geslippt wurde, sah man immer noch viele Algenf\u00e4den die sich am Rumpf und vor allem an den Schwertlippen festgekrallt hatten. Zum Gl\u00fcck gab es aber einen Wasseranschlu\u00df mit Schlauch an der Sipanlage und die Crew machte mich sofort wieder sauber. Dann kam der Abend und wir Schiffe standen unter den B\u00e4umen und d\u00f6sten. Die Crews waren beim Cercle de Yachting \u00e0 Voile de Moselle\u00a0(CYVS) zum Grillen eingeladen. Die haben dort ein sch\u00f6nes neues Clubhaus gebaut. Es gab jeden Menge Grillgut,<a href=\"http:\/\/korsarger3500.de\/wp-content\/uploads\/2016\/03\/plh2014_12.jpg\" rel=\"attachment wp-att-1379\" data-lbwps-width=\"2560\" data-lbwps-height=\"1920\" data-lbwps-srcsmall=\"https:\/\/korsarger3500.de\/wp-content\/uploads\/2016\/03\/plh2014_12-300x225.jpg\"><img loading=\"lazy\" decoding=\"async\" class=\"alignleft wp-image-1379 size-thumbnail\" src=\"http:\/\/korsarger3500.de\/wp-content\/uploads\/2016\/03\/plh2014_12-150x150.jpg\" alt=\"Seglerhock\" width=\"150\" height=\"150\" \/><\/a> Steaks,\u00a0<span class=\"st\">Merguez, <\/span>Salate und nat\u00fcrlich <span class=\"st\">Fl\u00fbtes<\/span>. Da wir hier in Frankreich sind gabs auch Rot-, Rose- und Wei\u00dfwein aus dem Fass. Muss sehr sch\u00f6n gewesen sein, die Crew hat lange dort gesessen. Am Sonntag war zun\u00e4chst kein Wind und erst als der Wettfahrtleiter abgeschossen hatte, setzte ein 3er Wind ein, der uns dann auch w\u00e4hrend der Siegerehrung die lange Nase zeigte. Tja zu fr\u00fch abgeschossen und abgebaut. Ich w\u00e4re ja gerne noch einmal gesegelt und h\u00e4tte bestimmt auch besser auf die Algen aufgepasst. Hier m\u00fcssen wir unbedingt mal wieder hin wenn die Algenzeit vor\u00fcber ist.<\/p>\n<div id='gallery-1' class='gallery galleryid-1392 gallery-columns-4 gallery-size-thumbnail'><figure class='gallery-item'>\n\t\t\t<div class='gallery-icon landscape'>\n\t\t\t\t<a href='https:\/\/korsarger3500.de\/wp-content\/uploads\/2016\/03\/plh2014_11.jpg'><img loading=\"lazy\" decoding=\"async\" width=\"150\" height=\"150\" src=\"https:\/\/korsarger3500.de\/wp-content\/uploads\/2016\/03\/plh2014_11-150x150.jpg\" class=\"attachment-thumbnail size-thumbnail\" alt=\"\" \/><\/a>\n\t\t\t<\/div><\/figure><figure class='gallery-item'>\n\t\t\t<div class='gallery-icon landscape'>\n\t\t\t\t<a href='https:\/\/korsarger3500.de\/wp-content\/uploads\/2016\/03\/plh2014_02.jpg'><img loading=\"lazy\" decoding=\"async\" width=\"150\" height=\"150\" src=\"https:\/\/korsarger3500.de\/wp-content\/uploads\/2016\/03\/plh2014_02-150x150.jpg\" class=\"attachment-thumbnail size-thumbnail\" alt=\"\" \/><\/a>\n\t\t\t<\/div><\/figure><figure class='gallery-item'>\n\t\t\t<div class='gallery-icon landscape'>\n\t\t\t\t<a href='https:\/\/korsarger3500.de\/wp-content\/uploads\/2016\/03\/plh2014_01.jpg'><img loading=\"lazy\" decoding=\"async\" width=\"150\" height=\"150\" src=\"https:\/\/korsarger3500.de\/wp-content\/uploads\/2016\/03\/plh2014_01-150x150.jpg\" class=\"attachment-thumbnail size-thumbnail\" alt=\"\" \/><\/a>\n\t\t\t<\/div><\/figure><figure class='gallery-item'>\n\t\t\t<div class='gallery-icon landscape'>\n\t\t\t\t<a href='https:\/\/korsarger3500.de\/wp-content\/uploads\/2016\/03\/plh2014_08.jpg'><img loading=\"lazy\" decoding=\"async\" width=\"150\" height=\"150\" src=\"https:\/\/korsarger3500.de\/wp-content\/uploads\/2016\/03\/plh2014_08-150x150.jpg\" class=\"attachment-thumbnail size-thumbnail\" alt=\"\" \/><\/a>\n\t\t\t<\/div><\/figure>\n\t\t<\/div>\n\n<p style=\"text-align: justify;\">ah-so, gewonnen hat <em>blue sunshine<\/em> mit Andrea und Axel.<\/p>\n<p style=\"text-align: justify;\"><a class=\"ng-binding\" href=\"https:\/\/korsarger3500.de\/wp-content\/uploads\/2022\/06\/2014_Plobsheim.jpg\" data-lbwps-width=\"953\" data-lbwps-height=\"253\" data-lbwps-srcsmall=\"https:\/\/korsarger3500.de\/wp-content\/uploads\/2022\/06\/2014_Plobsheim-300x80.jpg\">Ergebnis<\/a><\/p>\n<p style=\"text-align: justify;\"><a href=\"http:\/\/korsarger3500.de\/index.php\/kuhschellen-regatta-2014\/\">weiter &#8230;<\/a>oder zur <a href=\"http:\/\/korsarger3500.de\/\">Startseite<\/a><\/p>\n","protected":false},"excerpt":{"rendered":"<p>Zum Vogesencup nach Plobsheim sollte es gehen. Plobsheim liegt bei Stra\u00dfburg in Frankreich. Von uns sind es 200 km bis dort hin und die Crew kennt die Landstra\u00dfen durch Frankreich bis nach Offenburg im Schlaf. Da die Autobahnen in Frankreich aber h\u00f6here Geschwindigkeiten f\u00fcr Gespanne zulassen, konnte es der Skipper nicht lassen und musste ein &hellip; <a href=\"https:\/\/korsarger3500.de\/index.php\/coupe-des-vosges-2014-plobsheim\/\" class=\"more-link\"><span class=\"screen-reader-text\">Coupe des Vosges 2014 (Plobsheim)<\/span> weiterlesen<\/a><\/p>\n","protected":false},"author":1,"featured_media":0,"parent":0,"menu_order":0,"comment_status":"closed","ping_status":"closed","template":"","meta":{"footnotes":""},"class_list":["post-1392","page","type-page","status-publish","hentry"],"_links":{"self":[{"href":"https:\/\/korsarger3500.de\/index.php\/wp-json\/wp\/v2\/pages\/1392","targetHints":{"allow":["GET"]}}],"collection":[{"href":"https:\/\/korsarger3500.de\/index.php\/wp-json\/wp\/v2\/pages"}],"about":[{"href":"https:\/\/korsarger3500.de\/index.php\/wp-json\/wp\/v2\/types\/page"}],"author":[{"embeddable":true,"href":"https:\/\/korsarger3500.de\/index.php\/wp-json\/wp\/v2\/users\/1"}],"replies":[{"embeddable":true,"href":"https:\/\/korsarger3500.de\/index.php\/wp-json\/wp\/v2\/comments?post=1392"}],"version-history":[{"count":24,"href":"https:\/\/korsarger3500.de\/index.php\/wp-json\/wp\/v2\/pages\/1392\/revisions"}],"predecessor-version":[{"id":7919,"href":"https:\/\/korsarger3500.de\/index.php\/wp-json\/wp\/v2\/pages\/1392\/revisions\/7919"}],"wp:attachment":[{"href":"https:\/\/korsarger3500.de\/index.php\/wp-json\/wp\/v2\/media?parent=1392"}],"curies":[{"name":"wp","href":"https:\/\/api.w.org\/{rel}","templated":true}]}}