{"id":1291,"date":"2016-03-21T23:32:31","date_gmt":"2016-03-21T22:32:31","guid":{"rendered":"http:\/\/korsarger3500.de\/?page_id=1291"},"modified":"2024-08-21T23:19:47","modified_gmt":"2024-08-21T21:19:47","slug":"zum-gardasee-und-wieder-zurueck","status":"publish","type":"page","link":"https:\/\/korsarger3500.de\/index.php\/zum-gardasee-und-wieder-zurueck\/","title":{"rendered":"Alpenp\u00e4sse und der Gardasee"},"content":{"rendered":"<p style=\"text-align: justify;\">Wie Ihr fahrt weiter und nehmt mich nicht mit? Ich soll hier warten? Na gut am Alpsee zwischen vielen anderen Korsaren und anderen Jollen halt ich es ne Woche alleine aus. Aber zum Gardasee will ich auch mal. So machten sich die Schottin und der Skipper nach der Korsaren Kuhschelle alleine auf den Weg zum Gardasee. Sie wollten mit meinem Zugpferdchen ne Cabriotour durch die Berge machen und dabei so viele P\u00e4sse wie m\u00f6glich fahren. Sie haben auch viele Alpenp\u00e4sse \u00fcberquert, manche mehrmals, weil es so sch\u00f6n ist die vielen Kurven zu fahren. Nicht nur Berge haben die beiden gesehen, auch viel Wasser. Da war der Reschensee auf dem etliche Rennschiffe an den Bojen lagen, jede Menge rei\u00dfende Bergb\u00e4che und Fl\u00fcsse, einige Bergseen und nicht zuletzt der Gardasee selbst. Sie haben mir berichtet, dass da gerade ne Starboot Regatta war. Nach einer Runde um den Gardasee sind sie dann wieder \u00fcber eine Berge zur\u00fcck zum Alpsee. Dort hatten wir noch das Gl\u00fcck, dass an diesem Wochenende die FD-Kuhschelle stattfand. Wir sind zwei Tage zum Spa\u00df auf dem Alpsee gesegelt und haben uns die FD &#8211; Kuhschellen Regatta angeschaut.\u00a0 Die FD Schiffe sind schon sch\u00f6n, sehr schnell und viele davon in Holzbauweise. Die Crew ruhte sich dann noch ne Nacht im Lustigen Hirschen aus und dann ging es wieder Richtung Heimat.<\/p>\n<div id='gallery-1' class='gallery galleryid-1291 gallery-columns-4 gallery-size-thumbnail'><figure class='gallery-item'>\n\t\t\t<div class='gallery-icon landscape'>\n\t\t\t\t<a href='https:\/\/korsarger3500.de\/wp-content\/uploads\/2016\/03\/Gardasee_2014_09.jpg'><img loading=\"lazy\" decoding=\"async\" width=\"150\" height=\"150\" src=\"https:\/\/korsarger3500.de\/wp-content\/uploads\/2016\/03\/Gardasee_2014_09-150x150.jpg\" class=\"attachment-thumbnail size-thumbnail\" alt=\"Serpentinen\" \/><\/a>\n\t\t\t<\/div><\/figure><figure class='gallery-item'>\n\t\t\t<div class='gallery-icon landscape'>\n\t\t\t\t<a href='https:\/\/korsarger3500.de\/wp-content\/uploads\/2016\/03\/Gardasee_2014_01.jpg'><img loading=\"lazy\" decoding=\"async\" width=\"150\" height=\"150\" src=\"https:\/\/korsarger3500.de\/wp-content\/uploads\/2016\/03\/Gardasee_2014_01-150x150.jpg\" class=\"attachment-thumbnail size-thumbnail\" alt=\"Reschensee\" \/><\/a>\n\t\t\t<\/div><\/figure><figure class='gallery-item'>\n\t\t\t<div class='gallery-icon landscape'>\n\t\t\t\t<a href='https:\/\/korsarger3500.de\/wp-content\/uploads\/2016\/03\/Gardasee_2014_06.jpg'><img loading=\"lazy\" decoding=\"async\" width=\"150\" height=\"150\" src=\"https:\/\/korsarger3500.de\/wp-content\/uploads\/2016\/03\/Gardasee_2014_06-150x150.jpg\" class=\"attachment-thumbnail size-thumbnail\" alt=\"Gardasee Tour\" \/><\/a>\n\t\t\t<\/div><\/figure><figure class='gallery-item'>\n\t\t\t<div class='gallery-icon landscape'>\n\t\t\t\t<a href='https:\/\/korsarger3500.de\/wp-content\/uploads\/2016\/03\/Gardasee_2014_05.jpg'><img loading=\"lazy\" decoding=\"async\" width=\"150\" height=\"150\" src=\"https:\/\/korsarger3500.de\/wp-content\/uploads\/2016\/03\/Gardasee_2014_05-150x150.jpg\" class=\"attachment-thumbnail size-thumbnail\" alt=\"Gardasee Tour\" \/><\/a>\n\t\t\t<\/div><\/figure><figure class='gallery-item'>\n\t\t\t<div class='gallery-icon landscape'>\n\t\t\t\t<a href='https:\/\/korsarger3500.de\/wp-content\/uploads\/2016\/03\/Gardasee_2014_16.jpg'><img loading=\"lazy\" decoding=\"async\" width=\"150\" height=\"150\" src=\"https:\/\/korsarger3500.de\/wp-content\/uploads\/2016\/03\/Gardasee_2014_16-150x150.jpg\" class=\"attachment-thumbnail size-thumbnail\" alt=\"Gardasee Tour\" \/><\/a>\n\t\t\t<\/div><\/figure><figure class='gallery-item'>\n\t\t\t<div class='gallery-icon landscape'>\n\t\t\t\t<a href='https:\/\/korsarger3500.de\/wp-content\/uploads\/2016\/03\/Gardasee_2014_03.jpg'><img loading=\"lazy\" decoding=\"async\" width=\"150\" height=\"150\" src=\"https:\/\/korsarger3500.de\/wp-content\/uploads\/2016\/03\/Gardasee_2014_03-150x150.jpg\" class=\"attachment-thumbnail size-thumbnail\" alt=\"Reschensee\" \/><\/a>\n\t\t\t<\/div><\/figure><figure class='gallery-item'>\n\t\t\t<div class='gallery-icon landscape'>\n\t\t\t\t<a href='https:\/\/korsarger3500.de\/wp-content\/uploads\/2016\/03\/Gardasee_2014_08.jpg'><img loading=\"lazy\" decoding=\"async\" width=\"150\" height=\"150\" src=\"https:\/\/korsarger3500.de\/wp-content\/uploads\/2016\/03\/Gardasee_2014_08-150x150.jpg\" class=\"attachment-thumbnail size-thumbnail\" alt=\"Gardasee Tour\" \/><\/a>\n\t\t\t<\/div><\/figure><figure class='gallery-item'>\n\t\t\t<div class='gallery-icon landscape'>\n\t\t\t\t<a href='https:\/\/korsarger3500.de\/wp-content\/uploads\/2016\/03\/Gardasee_2014_04.jpg'><img loading=\"lazy\" decoding=\"async\" width=\"150\" height=\"150\" src=\"https:\/\/korsarger3500.de\/wp-content\/uploads\/2016\/03\/Gardasee_2014_04-150x150.jpg\" class=\"attachment-thumbnail size-thumbnail\" alt=\"Wildwasser\" \/><\/a>\n\t\t\t<\/div><\/figure><figure class='gallery-item'>\n\t\t\t<div class='gallery-icon landscape'>\n\t\t\t\t<a href='https:\/\/korsarger3500.de\/wp-content\/uploads\/2016\/03\/Gardasee_2014_07.jpg'><img loading=\"lazy\" decoding=\"async\" width=\"150\" height=\"150\" src=\"https:\/\/korsarger3500.de\/wp-content\/uploads\/2016\/03\/Gardasee_2014_07-150x150.jpg\" class=\"attachment-thumbnail size-thumbnail\" alt=\"Serpentinen\" \/><\/a>\n\t\t\t<\/div><\/figure><figure class='gallery-item'>\n\t\t\t<div class='gallery-icon landscape'>\n\t\t\t\t<a href='https:\/\/korsarger3500.de\/wp-content\/uploads\/2016\/03\/Gardasee_2014_10.jpg'><img loading=\"lazy\" decoding=\"async\" width=\"150\" height=\"150\" src=\"https:\/\/korsarger3500.de\/wp-content\/uploads\/2016\/03\/Gardasee_2014_10-150x150.jpg\" class=\"attachment-thumbnail size-thumbnail\" alt=\"In den Bergen\" \/><\/a>\n\t\t\t<\/div><\/figure><figure class='gallery-item'>\n\t\t\t<div class='gallery-icon landscape'>\n\t\t\t\t<a href='https:\/\/korsarger3500.de\/wp-content\/uploads\/2016\/03\/Gardasee_2014_12.jpg'><img loading=\"lazy\" decoding=\"async\" width=\"150\" height=\"150\" src=\"https:\/\/korsarger3500.de\/wp-content\/uploads\/2016\/03\/Gardasee_2014_12-150x150.jpg\" class=\"attachment-thumbnail size-thumbnail\" alt=\"Gardasee Tour\" \/><\/a>\n\t\t\t<\/div><\/figure><figure class='gallery-item'>\n\t\t\t<div class='gallery-icon landscape'>\n\t\t\t\t<a href='https:\/\/korsarger3500.de\/wp-content\/uploads\/2016\/03\/Gardasee_2014_15.jpg'><img loading=\"lazy\" decoding=\"async\" width=\"150\" height=\"150\" src=\"https:\/\/korsarger3500.de\/wp-content\/uploads\/2016\/03\/Gardasee_2014_15-150x150.jpg\" class=\"attachment-thumbnail size-thumbnail\" alt=\"Starbootregatta\" \/><\/a>\n\t\t\t<\/div><\/figure><figure class='gallery-item'>\n\t\t\t<div class='gallery-icon landscape'>\n\t\t\t\t<a href='https:\/\/korsarger3500.de\/wp-content\/uploads\/2016\/03\/Gardasee_2014_13.jpg'><img loading=\"lazy\" decoding=\"async\" width=\"150\" height=\"150\" src=\"https:\/\/korsarger3500.de\/wp-content\/uploads\/2016\/03\/Gardasee_2014_13-150x150.jpg\" class=\"attachment-thumbnail size-thumbnail\" alt=\"Blick aus dem Hotelzimmer\" \/><\/a>\n\t\t\t<\/div><\/figure><figure class='gallery-item'>\n\t\t\t<div class='gallery-icon landscape'>\n\t\t\t\t<a href='https:\/\/korsarger3500.de\/wp-content\/uploads\/2016\/03\/Gardasee_2014_14.jpg'><img loading=\"lazy\" decoding=\"async\" width=\"150\" height=\"150\" src=\"https:\/\/korsarger3500.de\/wp-content\/uploads\/2016\/03\/Gardasee_2014_14-150x150.jpg\" class=\"attachment-thumbnail size-thumbnail\" alt=\"Blick aus dem Hotelzimmer\" \/><\/a>\n\t\t\t<\/div><\/figure><figure class='gallery-item'>\n\t\t\t<div class='gallery-icon landscape'>\n\t\t\t\t<a href='https:\/\/korsarger3500.de\/wp-content\/uploads\/2016\/03\/Gardasee_2014_11.jpg'><img loading=\"lazy\" decoding=\"async\" width=\"150\" height=\"150\" src=\"https:\/\/korsarger3500.de\/wp-content\/uploads\/2016\/03\/Gardasee_2014_11-150x150.jpg\" class=\"attachment-thumbnail size-thumbnail\" alt=\"Blick aus dem Hotelzimmer\" \/><\/a>\n\t\t\t<\/div><\/figure><figure class='gallery-item'>\n\t\t\t<div class='gallery-icon landscape'>\n\t\t\t\t<a href='https:\/\/korsarger3500.de\/wp-content\/uploads\/2016\/03\/Gardasee_2014_19.jpg'><img loading=\"lazy\" decoding=\"async\" width=\"150\" height=\"150\" src=\"https:\/\/korsarger3500.de\/wp-content\/uploads\/2016\/03\/Gardasee_2014_19-150x150.jpg\" class=\"attachment-thumbnail size-thumbnail\" alt=\"FD - Kuhschelle\" \/><\/a>\n\t\t\t<\/div><\/figure><figure class='gallery-item'>\n\t\t\t<div class='gallery-icon landscape'>\n\t\t\t\t<a href='https:\/\/korsarger3500.de\/wp-content\/uploads\/2016\/03\/Gardasee_2014_18.jpg'><img loading=\"lazy\" decoding=\"async\" width=\"150\" height=\"150\" src=\"https:\/\/korsarger3500.de\/wp-content\/uploads\/2016\/03\/Gardasee_2014_18-150x150.jpg\" class=\"attachment-thumbnail size-thumbnail\" alt=\"FD - Kuhschelle\" \/><\/a>\n\t\t\t<\/div><\/figure><figure class='gallery-item'>\n\t\t\t<div class='gallery-icon landscape'>\n\t\t\t\t<a href='https:\/\/korsarger3500.de\/wp-content\/uploads\/2016\/03\/Gardasee_2014_17.jpg'><img loading=\"lazy\" decoding=\"async\" width=\"150\" height=\"150\" src=\"https:\/\/korsarger3500.de\/wp-content\/uploads\/2016\/03\/Gardasee_2014_17-150x150.jpg\" class=\"attachment-thumbnail size-thumbnail\" alt=\"FD - Kuhschelle\" \/><\/a>\n\t\t\t<\/div><\/figure><figure class='gallery-item'>\n\t\t\t<div class='gallery-icon landscape'>\n\t\t\t\t<a href='https:\/\/korsarger3500.de\/wp-content\/uploads\/2016\/03\/Gardasee_2014_20.jpg'><img loading=\"lazy\" decoding=\"async\" width=\"150\" height=\"150\" src=\"https:\/\/korsarger3500.de\/wp-content\/uploads\/2016\/03\/Gardasee_2014_20-150x150.jpg\" class=\"attachment-thumbnail size-thumbnail\" alt=\"Zum lustigen Hirschen\" \/><\/a>\n\t\t\t<\/div><\/figure>\n\t\t<\/div>\n\n<p><strong>An den Gardasee will ich auch mal hin, und nicht nur so zum schauen<\/strong><\/p>\n","protected":false},"excerpt":{"rendered":"<p>Wie Ihr fahrt weiter und nehmt mich nicht mit? Ich soll hier warten? Na gut am Alpsee zwischen vielen anderen Korsaren und anderen Jollen halt ich es ne Woche alleine aus. Aber zum Gardasee will ich auch mal. So machten sich die Schottin und der Skipper nach der Korsaren Kuhschelle alleine auf den Weg zum &hellip; <a href=\"https:\/\/korsarger3500.de\/index.php\/zum-gardasee-und-wieder-zurueck\/\" class=\"more-link\"><span class=\"screen-reader-text\">Alpenp\u00e4sse und der Gardasee<\/span> weiterlesen<\/a><\/p>\n","protected":false},"author":1,"featured_media":0,"parent":0,"menu_order":0,"comment_status":"closed","ping_status":"closed","template":"","meta":{"footnotes":""},"class_list":["post-1291","page","type-page","status-publish","hentry"],"_links":{"self":[{"href":"https:\/\/korsarger3500.de\/index.php\/wp-json\/wp\/v2\/pages\/1291","targetHints":{"allow":["GET"]}}],"collection":[{"href":"https:\/\/korsarger3500.de\/index.php\/wp-json\/wp\/v2\/pages"}],"about":[{"href":"https:\/\/korsarger3500.de\/index.php\/wp-json\/wp\/v2\/types\/page"}],"author":[{"embeddable":true,"href":"https:\/\/korsarger3500.de\/index.php\/wp-json\/wp\/v2\/users\/1"}],"replies":[{"embeddable":true,"href":"https:\/\/korsarger3500.de\/index.php\/wp-json\/wp\/v2\/comments?post=1291"}],"version-history":[{"count":12,"href":"https:\/\/korsarger3500.de\/index.php\/wp-json\/wp\/v2\/pages\/1291\/revisions"}],"predecessor-version":[{"id":1552,"href":"https:\/\/korsarger3500.de\/index.php\/wp-json\/wp\/v2\/pages\/1291\/revisions\/1552"}],"wp:attachment":[{"href":"https:\/\/korsarger3500.de\/index.php\/wp-json\/wp\/v2\/media?parent=1291"}],"curies":[{"name":"wp","href":"https:\/\/api.w.org\/{rel}","templated":true}]}}