{"id":1174,"date":"2016-03-19T22:10:22","date_gmt":"2016-03-19T21:10:22","guid":{"rendered":"http:\/\/korsarger3500.de\/?page_id=1174"},"modified":"2022-06-14T09:29:54","modified_gmt":"2022-06-14T07:29:54","slug":"korsarenschwert-liblar-2014","status":"publish","type":"page","link":"https:\/\/korsarger3500.de\/index.php\/korsarenschwert-liblar-2014\/","title":{"rendered":"Korsarenschwert Liblar 2014"},"content":{"rendered":"<p style=\"text-align: justify;\">Die erste Korsaren-Regatta im Jahr ist das &#8222;Silberne Korsarenschwert&#8220; in Liblar. Der Ort liegt von uns aus gesehen kurz vor K\u00f6ln und es sind nur 180 km bis dort hin. Nachdem es uns 2013 in Graben Neudorf so gut bei den Korsaren gefallen hat, sind wir also fr\u00fch im Jahr nach Liblar gefahren. Die morgendliche Fahrt durch den Eifel-Nebel hatte etwas gespenstisches, trotzdem kamen wir z\u00fcgig voran. Die Wegbeschreibung zum <a href=\"http:\/\/www.segelclubville.de\">Segel-Club \u201eVille\u201c<\/a> ist sehr gut und vor allem der Hinweis auf die Schlagl\u00f6cher ist &#8222;Gold&#8220; wert, meint der Skipper. Am See angekommen waren wir fast die Ersten. Es kamen aber bald einige Korsare und OK Jollen. OK Jollen sind Einhandboote und es gibt auch noch viele davon in Vollholz. &#8211; Sehr sch\u00f6n, das gef\u00e4llt mir. Es war kalt, trocken und es war fast windstill als der Skipper sich auf dem Steg einen Weg durch die Entenkacke suchte. Hier scheinen viele Enten den Steg als Ruhestation zu nutzen. Irgendwann kam dann Wind auf und es konnte gesegelt werden. W\u00e4hrend der Regatta rangelten wir uns mit der <em>\u00e6vint\u00fdri<\/em>, die von zwei M\u00e4dels &#8222;m\u00e4rchenhaft&#8220; gesegelt wurde. Wir trafen uns sehr oft auf der Kreuz. Am Ende waren die M\u00e4dels mit Ihrem Schiff einen Ticken schneller als wir. Abends ist die Crew dann nach Br\u00fchl gefahren, um Ihr Hotelzimmer zu suchen. Das hat sich ewig hingezogen, weil der Ort voller Einbahnstra\u00dfen und Baustellen war. Dabei haben die beiden dann auch das traditionelle Tisch-Kicker Turnier verpasst. Am Sonntag nach der Siegerehrung ging es dann wieder Richtung Heimat. Das Wetter war herrlich und es wurde eine herrliche Cabrio-Tour durch die Eifel.<\/p>\n<div id='gallery-1' class='gallery galleryid-1174 gallery-columns-4 gallery-size-thumbnail'><figure class='gallery-item'>\n\t\t\t<div class='gallery-icon landscape'>\n\t\t\t\t<a href='https:\/\/korsarger3500.de\/wp-content\/uploads\/2016\/03\/Liblar2014_09.jpg'><img loading=\"lazy\" decoding=\"async\" width=\"150\" height=\"150\" src=\"https:\/\/korsarger3500.de\/wp-content\/uploads\/2016\/03\/Liblar2014_09-150x150.jpg\" class=\"attachment-thumbnail size-thumbnail\" alt=\"\" \/><\/a>\n\t\t\t<\/div><\/figure><figure class='gallery-item'>\n\t\t\t<div class='gallery-icon landscape'>\n\t\t\t\t<a href='https:\/\/korsarger3500.de\/wp-content\/uploads\/2016\/03\/Liblar2014_08.jpg'><img loading=\"lazy\" decoding=\"async\" width=\"150\" height=\"150\" src=\"https:\/\/korsarger3500.de\/wp-content\/uploads\/2016\/03\/Liblar2014_08-150x150.jpg\" class=\"attachment-thumbnail size-thumbnail\" alt=\"\" \/><\/a>\n\t\t\t<\/div><\/figure><figure class='gallery-item'>\n\t\t\t<div class='gallery-icon landscape'>\n\t\t\t\t<a href='https:\/\/korsarger3500.de\/wp-content\/uploads\/2016\/03\/Liblar2014_07.jpg'><img loading=\"lazy\" decoding=\"async\" width=\"150\" height=\"150\" src=\"https:\/\/korsarger3500.de\/wp-content\/uploads\/2016\/03\/Liblar2014_07-150x150.jpg\" class=\"attachment-thumbnail size-thumbnail\" alt=\"\" \/><\/a>\n\t\t\t<\/div><\/figure><figure class='gallery-item'>\n\t\t\t<div class='gallery-icon landscape'>\n\t\t\t\t<a href='https:\/\/korsarger3500.de\/wp-content\/uploads\/2016\/03\/Liblar2014_05.jpg'><img loading=\"lazy\" decoding=\"async\" width=\"150\" height=\"150\" src=\"https:\/\/korsarger3500.de\/wp-content\/uploads\/2016\/03\/Liblar2014_05-150x150.jpg\" class=\"attachment-thumbnail size-thumbnail\" alt=\"\" \/><\/a>\n\t\t\t<\/div><\/figure><figure class='gallery-item'>\n\t\t\t<div class='gallery-icon landscape'>\n\t\t\t\t<a href='https:\/\/korsarger3500.de\/wp-content\/uploads\/2016\/03\/Liblar2014_04.jpg'><img loading=\"lazy\" decoding=\"async\" width=\"150\" height=\"150\" src=\"https:\/\/korsarger3500.de\/wp-content\/uploads\/2016\/03\/Liblar2014_04-150x150.jpg\" class=\"attachment-thumbnail size-thumbnail\" alt=\"\" \/><\/a>\n\t\t\t<\/div><\/figure><figure class='gallery-item'>\n\t\t\t<div class='gallery-icon landscape'>\n\t\t\t\t<a href='https:\/\/korsarger3500.de\/wp-content\/uploads\/2016\/03\/Liblar2014_01-1.jpg'><img loading=\"lazy\" decoding=\"async\" width=\"150\" height=\"150\" src=\"https:\/\/korsarger3500.de\/wp-content\/uploads\/2016\/03\/Liblar2014_01-1-150x150.jpg\" class=\"attachment-thumbnail size-thumbnail\" alt=\"\" \/><\/a>\n\t\t\t<\/div><\/figure>\n\t\t<\/div>\n\n<p>ah-so gewonnen hat der <em>Kornbl\u00fcmchen<\/em> mit Ralf und Silke<\/p>\n<p><a href=\"https:\/\/korsarger3500.de\/wp-content\/uploads\/2022\/06\/2014_Liblar.jpg\" data-lbwps-width=\"955\" data-lbwps-height=\"306\" data-lbwps-srcsmall=\"https:\/\/korsarger3500.de\/wp-content\/uploads\/2022\/06\/2014_Liblar-300x96.jpg\">Ergebnis<\/a><\/p>\n<p><a href=\"http:\/\/korsarger3500.de\/index.php\/2014-trapezregatta-steinhude\/\">weiter &#8230;<\/a>oder zur <a href=\"http:\/\/korsarger3500.de\/\">Startseite<\/a><\/p>\n","protected":false},"excerpt":{"rendered":"<p>Die erste Korsaren-Regatta im Jahr ist das &#8222;Silberne Korsarenschwert&#8220; in Liblar. Der Ort liegt von uns aus gesehen kurz vor K\u00f6ln und es sind nur 180 km bis dort hin. Nachdem es uns 2013 in Graben Neudorf so gut bei den Korsaren gefallen hat, sind wir also fr\u00fch im Jahr nach Liblar gefahren. Die morgendliche &hellip; <a href=\"https:\/\/korsarger3500.de\/index.php\/korsarenschwert-liblar-2014\/\" class=\"more-link\"><span class=\"screen-reader-text\">Korsarenschwert Liblar 2014<\/span> weiterlesen<\/a><\/p>\n","protected":false},"author":1,"featured_media":0,"parent":0,"menu_order":0,"comment_status":"closed","ping_status":"closed","template":"","meta":{"footnotes":""},"class_list":["post-1174","page","type-page","status-publish","hentry"],"_links":{"self":[{"href":"https:\/\/korsarger3500.de\/index.php\/wp-json\/wp\/v2\/pages\/1174","targetHints":{"allow":["GET"]}}],"collection":[{"href":"https:\/\/korsarger3500.de\/index.php\/wp-json\/wp\/v2\/pages"}],"about":[{"href":"https:\/\/korsarger3500.de\/index.php\/wp-json\/wp\/v2\/types\/page"}],"author":[{"embeddable":true,"href":"https:\/\/korsarger3500.de\/index.php\/wp-json\/wp\/v2\/users\/1"}],"replies":[{"embeddable":true,"href":"https:\/\/korsarger3500.de\/index.php\/wp-json\/wp\/v2\/comments?post=1174"}],"version-history":[{"count":22,"href":"https:\/\/korsarger3500.de\/index.php\/wp-json\/wp\/v2\/pages\/1174\/revisions"}],"predecessor-version":[{"id":7915,"href":"https:\/\/korsarger3500.de\/index.php\/wp-json\/wp\/v2\/pages\/1174\/revisions\/7915"}],"wp:attachment":[{"href":"https:\/\/korsarger3500.de\/index.php\/wp-json\/wp\/v2\/media?parent=1174"}],"curies":[{"name":"wp","href":"https:\/\/api.w.org\/{rel}","templated":true}]}}