{"id":100,"date":"2016-01-18T09:10:00","date_gmt":"2016-01-18T09:10:00","guid":{"rendered":"http:\/\/korsarger3500.de\/?page_id=100"},"modified":"2023-12-18T08:21:44","modified_gmt":"2023-12-18T07:21:44","slug":"regatta-2012","status":"publish","type":"page","link":"https:\/\/korsarger3500.de\/index.php\/regatta-2012\/","title":{"rendered":"Regatta 2012 \/ 2013"},"content":{"rendered":"<p style=\"text-align: justify;\"><strong> 2012<\/strong><\/p>\n<p style=\"text-align: justify;\">Die erste Wettfahrt die wir drei bestritten, war die Vereinsmeisterschaft des RSC. Dort tummelten wir uns bei hei\u00dfen Temperaturen und wenig Wind mit 11 anderen Schiffen aus vielen Klassen auf dem See. Zum Kennenlernen war das genau das richtige. Die Crew hat noch keinen Plan von mir und meinen Eigenschaften, aber sie werden die Feinheiten schon noch heraus finden. Der Wind hat oft gedreht und ist dann auch mal eingeschlafen. Es kamen aber alle irgendwann auch ins Ziel. Gewonnen hat ein 470er, ganz knapp vor mir, was aber nichts hei\u00dfen will.\u00a0Es war\u00a0ja eine Ausgleicher-Regatta.\u00a0Hab geh\u00f6rt der 470\u00a0gewinnt da immer. Auf jeden Fall hat es\u00a0uns Dreien schon mal viel Spass bereitet. Das war 2012 auch die einzige Regatta die wir gesegelt sind.<\/p>\n<div id='gallery-1' class='gallery galleryid-100 gallery-columns-4 gallery-size-thumbnail'><figure class='gallery-item'>\n\t\t\t<div class='gallery-icon landscape'>\n\t\t\t\t<a href='https:\/\/korsarger3500.de\/wp-content\/uploads\/2016\/01\/RSC_2012_14.jpg'><img loading=\"lazy\" decoding=\"async\" width=\"150\" height=\"150\" src=\"https:\/\/korsarger3500.de\/wp-content\/uploads\/2016\/01\/RSC_2012_14-150x150.jpg\" class=\"attachment-thumbnail size-thumbnail\" alt=\"\" \/><\/a>\n\t\t\t<\/div><\/figure><figure class='gallery-item'>\n\t\t\t<div class='gallery-icon landscape'>\n\t\t\t\t<a href='https:\/\/korsarger3500.de\/wp-content\/uploads\/2016\/01\/RSC_2012_13.jpg'><img loading=\"lazy\" decoding=\"async\" width=\"150\" height=\"150\" src=\"https:\/\/korsarger3500.de\/wp-content\/uploads\/2016\/01\/RSC_2012_13-150x150.jpg\" class=\"attachment-thumbnail size-thumbnail\" alt=\"\" \/><\/a>\n\t\t\t<\/div><\/figure><figure class='gallery-item'>\n\t\t\t<div class='gallery-icon landscape'>\n\t\t\t\t<a href='https:\/\/korsarger3500.de\/wp-content\/uploads\/2016\/01\/RSC_2012_12.jpg'><img loading=\"lazy\" decoding=\"async\" width=\"150\" height=\"150\" src=\"https:\/\/korsarger3500.de\/wp-content\/uploads\/2016\/01\/RSC_2012_12-150x150.jpg\" class=\"attachment-thumbnail size-thumbnail\" alt=\"\" \/><\/a>\n\t\t\t<\/div><\/figure><figure class='gallery-item'>\n\t\t\t<div class='gallery-icon landscape'>\n\t\t\t\t<a href='https:\/\/korsarger3500.de\/wp-content\/uploads\/2016\/01\/RSC_2012_11.jpg'><img loading=\"lazy\" decoding=\"async\" width=\"150\" height=\"150\" src=\"https:\/\/korsarger3500.de\/wp-content\/uploads\/2016\/01\/RSC_2012_11-150x150.jpg\" class=\"attachment-thumbnail size-thumbnail\" alt=\"\" \/><\/a>\n\t\t\t<\/div><\/figure><figure class='gallery-item'>\n\t\t\t<div class='gallery-icon landscape'>\n\t\t\t\t<a href='https:\/\/korsarger3500.de\/wp-content\/uploads\/2016\/01\/RSC_2012_10.jpg'><img loading=\"lazy\" decoding=\"async\" width=\"150\" height=\"150\" src=\"https:\/\/korsarger3500.de\/wp-content\/uploads\/2016\/01\/RSC_2012_10-150x150.jpg\" class=\"attachment-thumbnail size-thumbnail\" alt=\"\" \/><\/a>\n\t\t\t<\/div><\/figure><figure class='gallery-item'>\n\t\t\t<div class='gallery-icon landscape'>\n\t\t\t\t<a href='https:\/\/korsarger3500.de\/wp-content\/uploads\/2016\/01\/RSC_2012_09.jpg'><img loading=\"lazy\" decoding=\"async\" width=\"150\" height=\"150\" src=\"https:\/\/korsarger3500.de\/wp-content\/uploads\/2016\/01\/RSC_2012_09-150x150.jpg\" class=\"attachment-thumbnail size-thumbnail\" alt=\"\" \/><\/a>\n\t\t\t<\/div><\/figure><figure class='gallery-item'>\n\t\t\t<div class='gallery-icon landscape'>\n\t\t\t\t<a href='https:\/\/korsarger3500.de\/wp-content\/uploads\/2016\/01\/RSC_2012_08.jpg'><img loading=\"lazy\" decoding=\"async\" width=\"150\" height=\"150\" src=\"https:\/\/korsarger3500.de\/wp-content\/uploads\/2016\/01\/RSC_2012_08-150x150.jpg\" class=\"attachment-thumbnail size-thumbnail\" alt=\"\" \/><\/a>\n\t\t\t<\/div><\/figure><figure class='gallery-item'>\n\t\t\t<div class='gallery-icon landscape'>\n\t\t\t\t<a href='https:\/\/korsarger3500.de\/wp-content\/uploads\/2016\/01\/RSC_2012_07.jpg'><img loading=\"lazy\" decoding=\"async\" width=\"150\" height=\"150\" src=\"https:\/\/korsarger3500.de\/wp-content\/uploads\/2016\/01\/RSC_2012_07-150x150.jpg\" class=\"attachment-thumbnail size-thumbnail\" alt=\"\" \/><\/a>\n\t\t\t<\/div><\/figure><figure class='gallery-item'>\n\t\t\t<div class='gallery-icon landscape'>\n\t\t\t\t<a href='https:\/\/korsarger3500.de\/wp-content\/uploads\/2016\/01\/RSC_2012_01.jpg'><img loading=\"lazy\" decoding=\"async\" width=\"150\" height=\"150\" src=\"https:\/\/korsarger3500.de\/wp-content\/uploads\/2016\/01\/RSC_2012_01-150x150.jpg\" class=\"attachment-thumbnail size-thumbnail\" alt=\"\" \/><\/a>\n\t\t\t<\/div><\/figure><figure class='gallery-item'>\n\t\t\t<div class='gallery-icon landscape'>\n\t\t\t\t<a href='https:\/\/korsarger3500.de\/wp-content\/uploads\/2016\/01\/RSC_2012_02.jpg'><img loading=\"lazy\" decoding=\"async\" width=\"150\" height=\"150\" src=\"https:\/\/korsarger3500.de\/wp-content\/uploads\/2016\/01\/RSC_2012_02-150x150.jpg\" class=\"attachment-thumbnail size-thumbnail\" alt=\"\" \/><\/a>\n\t\t\t<\/div><\/figure><figure class='gallery-item'>\n\t\t\t<div class='gallery-icon landscape'>\n\t\t\t\t<a href='https:\/\/korsarger3500.de\/wp-content\/uploads\/2016\/01\/RSC_2012_03.jpg'><img loading=\"lazy\" decoding=\"async\" width=\"150\" height=\"150\" src=\"https:\/\/korsarger3500.de\/wp-content\/uploads\/2016\/01\/RSC_2012_03-150x150.jpg\" class=\"attachment-thumbnail size-thumbnail\" alt=\"\" \/><\/a>\n\t\t\t<\/div><\/figure><figure class='gallery-item'>\n\t\t\t<div class='gallery-icon landscape'>\n\t\t\t\t<a href='https:\/\/korsarger3500.de\/wp-content\/uploads\/2016\/01\/RSC_2012_04.jpg'><img loading=\"lazy\" decoding=\"async\" width=\"150\" height=\"150\" src=\"https:\/\/korsarger3500.de\/wp-content\/uploads\/2016\/01\/RSC_2012_04-150x150.jpg\" class=\"attachment-thumbnail size-thumbnail\" alt=\"\" \/><\/a>\n\t\t\t<\/div><\/figure><figure class='gallery-item'>\n\t\t\t<div class='gallery-icon landscape'>\n\t\t\t\t<a href='https:\/\/korsarger3500.de\/wp-content\/uploads\/2016\/01\/RSC_2012_05.jpg'><img loading=\"lazy\" decoding=\"async\" width=\"150\" height=\"150\" src=\"https:\/\/korsarger3500.de\/wp-content\/uploads\/2016\/01\/RSC_2012_05-150x150.jpg\" class=\"attachment-thumbnail size-thumbnail\" alt=\"\" \/><\/a>\n\t\t\t<\/div><\/figure><figure class='gallery-item'>\n\t\t\t<div class='gallery-icon landscape'>\n\t\t\t\t<a href='https:\/\/korsarger3500.de\/wp-content\/uploads\/2016\/01\/RSC_2012_06.jpg'><img loading=\"lazy\" decoding=\"async\" width=\"150\" height=\"150\" src=\"https:\/\/korsarger3500.de\/wp-content\/uploads\/2016\/01\/RSC_2012_06-150x150.jpg\" class=\"attachment-thumbnail size-thumbnail\" alt=\"\" \/><\/a>\n\t\t\t<\/div><\/figure>\n\t\t<\/div>\n\n<p style=\"text-align: justify;\"><strong>2013\u00a0 Der Spargelcup in Graben-Neudorf<br \/>\n<\/strong><\/p>\n<p style=\"text-align: justify;\">Die erste richtige Regatta, eine nur mit Korsaren, die wir besuchten war der Spargelcup 2013 in Graben-Neudorf beim <a href=\"http:\/\/www.scgn.de\">SCGN<\/a>. Das Revier hei\u00dft Hardtsee-Bruhrain. Warum die Regatta Spargelcup hei\u00dft, sollte sich erst sp\u00e4ter herausstellen. Mein Bauch war voll gepackt mit allen Segeln, Werkzeug und Ersatzmaterial. Die Fahrt ging am Samstag morgens los, das Wetter war herrlich, die Crew im offenen Cabrio vor mir in bester Laune. Ich lie\u00df mich von einer Kurve durch die n\u00e4chste ziehen und freute mich endlich mal wieder Korsare zu sehen. Vieleicht kennt mich ja noch jemand von fr\u00fcher. Als wir ankamen waren schon einige Schiffe mit ihren Crews da. Scheinbar war das Bild, das wir abgaben, etwas ungewohnt. Auf jeden<a href=\"https:\/\/korsarger3500.de\/wp-content\/uploads\/2016\/01\/Gn001.jpg\" rel=\"attachment wp-att-1096\" data-lbwps-width=\"1021\" data-lbwps-height=\"610\" data-lbwps-srcsmall=\"https:\/\/korsarger3500.de\/wp-content\/uploads\/2016\/01\/Gn001-300x179.jpg\"><img loading=\"lazy\" decoding=\"async\" class=\"alignright wp-image-1096 size-thumbnail\" src=\"https:\/\/korsarger3500.de\/wp-content\/uploads\/2016\/01\/Gn001-150x150.jpg\" alt=\"GN Wiese\" width=\"150\" height=\"150\" \/><\/a> Fall hat man gleich mal Bilder von mir und meinem Gespann gemacht. Die Crew war da nicht so interessant. Das Clubgel\u00e4nde ist sch\u00f6n gro\u00df, man hat Platz genug zum rangieren und ich bekam von Platzwart einen Platz auf der Wiese zugewiesen, wo ich stehen konnte und sp\u00e4ter dann aufgebaut wurde. Die Crew verschwand im Clubhaus um sich anzumelden und ich wartete ungeduldig darauf ausgepackt zu werden. Bald darauf waren die beiden wieder da und ich wurde aufgebaut. Es kamen sofort andere Crews vorbei und interessierten sich f\u00fcr mich. Wo kam ich her? Welche Regatten war ich gesegelt? Und wer war die Crew??. Fragen \u00fcber Fragen, die die Crew soweit sie konnte alle beantwortete. Ein \u00e4lterer Segler erkannte mich noch. &#8222;Das ist doch das alte Schiff von Heiner K. aus S. oder? Der hat bei der Vermessung und beim Wiegen des Boots immer nasse Schoten reingelegt damit er die 100 KG kriegt&#8220;. Seht Ihr &#8211; Ich wuste doch das ich nicht zu schwer bin,\u00a0aber von wegen alt. Und wie das Deck noch aussieht &#8211; fast wie neu &#8211; kein Wunder denn das hat der Skipper auch gerade neu \u00fcberarbeitet. <a href=\"https:\/\/korsarger3500.de\/wp-content\/uploads\/2016\/01\/Gn006.jpg\" rel=\"attachment wp-att-1102\" data-lbwps-width=\"773\" data-lbwps-height=\"546\" data-lbwps-srcsmall=\"https:\/\/korsarger3500.de\/wp-content\/uploads\/2016\/01\/Gn006-300x212.jpg\"><img loading=\"lazy\" decoding=\"async\" class=\"alignleft wp-image-1102 size-thumbnail\" src=\"https:\/\/korsarger3500.de\/wp-content\/uploads\/2016\/01\/Gn006-150x150.jpg\" alt=\"GN Fachsimpeln\" width=\"150\" height=\"150\" \/><\/a>Und schon waren die Anwesenden mitten im Fachsimpeln \u00fcber alte und neue Schiffe, sind Holz oder Plastik Boote besser und die ganzen anderen Kleinigkeiten die sich so mit dem Segeln befassen. Nat\u00fcrlich wurde die Crew auch ausgefragt wo sie bisher gesegelt ist und wie sie zu mir gekommen sind. Da gab\u2018s nicht viel zu sagen, es war ja die erste Korsarenregatta f\u00fcr die beiden. Irgendwann stand dann auch mein Mast und die beiden sind ab zur Steuermannsbesprechung. Ich schaute mich derweilen um und sah auch einen alten Bekannten, Tschumis 3562, ein Schiff aus meiner Zeit, ein Vollholz-Korsar. Den segelten jetzt zwei junge Kerle und das auch sehr erfolgreich. <a href=\"https:\/\/korsarger3500.de\/wp-content\/uploads\/2016\/01\/Gn003.jpg\" rel=\"attachment wp-att-1098\" data-lbwps-width=\"811\" data-lbwps-height=\"536\" data-lbwps-srcsmall=\"https:\/\/korsarger3500.de\/wp-content\/uploads\/2016\/01\/Gn003-300x198.jpg\"><img loading=\"lazy\" decoding=\"async\" class=\"alignright wp-image-1098 size-thumbnail\" src=\"https:\/\/korsarger3500.de\/wp-content\/uploads\/2016\/01\/Gn003-150x150.jpg\" alt=\"GN\" width=\"150\" height=\"150\" \/><\/a>Dann ging es los und aufs Wasser. Es waren 21 Korsare gemeldet und wir segelten alle Richtung Startlinie. Ich muss schon sagen, dass ich langsam nerv\u00f6s wurde. Nach so vielen Jahre wieder die Linie auf und ab zu segeln um die richtige Startposition zu suchen, war schon was ganz Besonderes. Aber genau dieser Nervenkitzel macht es aus &#8211; dass Regattasegeln. Die Crew passte sehr gut auf, damit wir uns in kein Gedr\u00e4nge man\u00f6vrierten.\u00a0 Sie pr\u00e4gten eine Formel die sie ab jetzt f\u00fcr alle Regatten anwenden wollen.<\/p>\n<h4 style=\"text-align: center;\"><em>Nix kaputt machen und versuchen nicht Letzter zu werden<\/em><\/h4>\n<p style=\"text-align: justify;\">Der Startschuss war nur noch Sekunden entfernt und wir st\u00fcrmten alle in Richtung Startlinie. Wir drei segelten in zweiter Reihe, aber direkt neben dem Startschiff \u00fcber die Linie &#8211; gar nicht so \u00fcbel f\u00fcr das erste Mal &#8211; und es lagen einige noch Schiffe in Lee hinter uns. F\u00fcnf Wenden sp\u00e4ter sollte unser Leitspruch schon auf die erste Probe gestellt werden. Zuerst dachte ich\u00a0 mir wird schwindelig. Ich drehte nach der Wende weiter und weiter und musste unfreiwillig halsen. Dann sah ich, dass der Skipper den Pinnenausleger abgerissen hatte, naja er hatte Ihn zu mindestens in der Hand. Nachdem er mich dann wieder auf Kurs gebracht\u00a0 und das Verbindungsgelenk untersucht hatte, stellte sich heraus, dass das Teil schon lange h\u00e4tte erneuert werden m\u00fcssen, es war schon angerissen. Er konnte also nix daf\u00fcr. Er wollte dann noch die Pinne und den Ausleger provisorisch mit einem Tampen verbinden, aber das funktionierte irgendwie nicht. Wir mussten also die Wettfahrt ohne Ausleger weiter bestreiten. Da der Wind mit 2-3 Windst\u00e4rken beherrschbar war ging das so einigerma\u00dfen. Wir k\u00e4mpften uns um die Runden und kamen auch ins Ziel. Zwar ganz weit hinten im Feld aber immerhin nicht als Letzter. Das dies bei weitem nicht das letzte mal war das die Beiden \u00fcber diesen Spruch nachdenken werden war mir sofort klar, und Sie werden es auch noch merken. Nach der Wettfahrt sahen die Jungs, die den 3562 segelten, dass wir einen Defekt an der Pinne hatten. Als erfahrene Segler hatten sie nat\u00fcrlich einen Ersatzausleger samt Gummigelenk in Ihrem WOMO. Den stellten Sie uns zur Verf\u00fcgung so dass wir den n\u00e4chsten Lauf wieder voll funktionsf\u00e4hig bestreiten konnten. Das war mal super nett von den beiden! Am Start zur 2. Wettfahrt lagen (standen) wir neben einem fliederfarbenem Plastikkorsar und dem sind wir wohl in Luv zu sehr auf die Pelle ger\u00fcckt. Der Steuermann hat sehr mit uns geschimpft und uns zur Seite geschoben. Immer eine Arml\u00e4nge Luft zwischen den Schiffen, das muss der Skipper sich behalten. Wir segelten die Wettfahrt ohne Probleme. Meine Crew k\u00e4mpften mit dem Wind, den anderen Schiffen und nicht zuletzt auch mit mir und sie erstritten sich wieder einen Platz im hinteren Drittel des Feldes. Wieso sie mit mir gek\u00e4mpft haben? Na, weil sie meine Trimeinrichtungen noch nicht kennen und noch keinen Schimmer vom gutem Trimm haben. Aber das wird bestimmt noch. Nach der Wettfahrt wurden wir<a href=\"https:\/\/korsarger3500.de\/wp-content\/uploads\/2016\/01\/Gn002.jpg\" rel=\"attachment wp-att-1097\" data-lbwps-width=\"803\" data-lbwps-height=\"428\" data-lbwps-srcsmall=\"https:\/\/korsarger3500.de\/wp-content\/uploads\/2016\/01\/Gn002-300x160.jpg\"><img loading=\"lazy\" decoding=\"async\" class=\"alignright wp-image-1097 size-thumbnail\" src=\"https:\/\/korsarger3500.de\/wp-content\/uploads\/2016\/01\/Gn002-150x150.jpg\" alt=\"Seglerhock\" width=\"150\" height=\"150\" \/><\/a> Schiffe auf der Wiese geparkt und die Crews gingen zu Seglerhock. So hei\u00dft das gem\u00fctliche Beisammensein, bei Bier und lecker Essen. Hier in Graben-Neudorf wird immer ein Lagerfeuer gebaut. Da sa\u00dfen die Crews dann auch bis sp\u00e4t in die Nacht und es gab f\u00fcr die Neulinge viel zu erfahren und viele Tips. Das ist bei den Korsaren so, &#8211; auf dem Wasser bei der Regatta das Korsarenschwert zwischen den Z\u00e4hnen und sobald die Ziellinie durchfahren ist, hilfsbereit ohne Ende &#8211; aber das wusste ich ja schon. Am n\u00e4chsten Tag war leider kein Wind, sodass keine Wettfahrt mehr zu Stande kam. Die Segler vertrieben sich die Zeit mit Smalltalk und Fachsimpelei ums segeln. Gegen Nachmittag fand dann die Siegerehrung statt und dann sahen wir auch warum die Regatta Spargelcup<a href=\"https:\/\/korsarger3500.de\/wp-content\/uploads\/2016\/01\/Gn004.jpg\" rel=\"attachment wp-att-1099\" data-lbwps-width=\"889\" data-lbwps-height=\"603\" data-lbwps-srcsmall=\"https:\/\/korsarger3500.de\/wp-content\/uploads\/2016\/01\/Gn004-300x203.jpg\"><img loading=\"lazy\" decoding=\"async\" class=\"alignleft wp-image-1099 size-thumbnail\" src=\"https:\/\/korsarger3500.de\/wp-content\/uploads\/2016\/01\/Gn004-150x150.jpg\" alt=\"Spargelcup\" width=\"150\" height=\"150\" \/><\/a> hei\u00dft. Jede Mannschaft erh\u00e4lt ein Pfund frischen Spargel aus der Region samt Petersilienstrauch und eine Flasche Wein. Bei den ersten drei Pl\u00e4tzen f\u00e4llt die Spargelmenge noch etwas gr\u00f6\u00dfer aus und es sind neben Schinken auch 2 Flaschen Wein im Korb. Nach der Siegerehrung machten sich dann alle auf den Nachhause- weg, wir auch. Es wurde eine sehr sch\u00f6ne Heimfahrt durch den Pf\u00e4lzer Wald in den lauen Sommerabend hinein. Es gab viele Eindr\u00fccke zu verarbeiten und zu bereden. Ah-ja den Pinnenausleger haben wir den Jungs nat\u00fcrlich wieder zur\u00fcckgegeben und uns auch sehr bedankt. Gewonnen hat der Fliederfarbene, die 3562 Jungs Daniel und Christian wurden Siebte und wir wurden Siebzehnter und damit nicht Letzter. F\u00fcrs erste Mal nicht schlecht.<\/p>\n<p style=\"text-align: justify;\"><strong>Eins ist sicher: Da wollen wir alle drei wieder hin&#8230;<\/strong><\/p>\n<p><a href=\"https:\/\/korsarger3500.de\/index.php\/regatta-2014\/\">weiter &#8230;<\/a>oder zur <a href=\"http:\/\/korsarger3500.de\/\">Startseite<\/a><\/p>\n","protected":false},"excerpt":{"rendered":"<p>2012 Die erste Wettfahrt die wir drei bestritten, war die Vereinsmeisterschaft des RSC. Dort tummelten wir uns bei hei\u00dfen Temperaturen und wenig Wind mit 11 anderen Schiffen aus vielen Klassen auf dem See. Zum Kennenlernen war das genau das richtige. Die Crew hat noch keinen Plan von mir und meinen Eigenschaften, aber sie werden die &hellip; <a href=\"https:\/\/korsarger3500.de\/index.php\/regatta-2012\/\" class=\"more-link\"><span class=\"screen-reader-text\">Regatta 2012 \/ 2013<\/span> weiterlesen<\/a><\/p>\n","protected":false},"author":1,"featured_media":0,"parent":0,"menu_order":0,"comment_status":"closed","ping_status":"closed","template":"","meta":{"footnotes":""},"class_list":["post-100","page","type-page","status-publish","hentry"],"_links":{"self":[{"href":"https:\/\/korsarger3500.de\/index.php\/wp-json\/wp\/v2\/pages\/100","targetHints":{"allow":["GET"]}}],"collection":[{"href":"https:\/\/korsarger3500.de\/index.php\/wp-json\/wp\/v2\/pages"}],"about":[{"href":"https:\/\/korsarger3500.de\/index.php\/wp-json\/wp\/v2\/types\/page"}],"author":[{"embeddable":true,"href":"https:\/\/korsarger3500.de\/index.php\/wp-json\/wp\/v2\/users\/1"}],"replies":[{"embeddable":true,"href":"https:\/\/korsarger3500.de\/index.php\/wp-json\/wp\/v2\/comments?post=100"}],"version-history":[{"count":51,"href":"https:\/\/korsarger3500.de\/index.php\/wp-json\/wp\/v2\/pages\/100\/revisions"}],"predecessor-version":[{"id":9003,"href":"https:\/\/korsarger3500.de\/index.php\/wp-json\/wp\/v2\/pages\/100\/revisions\/9003"}],"wp:attachment":[{"href":"https:\/\/korsarger3500.de\/index.php\/wp-json\/wp\/v2\/media?parent=100"}],"curies":[{"name":"wp","href":"https:\/\/api.w.org\/{rel}","templated":true}]}}